{"id":420,"date":"2025-06-07T13:56:27","date_gmt":"2025-06-07T11:56:27","guid":{"rendered":"https:\/\/www.peelbergen.eu\/nieuw\/?page_id=420"},"modified":"2025-12-18T12:33:21","modified_gmt":"2025-12-18T11:33:21","slug":"dressage-competitions","status":"publish","type":"page","link":"https:\/\/www.peelbergen.eu\/de\/dressage\/dressage-competitions\/","title":{"rendered":"Dressurpr\u00fcfungen"},"content":{"rendered":"<style type=\"text\/css\" data-created_by=\"avia_inline_auto\" id=\"style-css-av-71k93-1bc863f458e7b8e9417f9a66825aef4a\">\n.avia-section.av-71k93-1bc863f458e7b8e9417f9a66825aef4a{\nbackground-color:#000000;\nbackground-image:url(https:\/\/www.peelbergen.eu\/wp-content\/uploads\/2025\/06\/Untitled-design-17.png);\nbackground-repeat:no-repeat;\nbackground-position:50% 0%;\nbackground-attachment:scroll;\n}\n<\/style>\n<div id='av_section_1'  class='avia-section av-71k93-1bc863f458e7b8e9417f9a66825aef4a main_color avia-section-default avia-no-border-styling  avia-builder-el-0  avia-builder-el-no-sibling  avia-full-contain avia-bg-style-scroll container_wrap fullsize'  data-section-bg-repeat='contain'><div class='container av-section-cont-open' ><main  role=\"main\" itemprop=\"mainContentOfPage\"  class='template-page content  av-content-full alpha units'><div class='post-entry post-entry-type-page post-entry-420'><div class='entry-content-wrapper clearfix'>\n\n<style type=\"text\/css\" data-created_by=\"avia_inline_auto\" id=\"style-css-av-6bwvf-210dfc51fdad08a866e3cca957e6b2d0\">\n#top .flex_column.av-6bwvf-210dfc51fdad08a866e3cca957e6b2d0{\nmargin-top:0px;\nmargin-bottom:0px;\n}\n.responsive #top #wrap_all .flex_column.av-6bwvf-210dfc51fdad08a866e3cca957e6b2d0{\nmargin-top:0px;\nmargin-bottom:0px;\n}\n\n@media only screen and (min-width: 990px){ \n#top .flex_column.av-6bwvf-210dfc51fdad08a866e3cca957e6b2d0{\nmargin-top:130px;\nmargin-bottom:90px;\n}\n.responsive #top #wrap_all .flex_column.av-6bwvf-210dfc51fdad08a866e3cca957e6b2d0{\nmargin-top:130px;\nmargin-bottom:90px;\n}\n}\n<\/style>\n<div  class='flex_column av-6bwvf-210dfc51fdad08a866e3cca957e6b2d0 av_one_fifth  avia-builder-el-1  el_before_av_three_fifth  avia-builder-el-first  first flex_column_div'     ><\/div>\n<style type=\"text\/css\" data-created_by=\"avia_inline_auto\" id=\"style-css-av-5kmb7-625deafa74cca9b9f046bcb2b243cdca\">\n#top .flex_column.av-5kmb7-625deafa74cca9b9f046bcb2b243cdca{\nmargin-top:0px;\nmargin-bottom:0px;\n}\n.responsive #top #wrap_all .flex_column.av-5kmb7-625deafa74cca9b9f046bcb2b243cdca{\nmargin-top:0px;\nmargin-bottom:0px;\n}\n\n@media only screen and (min-width: 990px){ \n#top .flex_column.av-5kmb7-625deafa74cca9b9f046bcb2b243cdca{\nmargin-top:130px;\nmargin-bottom:90px;\n}\n.responsive #top #wrap_all .flex_column.av-5kmb7-625deafa74cca9b9f046bcb2b243cdca{\nmargin-top:130px;\nmargin-bottom:90px;\n}\n}\n<\/style>\n<div  class='flex_column av-5kmb7-625deafa74cca9b9f046bcb2b243cdca av_three_fifth  avia-builder-el-2  el_after_av_one_fifth  el_before_av_one_fifth  flex_column_div'     ><p>\n<style type=\"text\/css\" data-created_by=\"avia_inline_auto\" id=\"style-css-av-macdjgot-277c52b8f91f2ae8b98234fb4a5e417c\">\n#top .av-special-heading.av-macdjgot-277c52b8f91f2ae8b98234fb4a5e417c{\ncolor:#ffffff;\n}\nbody .av-special-heading.av-macdjgot-277c52b8f91f2ae8b98234fb4a5e417c .av-special-heading-tag .heading-char{\nfont-size:25px;\n}\n.av-special-heading.av-macdjgot-277c52b8f91f2ae8b98234fb4a5e417c .special-heading-inner-border{\nborder-color:#ffffff;\n}\n.av-special-heading.av-macdjgot-277c52b8f91f2ae8b98234fb4a5e417c .av-subheading{\nfont-size:15px;\n}\n<\/style>\n<div  class='av-special-heading av-macdjgot-277c52b8f91f2ae8b98234fb4a5e417c av-special-heading-h1 custom-color-heading blockquote modern-quote modern-centered  avia-builder-el-3  el_before_av_textblock  avia-builder-el-first'><h1 class='av-special-heading-tag'  itemprop=\"headline\"  >International <span class='special_amp'>&amp;<\/span> Nationale Dressurwettbewerbe<\/h1><div class=\"special-heading-border\"><div class=\"special-heading-inner-border\"><\/div><\/div><\/div><br \/>\n\n<style type=\"text\/css\" data-created_by=\"avia_inline_auto\" id=\"style-css-av-m9tw68cs-108a6f5ff1fbf6d7d83d20a4f85883bd\">\n#top .av_textblock_section.av-m9tw68cs-108a6f5ff1fbf6d7d83d20a4f85883bd .avia_textblock{\ncolor:#ffffff;\n}\n<\/style>\n<section  class='av_textblock_section av-m9tw68cs-108a6f5ff1fbf6d7d83d20a4f85883bd'   itemscope=\"itemscope\" itemtype=\"https:\/\/schema.org\/CreativeWork\" ><div class='avia_textblock av_inherit_color'  itemprop=\"text\" ><p style=\"text-align: center;\" data-start=\"152\" data-end=\"531\">Peelbergen empf\u00e4ngt regelm\u00e4\u00dfig hochkar\u00e4tige internationale Reiter zu CDI- und CPEDI-Wettbewerben. Diese Veranstaltungen, an denen die Elite der Dressur- und Para-Dressur-Sportler aus der ganzen Welt teilnimmt, sind ein Highlight im internationalen Kalender. Das ganze Jahr \u00fcber organisieren wir auch verschiedene KNHS-Dressurwettbewerbe f\u00fcr Pferde und Ponys. Diese nationalen Turniere bieten Reitern aller Niveaus eine gro\u00dfartige Plattform, um sich in einem professionellen Umfeld zu messen.<\/p>\n<p style=\"text-align: center;\" data-start=\"152\" data-end=\"531\"><em data-start=\"480\" data-end=\"531\">Bitte beachten Sie, dass alle Daten ge\u00e4ndert werden k\u00f6nnen.<\/em><\/p>\n<\/div><\/section><\/p><\/div>\n<style type=\"text\/css\" data-created_by=\"avia_inline_auto\" id=\"style-css-av-4vrv7-c5ecb40aeb3bac6ec004c338da8d94a5\">\n#top .flex_column.av-4vrv7-c5ecb40aeb3bac6ec004c338da8d94a5{\nmargin-top:0px;\nmargin-bottom:0px;\n}\n.responsive #top #wrap_all .flex_column.av-4vrv7-c5ecb40aeb3bac6ec004c338da8d94a5{\nmargin-top:0px;\nmargin-bottom:0px;\n}\n\n@media only screen and (min-width: 990px){ \n#top .flex_column.av-4vrv7-c5ecb40aeb3bac6ec004c338da8d94a5{\nmargin-top:130px;\nmargin-bottom:90px;\n}\n.responsive #top #wrap_all .flex_column.av-4vrv7-c5ecb40aeb3bac6ec004c338da8d94a5{\nmargin-top:130px;\nmargin-bottom:90px;\n}\n}\n<\/style>\n<div  class='flex_column av-4vrv7-c5ecb40aeb3bac6ec004c338da8d94a5 av_one_fifth  avia-builder-el-5  el_after_av_three_fifth  el_before_av_one_third  flex_column_div'     ><\/div><div class='flex_column_table av-rdnw-15d474bfb1b36d2bfacb1c185fb6d072 sc-av_one_third av-equal-height-column-flextable'>\n<style type=\"text\/css\" data-created_by=\"avia_inline_auto\" id=\"style-css-av-rdnw-15d474bfb1b36d2bfacb1c185fb6d072\">\n.flex_column.av-rdnw-15d474bfb1b36d2bfacb1c185fb6d072{\nwidth:31.333333333333%;\nmargin-left:0;\nborder-radius:20px 20px 20px 20px;\nbackground-color:#f0f0f0;\n}\n#top .flex_column_table.av-equal-height-column-flextable.av-rdnw-15d474bfb1b36d2bfacb1c185fb6d072 .av-flex-placeholder{\nwidth:3%;\n}\n<\/style>\n<div  class='flex_column av-rdnw-15d474bfb1b36d2bfacb1c185fb6d072 av_one_third  avia-builder-el-6  el_after_av_one_fifth  el_before_av_one_third  event first flex_column_table_cell av-equal-height-column av-align-top avia-link-column av-column-link  column-top-margin'    data-link-column-url=\"https:\/\/entry.equipe.com\/meetings\/6913\"   ><a class=\"av-screen-reader-only\" href=\"https:\/\/entry.equipe.com\/meetings\/6913\" >Folgen Sie einem manuell hinzugef\u00fcgten Link<\/a><p><section  class='av_textblock_section av-mbm6gnmi-d04d10a2b17f1ea6ecb36a7cfaf7ec39'   itemscope=\"itemscope\" itemtype=\"https:\/\/schema.org\/CreativeWork\" ><div class='avia_textblock'  itemprop=\"text\" ><p><img loading=\"lazy\" decoding=\"async\" class=\"wp-image-156 aligncenter\" src=\"https:\/\/www.peelbergen.eu\/wp-content\/uploads\/2025\/04\/event-logo.png\" alt=\"\" width=\"90\" height=\"86\" \/><\/p>\n<h3 style=\"text-align: center;\">KNHS Dressur<\/h3>\n<\/div><\/section><br \/>\n<section  class='av_textblock_section av-mbm6gxlr-d5daee8b8531c7b006d4094fa6f00ad5'   itemscope=\"itemscope\" itemtype=\"https:\/\/schema.org\/CreativeWork\" ><div class='avia_textblock'  itemprop=\"text\" ><h4>3. Januar 2026<\/h4>\n<p>Pferde &amp; Ponys<\/p>\n<\/div><\/section><\/p><\/div><div class='av-flex-placeholder'><\/div>\n<style type=\"text\/css\" data-created_by=\"avia_inline_auto\" id=\"style-css-av-mhqh0su0-865f7cc3bad9801458c23c74385d99d4\">\n.flex_column.av-mhqh0su0-865f7cc3bad9801458c23c74385d99d4{\nwidth:31.333333333333%;\nmargin-left:0;\nborder-radius:20px 20px 20px 20px;\nbackground-color:#f0f0f0;\n}\n#top .flex_column_table.av-equal-height-column-flextable.av-mhqh0su0-865f7cc3bad9801458c23c74385d99d4 .av-flex-placeholder{\nwidth:3%;\n}\n<\/style>\n<div  class='flex_column av-mhqh0su0-865f7cc3bad9801458c23c74385d99d4 av_one_third  avia-builder-el-9  el_after_av_one_third  avia-builder-el-last  event flex_column_table_cell av-equal-height-column av-align-top avia-link-column av-column-link  column-top-margin'    data-link-column-url=\"https:\/\/www.peelbergen.eu\/de\/dressage\/dressage-competitions\/winter-cdi\/\"   ><a class=\"av-screen-reader-only\" href=\"https:\/\/www.peelbergen.eu\/de\/dressage\/dressage-competitions\/winter-cdi\/\" >Link zu: Winter CDI<\/a><p><section  class='av_textblock_section av-mhqh0ike-9d038fca159ddef42b27363c891156d4'   itemscope=\"itemscope\" itemtype=\"https:\/\/schema.org\/CreativeWork\" ><div class='avia_textblock'  itemprop=\"text\" ><p><img loading=\"lazy\" decoding=\"async\" class=\"wp-image-156 aligncenter\" src=\"https:\/\/www.peelbergen.eu\/wp-content\/uploads\/2025\/04\/event-logo.png\" alt=\"\" width=\"90\" height=\"86\" \/><\/p>\n<h3 style=\"text-align: center;\">CDI 2026<\/h3>\n<\/div><\/section><br \/>\n<section  class='av_textblock_section av-mhqh1hi2-e6701a55fa8c07b9f7c49ecf6c5faeca'   itemscope=\"itemscope\" itemtype=\"https:\/\/schema.org\/CreativeWork\" ><div class='avia_textblock'  itemprop=\"text\" ><h4>26-29 November 2026<\/h4>\n<p>CDI3*, 1*, YH*, U25, J, CH, P<\/p>\n<\/div><\/section><\/p><\/div><\/div><!--close column table wrapper. Autoclose: 1 -->","protected":false},"excerpt":{"rendered":"","protected":false},"author":2,"featured_media":0,"parent":394,"menu_order":0,"comment_status":"closed","ping_status":"closed","template":"","meta":{"_acf_changed":false,"_monsterinsights_skip_tracking":false,"_monsterinsights_sitenote_active":false,"_monsterinsights_sitenote_note":"","_monsterinsights_sitenote_category":0,"_price":"","_stock":"","_tribe_ticket_header":"","_tribe_default_ticket_provider":"","_tribe_ticket_capacity":"0","_ticket_start_date":"","_ticket_end_date":"","_tribe_ticket_show_description":"","_tribe_ticket_show_not_going":false,"_tribe_ticket_use_global_stock":"","_tribe_ticket_global_stock_level":"","_global_stock_mode":"","_global_stock_cap":"","_tribe_rsvp_for_event":"","_tribe_ticket_going_count":"","_tribe_ticket_not_going_count":"","_tribe_tickets_list":"[]","_tribe_ticket_has_attendee_info_fields":false,"footnotes":"","_tec_slr_enabled":"","_tec_slr_layout":""},"class_list":["post-420","page","type-page","status-publish","hentry"],"acf":[],"ticketed":false,"_links":{"self":[{"href":"https:\/\/www.peelbergen.eu\/de\/wp-json\/wp\/v2\/pages\/420","targetHints":{"allow":["GET"]}}],"collection":[{"href":"https:\/\/www.peelbergen.eu\/de\/wp-json\/wp\/v2\/pages"}],"about":[{"href":"https:\/\/www.peelbergen.eu\/de\/wp-json\/wp\/v2\/types\/page"}],"author":[{"embeddable":true,"href":"https:\/\/www.peelbergen.eu\/de\/wp-json\/wp\/v2\/users\/2"}],"replies":[{"embeddable":true,"href":"https:\/\/www.peelbergen.eu\/de\/wp-json\/wp\/v2\/comments?post=420"}],"version-history":[{"count":10,"href":"https:\/\/www.peelbergen.eu\/de\/wp-json\/wp\/v2\/pages\/420\/revisions"}],"predecessor-version":[{"id":33972,"href":"https:\/\/www.peelbergen.eu\/de\/wp-json\/wp\/v2\/pages\/420\/revisions\/33972"}],"up":[{"embeddable":true,"href":"https:\/\/www.peelbergen.eu\/de\/wp-json\/wp\/v2\/pages\/394"}],"wp:attachment":[{"href":"https:\/\/www.peelbergen.eu\/de\/wp-json\/wp\/v2\/media?parent=420"}],"curies":[{"name":"wp","href":"https:\/\/api.w.org\/{rel}","templated":true}]}}