{"id":404,"date":"2025-06-06T11:15:58","date_gmt":"2025-06-06T09:15:58","guid":{"rendered":"https:\/\/www.peelbergen.eu\/nieuw\/?page_id=404"},"modified":"2025-07-17T16:24:18","modified_gmt":"2025-07-17T14:24:18","slug":"about-us","status":"publish","type":"page","link":"https:\/\/www.peelbergen.eu\/de\/about-us\/","title":{"rendered":"\u00dcber uns"},"content":{"rendered":"<style type=\"text\/css\" data-created_by=\"avia_inline_auto\" id=\"style-css-av-m9tv4zbz-55711369704e1aaa510df7e090ca78c9\">\n.avia-section.av-m9tv4zbz-55711369704e1aaa510df7e090ca78c9{\nbackground-color:#000000;\nbackground-image:url(https:\/\/www.peelbergen.eu\/wp-content\/uploads\/2025\/06\/Untitled-1920-x-1080-px-1920-x-594-px-8.png);\nbackground-repeat:no-repeat;\nbackground-position:50% 0%;\nbackground-attachment:scroll;\n}\n<\/style>\n<div id='av_section_1'  class='avia-section av-m9tv4zbz-55711369704e1aaa510df7e090ca78c9 main_color avia-section-default avia-no-border-styling  avia-builder-el-0  avia-builder-el-no-sibling  avia-full-contain avia-bg-style-scroll container_wrap fullsize'  data-section-bg-repeat='contain'><div class='container av-section-cont-open' ><main  role=\"main\" itemprop=\"mainContentOfPage\"  class='template-page content  av-content-full alpha units'><div class='post-entry post-entry-type-page post-entry-404'><div class='entry-content-wrapper clearfix'>\n\n<style type=\"text\/css\" data-created_by=\"avia_inline_auto\" id=\"style-css-av-20fvp-31c0718448f6b6c3736937e749219885\">\n\n@media only screen and (min-width: 990px){ \n#top .flex_column.av-20fvp-31c0718448f6b6c3736937e749219885{\nmargin-top:130px;\nmargin-bottom:90px;\n}\n.responsive #top #wrap_all .flex_column.av-20fvp-31c0718448f6b6c3736937e749219885{\nmargin-top:130px;\nmargin-bottom:90px;\n}\n}\n<\/style>\n<div  class='flex_column av-20fvp-31c0718448f6b6c3736937e749219885 av_one_fifth  avia-builder-el-1  el_before_av_three_fifth  avia-builder-el-first  first flex_column_div'     ><\/div>\n<style type=\"text\/css\" data-created_by=\"avia_inline_auto\" id=\"style-css-av-1fpyx-e900fd34a8b20e75445efd60d4359bf4\">\n\n@media only screen and (min-width: 990px){ \n#top .flex_column.av-1fpyx-e900fd34a8b20e75445efd60d4359bf4{\nmargin-top:130px;\nmargin-bottom:90px;\n}\n.responsive #top #wrap_all .flex_column.av-1fpyx-e900fd34a8b20e75445efd60d4359bf4{\nmargin-top:130px;\nmargin-bottom:90px;\n}\n}\n<\/style>\n<div  class='flex_column av-1fpyx-e900fd34a8b20e75445efd60d4359bf4 av_three_fifth  avia-builder-el-2  el_after_av_one_fifth  el_before_av_one_fifth  flex_column_div'     ><p>\n<style type=\"text\/css\" data-created_by=\"avia_inline_auto\" id=\"style-css-av-macdik4z-924f3994f9a665c7f9d91671696ac4aa\">\n#top .av-special-heading.av-macdik4z-924f3994f9a665c7f9d91671696ac4aa{\ncolor:#ffffff;\n}\nbody .av-special-heading.av-macdik4z-924f3994f9a665c7f9d91671696ac4aa .av-special-heading-tag .heading-char{\nfont-size:25px;\n}\n.av-special-heading.av-macdik4z-924f3994f9a665c7f9d91671696ac4aa .special-heading-inner-border{\nborder-color:#ffffff;\n}\n.av-special-heading.av-macdik4z-924f3994f9a665c7f9d91671696ac4aa .av-subheading{\nfont-size:15px;\n}\n<\/style>\n<div  class='av-special-heading av-macdik4z-924f3994f9a665c7f9d91671696ac4aa av-special-heading-h1 custom-color-heading blockquote modern-quote modern-centered  avia-builder-el-3  el_before_av_textblock  avia-builder-el-first'><h1 class='av-special-heading-tag'  itemprop=\"headline\"  >\u00dcber uns<\/h1><div class=\"special-heading-border\"><div class=\"special-heading-inner-border\"><\/div><\/div><\/div><br \/>\n\n<style type=\"text\/css\" data-created_by=\"avia_inline_auto\" id=\"style-css-av-m9tv4ugs-ebb79fd9d727876c82cf3aa501961b8e\">\n#top .av_textblock_section.av-m9tv4ugs-ebb79fd9d727876c82cf3aa501961b8e .avia_textblock{\ncolor:#ffffff;\n}\n<\/style>\n<section  class='av_textblock_section av-m9tv4ugs-ebb79fd9d727876c82cf3aa501961b8e'   itemscope=\"itemscope\" itemtype=\"https:\/\/schema.org\/CreativeWork\" ><div class='avia_textblock av_inherit_color'  itemprop=\"text\" ><p style=\"text-align: center;\" data-start=\"57\" data-end=\"284\">Peelbergen ist ein Ort, an dem Sport, Leidenschaft und Gemeinschaft zusammenkommen. Mit erstklassigen Einrichtungen und einem vollen Kalender mit nationalen und internationalen Veranstaltungen bieten wir ein Zuhause f\u00fcr Reiter, Besucher und Partner auf jedem Niveau.<br \/>\nPeelbergen ist Teil von <strong data-start=\"332\" data-end=\"345\">Grandorse<\/strong>eine einzigartige Zusammenarbeit, die Einrichtungen, Fachwissen und Partner zusammenbringt, um das Wachstum des Pferdesports in allen Disziplinen jetzt und in Zukunft zu unterst\u00fctzen.<\/p>\n<\/div><\/section><\/p><\/div>\n<style type=\"text\/css\" data-created_by=\"avia_inline_auto\" id=\"style-css-av-ol9t-177cb81550a9230d6d01794e9e34ce73\">\n\n@media only screen and (min-width: 990px){ \n#top .flex_column.av-ol9t-177cb81550a9230d6d01794e9e34ce73{\nmargin-top:130px;\nmargin-bottom:90px;\n}\n.responsive #top #wrap_all .flex_column.av-ol9t-177cb81550a9230d6d01794e9e34ce73{\nmargin-top:130px;\nmargin-bottom:90px;\n}\n}\n<\/style>\n<div  class='flex_column av-ol9t-177cb81550a9230d6d01794e9e34ce73 av_one_fifth  avia-builder-el-5  el_after_av_three_fifth  el_before_av_one_half  flex_column_div'     ><\/div><div class='flex_column_table av-m9tv7vmn-d3d606521eb72a205db1e1fbde4a1b67 sc-av_one_half av-equal-height-column-flextable'>\n<style type=\"text\/css\" data-created_by=\"avia_inline_auto\" id=\"style-css-av-m9tv7vmn-d3d606521eb72a205db1e1fbde4a1b67\">\n.flex_column.av-m9tv7vmn-d3d606521eb72a205db1e1fbde4a1b67{\nborder-radius:20px 0 0 20px;\npadding:30px 30px 30px 30px;\nbackground-color:#ffffff;\n}\n<\/style>\n<div  class='flex_column av-m9tv7vmn-d3d606521eb72a205db1e1fbde4a1b67 av_one_half  avia-builder-el-6  el_after_av_one_fifth  el_before_av_one_half  first no_margin flex_column_table_cell av-equal-height-column av-align-middle  column-top-margin'     ><section  class='av_textblock_section av-1lbl9-680b48f83435ac752665d37bb91f0c8c'   itemscope=\"itemscope\" itemtype=\"https:\/\/schema.org\/CreativeWork\" ><div class='avia_textblock'  itemprop=\"text\" ><h2 data-heading-tag=\"H2\">INDOOR-ARENEN<\/h2>\n<p>Equihome-Arena: 70 x 30 Meter<br \/>\nHiplando-Arena: 70 x 30 Meter (ausgestattet mit einem Betonboden, M\u00f6glichkeit, den Sandbelag zu entfernen)<br \/>\nGumbits-Arena: 100 x 37 Meter<\/p>\n<p>Bemerkenswerte Details zu den Arenen sind, dass jede Arena anders dekoriert ist.<\/p>\n<h2 data-heading-tag=\"H2\"><strong>OUTDOOR <\/strong>ARENAS<\/h2>\n<p>Milestone Farm-Arena: 85 x 90 Meter<br \/>\nVan Mossel-Sandplatz: 85 x 90 Meter<\/p>\n<p>Rasenplatz: 120 x 60 Meter<br \/>\nRasenaufw\u00e4rmplatz: 120 x 45 Meter<\/p>\n<p>Die Au\u00dfenringe haben ein f\u00fcr internationale Wettk\u00e4mpfe geeignetes Format. Sie sind durch einen 25 Meter breiten Erdwall getrennt. Dadurch eignet sich der Damm sehr gut f\u00fcr Trib\u00fcnen oder Trib\u00fcnen, zum Beispiel.<\/p>\n<\/div><\/section><br \/>\n<div  class='avia-button-wrap av-md7hdw4u-f8cf8cdc92da3fab3da5d83c3dd18601-wrap avia-button-center  avia-builder-el-8  el_after_av_textblock  avia-builder-el-last'><a href='https:\/\/www.peelbergen.eu\/de\/arenas\/'  class='avia-button av-md7hdw4u-f8cf8cdc92da3fab3da5d83c3dd18601 av-link-btn avia-icon_select-no avia-size-small avia-position-center avia-color-theme-color'   aria-label=\"siehe unsere Arenen\"><span class='avia_iconbox_title' >siehe unsere Arenen<\/span><\/a><\/div><\/p><\/div>\n<style type=\"text\/css\" data-created_by=\"avia_inline_auto\" id=\"style-css-av-2v09l-512e0d428d12155f668b9afc7101ef08\">\n.flex_column.av-2v09l-512e0d428d12155f668b9afc7101ef08{\nborder-radius:0 20px 20px 0;\nbackground:url(https:\/\/www.peelbergen.eu\/wp-content\/uploads\/2025\/06\/DJI_0271-1.jpg) 50% 50% no-repeat scroll ;\n}\n<\/style>\n<div  class='flex_column av-2v09l-512e0d428d12155f668b9afc7101ef08 av_one_half  avia-builder-el-9  el_after_av_one_half  el_before_av_one_half  no_margin flex_column_table_cell av-equal-height-column av-align-middle avia-full-stretch  column-top-margin'     ><style type=\"text\/css\" data-created_by=\"avia_inline_auto\" id=\"style-css-av-1w1xl-ba6438708ac63659420fc29a471f1ece\">\n#top .hr.hr-invisible.av-1w1xl-ba6438708ac63659420fc29a471f1ece{\nheight:500px;\n}\n<\/style>\n<div  class='hr av-1w1xl-ba6438708ac63659420fc29a471f1ece hr-invisible  avia-builder-el-10  avia-builder-el-no-sibling'><span class='hr-inner'><span class=\"hr-inner-style\"><\/span><\/span><\/div><\/div><\/div><!--close column table wrapper. Autoclose: 1 --><div class='flex_column_table av-187dnw-e04cad3bfadb2422a4bc10322b892dd5 sc-av_one_half av-equal-height-column-flextable'>\n<style type=\"text\/css\" data-created_by=\"avia_inline_auto\" id=\"style-css-av-187dnw-e04cad3bfadb2422a4bc10322b892dd5\">\n.flex_column.av-187dnw-e04cad3bfadb2422a4bc10322b892dd5{\nborder-radius:20px 0 0 20px;\npadding:30px 30px 30px 30px;\nbackground-color:#ffffff;\n}\n<\/style>\n<div  class='flex_column av-187dnw-e04cad3bfadb2422a4bc10322b892dd5 av_one_half  avia-builder-el-11  el_after_av_one_half  el_before_av_one_half  first no_margin flex_column_table_cell av-equal-height-column av-align-middle  column-top-margin'     ><section  class='av_textblock_section av-11wp64-6a055fde87f9a8f63849e93a3d504807'   itemscope=\"itemscope\" itemtype=\"https:\/\/schema.org\/CreativeWork\" ><div class='avia_textblock'  itemprop=\"text\" ><h2 data-heading-tag=\"H2\">UNTERBRINGUNG<\/h2>\n<p>Auf der angrenzenden gepflasterten Fl\u00e4che gibt es Platz f\u00fcr 600 Turnierst\u00e4lle.<br \/>\nDas gem\u00fctliche Restaurant ist das Herzst\u00fcck des Komplexes. Das Restaurant wurde so gebaut, dass man einen guten Blick auf alle drei Arenen hat. Eine \u00fcberdachte Terrasse umgibt das Restaurant.<br \/>\nDas Gel\u00e4nde ist 250 Hektar gro\u00df. Das Gel\u00e4nde ist mit Teichen, H\u00fcgeln und Br\u00fccken ausgestattet und eignet sich hervorragend zum Fahren und Vielseitigkeitsreiten.<\/p>\n<\/div><\/section><\/div>\n<style type=\"text\/css\" data-created_by=\"avia_inline_auto\" id=\"style-css-av-1rtul-4475ca62447e2108fb952adebe6160f2\">\n.flex_column.av-1rtul-4475ca62447e2108fb952adebe6160f2{\nborder-radius:0 20px 20px 0;\nbackground:url(https:\/\/www.peelbergen.eu\/wp-content\/uploads\/2025\/06\/DJI_0400-scaled.jpg) 50% 50% no-repeat scroll ;\n}\n<\/style>\n<div  class='flex_column av-1rtul-4475ca62447e2108fb952adebe6160f2 av_one_half  avia-builder-el-13  el_after_av_one_half  el_before_av_one_half  no_margin flex_column_table_cell av-equal-height-column av-align-middle avia-full-stretch  column-top-margin'     ><style type=\"text\/css\" data-created_by=\"avia_inline_auto\" id=\"style-css-av-y43h-fc14f17b0832212f57b0b7b8c8e1fd77\">\n#top .hr.hr-invisible.av-y43h-fc14f17b0832212f57b0b7b8c8e1fd77{\nheight:500px;\n}\n<\/style>\n<div  class='hr av-y43h-fc14f17b0832212f57b0b7b8c8e1fd77 hr-invisible  avia-builder-el-14  avia-builder-el-no-sibling'><span class='hr-inner'><span class=\"hr-inner-style\"><\/span><\/span><\/div><\/div><\/div><!--close column table wrapper. Autoclose: 1 --><div class='flex_column_table av-xs2v0-5a0a2e33e818d4a02e56a146352ae7d7 sc-av_one_half av-equal-height-column-flextable'>\n<style type=\"text\/css\" data-created_by=\"avia_inline_auto\" id=\"style-css-av-xs2v0-5a0a2e33e818d4a02e56a146352ae7d7\">\n.flex_column.av-xs2v0-5a0a2e33e818d4a02e56a146352ae7d7{\nborder-radius:20px 0 0 20px;\npadding:30px 30px 30px 30px;\nbackground-color:#ffffff;\n}\n<\/style>\n<div  class='flex_column av-xs2v0-5a0a2e33e818d4a02e56a146352ae7d7 av_one_half  avia-builder-el-15  el_after_av_one_half  el_before_av_one_half  first no_margin flex_column_table_cell av-equal-height-column av-align-middle  column-top-margin'     ><section  class='av_textblock_section av-mbs0fccd-1789d693f531501d6b55ab7906500161'   itemscope=\"itemscope\" itemtype=\"https:\/\/schema.org\/CreativeWork\" ><div class='avia_textblock'  itemprop=\"text\" ><h2 data-heading-tag=\"H2\">LIMBURGISCHE REITUNTERNEHMER<\/h2>\n<p>Nie zuvor wurde in den Niederlanden ein so gro\u00dfer Reitkomplex gebaut, in den so viele Unternehmer ihr Vertrauen gesetzt haben. Dieses Vertrauen \u00e4u\u00dferte sich in einer Investition, die dazu f\u00fchrte, dass die Pl\u00e4ne Wirklichkeit wurden.<\/p>\n<p>Das Reitsportzentrum De Peelbergen hat eine magnetische Wirkung auf den Pferdesport im S\u00fcden der Niederlande, wenn nicht sogar in den gesamten Niederlanden. Die zentrale Lage in Europa und die vielen bekannten Reitsportbetriebe in der Region bieten eine solide Basis f\u00fcr den Reitkomplex.<\/p>\n<\/div><\/section><\/div>\n<style type=\"text\/css\" data-created_by=\"avia_inline_auto\" id=\"style-css-av-mbs0fm9o-1ea4d5646b8231de3885f152e8bfdbf4\">\n.flex_column.av-mbs0fm9o-1ea4d5646b8231de3885f152e8bfdbf4{\nborder-radius:0 20px 20px 0;\nbackground:url(https:\/\/www.peelbergen.eu\/wp-content\/uploads\/2025\/06\/N4A9366.jpg) 50% 50% no-repeat scroll ;\n}\n<\/style>\n<div  class='flex_column av-mbs0fm9o-1ea4d5646b8231de3885f152e8bfdbf4 av_one_half  avia-builder-el-17  el_after_av_one_half  avia-builder-el-last  no_margin flex_column_table_cell av-equal-height-column av-align-middle avia-full-stretch  column-top-margin'     ><style type=\"text\/css\" data-created_by=\"avia_inline_auto\" id=\"style-css-av-t3gn8-4b6fb3d573fefa39da17998b8325de9b\">\n#top .hr.hr-invisible.av-t3gn8-4b6fb3d573fefa39da17998b8325de9b{\nheight:500px;\n}\n<\/style>\n<div  class='hr av-t3gn8-4b6fb3d573fefa39da17998b8325de9b hr-invisible  avia-builder-el-18  avia-builder-el-no-sibling'><span class='hr-inner'><span class=\"hr-inner-style\"><\/span><\/span><\/div><\/div><\/div><!--close column table wrapper. Autoclose: 1 -->","protected":false},"excerpt":{"rendered":"","protected":false},"author":1,"featured_media":0,"parent":0,"menu_order":5,"comment_status":"closed","ping_status":"closed","template":"","meta":{"_acf_changed":false,"_monsterinsights_skip_tracking":false,"_monsterinsights_sitenote_active":false,"_monsterinsights_sitenote_note":"","_monsterinsights_sitenote_category":0,"_price":"","_stock":"","_tribe_ticket_header":"","_tribe_default_ticket_provider":"","_tribe_ticket_capacity":"0","_ticket_start_date":"","_ticket_end_date":"","_tribe_ticket_show_description":"","_tribe_ticket_show_not_going":false,"_tribe_ticket_use_global_stock":"","_tribe_ticket_global_stock_level":"","_global_stock_mode":"","_global_stock_cap":"","_tribe_rsvp_for_event":"","_tribe_ticket_going_count":"","_tribe_ticket_not_going_count":"","_tribe_tickets_list":"[]","_tribe_ticket_has_attendee_info_fields":false,"footnotes":"","_tec_slr_enabled":"","_tec_slr_layout":""},"class_list":["post-404","page","type-page","status-publish","hentry"],"acf":[],"ticketed":false,"_links":{"self":[{"href":"https:\/\/www.peelbergen.eu\/de\/wp-json\/wp\/v2\/pages\/404","targetHints":{"allow":["GET"]}}],"collection":[{"href":"https:\/\/www.peelbergen.eu\/de\/wp-json\/wp\/v2\/pages"}],"about":[{"href":"https:\/\/www.peelbergen.eu\/de\/wp-json\/wp\/v2\/types\/page"}],"author":[{"embeddable":true,"href":"https:\/\/www.peelbergen.eu\/de\/wp-json\/wp\/v2\/users\/1"}],"replies":[{"embeddable":true,"href":"https:\/\/www.peelbergen.eu\/de\/wp-json\/wp\/v2\/comments?post=404"}],"version-history":[{"count":5,"href":"https:\/\/www.peelbergen.eu\/de\/wp-json\/wp\/v2\/pages\/404\/revisions"}],"predecessor-version":[{"id":33222,"href":"https:\/\/www.peelbergen.eu\/de\/wp-json\/wp\/v2\/pages\/404\/revisions\/33222"}],"wp:attachment":[{"href":"https:\/\/www.peelbergen.eu\/de\/wp-json\/wp\/v2\/media?parent=404"}],"curies":[{"name":"wp","href":"https:\/\/api.w.org\/{rel}","templated":true}]}}