{"id":33172,"date":"2025-07-17T15:01:10","date_gmt":"2025-07-17T13:01:10","guid":{"rendered":"https:\/\/www.peelbergen.eu\/?page_id=33172"},"modified":"2025-07-17T15:23:33","modified_gmt":"2025-07-17T13:23:33","slug":"sustainability","status":"publish","type":"page","link":"https:\/\/www.peelbergen.eu\/de\/about-us\/sustainability\/","title":{"rendered":"Nachhaltigkeit"},"content":{"rendered":"<style type=\"text\/css\" data-created_by=\"avia_inline_auto\" id=\"style-css-av-m9skfgm3-8fcb0098b854837bd5b7815f0284fa6f\">\n.avia-section.av-m9skfgm3-8fcb0098b854837bd5b7815f0284fa6f{\nbackground-color:#000000;\nbackground-image:url(https:\/\/www.peelbergen.eu\/wp-content\/uploads\/2025\/04\/banner-events-restaurant.jpg);\nbackground-repeat:no-repeat;\nbackground-position:50% 50%;\nbackground-attachment:scroll;\n}\n<\/style>\n<div id='av_section_1'  class='avia-section av-m9skfgm3-8fcb0098b854837bd5b7815f0284fa6f main_color avia-section-default avia-no-border-styling  avia-builder-el-0  el_before_av_section  avia-builder-el-first  avia-full-stretch avia-bg-style-scroll av-minimum-height av-minimum-height-75 av-height-75  container_wrap fullsize'  data-section-bg-repeat='stretch' data-av_minimum_height_pc='75' data-av_min_height_opt='75'><div class='container av-section-cont-open' ><main  role=\"main\" itemprop=\"mainContentOfPage\"  class='template-page content  av-content-full alpha units'><div class='post-entry post-entry-type-page post-entry-33172'><div class='entry-content-wrapper clearfix'>\n\n<style type=\"text\/css\" data-created_by=\"avia_inline_auto\" id=\"style-css-av-25c75-4679b71ea630626062668e644f2509a8\">\n#top .flex_column.av-25c75-4679b71ea630626062668e644f2509a8{\nmargin-bottom:100px;\n}\n.responsive #top #wrap_all .flex_column.av-25c75-4679b71ea630626062668e644f2509a8{\nmargin-bottom:100px;\n}\n<\/style>\n<div  class='flex_column av-25c75-4679b71ea630626062668e644f2509a8 av_one_fourth  avia-builder-el-1  el_before_av_one_half  avia-builder-el-first  first flex_column_div'     ><\/div>\n<style type=\"text\/css\" data-created_by=\"avia_inline_auto\" id=\"style-css-av-1jqt1-fe5f0f0f2204ee7cf7b6835bdca094cb\">\n#top .flex_column.av-1jqt1-fe5f0f0f2204ee7cf7b6835bdca094cb{\nmargin-bottom:100px;\n}\n.responsive #top #wrap_all .flex_column.av-1jqt1-fe5f0f0f2204ee7cf7b6835bdca094cb{\nmargin-bottom:100px;\n}\n<\/style>\n<div  class='flex_column av-1jqt1-fe5f0f0f2204ee7cf7b6835bdca094cb av_one_half  avia-builder-el-2  el_after_av_one_fourth  el_before_av_one_fourth  flex_column_div'     ><style type=\"text\/css\" data-created_by=\"avia_inline_auto\" id=\"style-css-av-ma3pigwj-be2c2e554a284cb2394bdebdc2ad7407\">\n#top .av-special-heading.av-ma3pigwj-be2c2e554a284cb2394bdebdc2ad7407{\npadding-bottom:40px;\ncolor:#ffffff;\n}\nbody .av-special-heading.av-ma3pigwj-be2c2e554a284cb2394bdebdc2ad7407 .av-special-heading-tag .heading-char{\nfont-size:25px;\n}\n.av-special-heading.av-ma3pigwj-be2c2e554a284cb2394bdebdc2ad7407 .special-heading-inner-border{\nborder-color:#ffffff;\n}\n.av-special-heading.av-ma3pigwj-be2c2e554a284cb2394bdebdc2ad7407 .av-subheading{\nfont-size:15px;\n}\n\n@media only screen and (min-width: 990px){ \n#top #wrap_all .av-special-heading.av-ma3pigwj-be2c2e554a284cb2394bdebdc2ad7407 .av-special-heading-tag{\nfont-size:64px;\n}\n}\n<\/style>\n<div  class='av-special-heading av-ma3pigwj-be2c2e554a284cb2394bdebdc2ad7407 av-special-heading-h1 custom-color-heading blockquote modern-quote modern-centered  avia-builder-el-3  avia-builder-el-no-sibling'><h1 class='av-special-heading-tag'  itemprop=\"headline\"  >Nachhaltigkeit in Peelbergen<\/h1><div class=\"special-heading-border\"><div class=\"special-heading-inner-border\"><\/div><\/div><\/div><\/div>\n<style type=\"text\/css\" data-created_by=\"avia_inline_auto\" id=\"style-css-av-o485-55f99a376a45c98912f28024605615c5\">\n#top .flex_column.av-o485-55f99a376a45c98912f28024605615c5{\nmargin-bottom:100px;\n}\n.responsive #top #wrap_all .flex_column.av-o485-55f99a376a45c98912f28024605615c5{\nmargin-bottom:100px;\n}\n<\/style>\n<div  class='flex_column av-o485-55f99a376a45c98912f28024605615c5 av_one_fourth  avia-builder-el-4  el_after_av_one_half  avia-builder-el-last  flex_column_div'     ><\/div>\n\n<p><\/div><\/div><\/main><!-- close content main element --><\/div><\/div><div id='av_section_2'  class='avia-section av-1c91x-cb26c51712f6076f3445324272564452 alternate_color avia-section-default avia-no-border-styling  avia-builder-el-5  el_after_av_section  avia-builder-el-last  avia-bg-style-scroll container_wrap fullsize'  ><div class='container av-section-cont-open' ><div class='template-page content  av-content-full alpha units'><div class='post-entry post-entry-type-page post-entry-33172'><div class='entry-content-wrapper clearfix'><br \/>\n<div class='flex_column_table av-m9ski0bg-5815bd4b4ec57d4aaee78de86da248cb sc-av_one_full av-equal-height-column-flextable'>\n<style type=\"text\/css\" data-created_by=\"avia_inline_auto\" id=\"style-css-av-m9ski0bg-5815bd4b4ec57d4aaee78de86da248cb\">\n.flex_column.av-m9ski0bg-5815bd4b4ec57d4aaee78de86da248cb{\nborder-radius:20px 0 0 20px;\npadding:30px 30px 30px 30px;\nbackground-color:#ffffff;\n}\n\n@media only screen and (min-width: 768px) and (max-width: 989px){ \n#top .flex_column_table.av-equal-height-column-flextable.av-m9ski0bg-5815bd4b4ec57d4aaee78de86da248cb{\nmargin-bottom:40px;\n}\n}\n\n@media only screen and (min-width: 480px) and (max-width: 767px){ \n#top .flex_column_table.av-equal-height-column-flextable.av-m9ski0bg-5815bd4b4ec57d4aaee78de86da248cb{\nmargin-bottom:40px;\n}\n}\n\n@media only screen and (max-width: 479px){ \n#top .flex_column_table.av-equal-height-column-flextable.av-m9ski0bg-5815bd4b4ec57d4aaee78de86da248cb{\nmargin-bottom:40px;\n}\n}\n<\/style>\n<div  class='flex_column av-m9ski0bg-5815bd4b4ec57d4aaee78de86da248cb av_one_full  avia-builder-el-6  el_before_av_one_half  avia-builder-el-first  first no_margin flex_column_table_cell av-equal-height-column av-align-top'     ><section  class='av_textblock_section av-rakt-0a0c4f656c9c1c117ec2035328770336'   itemscope=\"itemscope\" itemtype=\"https:\/\/schema.org\/CreativeWork\" ><div class='avia_textblock'  itemprop=\"text\" ><h3><span class=\"OYPEnA font-feature-liga-off font-feature-clig-off font-feature-calt-off text-decoration-none text-strikethrough-none\">Eine gr\u00fcnere Zukunft in Peelbergen<\/span><\/h3>\n<div>\n<div>\n<div>\n<p>Bei Peelbergen ist Nachhaltigkeit nicht nur ein Ziel, sondern eine Verpflichtung, die unser gesamtes Handeln bestimmt. Im Jahr 2024 haben wir einen bedeutenden Schritt nach vorne gemacht, indem wir unsere Solarpaneele in Betrieb genommen haben, die es uns erm\u00f6glichen, saubere Energie zu erzeugen und unseren CO2-Fu\u00dfabdruck erheblich zu reduzieren. Aber unsere Mission ist noch nicht zu Ende.<\/p>\n<\/div>\n<div>\n<p>Im Jahr 2025 werden wir dieses Engagement noch weiter ausbauen. Es gibt bereits Pl\u00e4ne f\u00fcr die Installation weiterer Ladestationen f\u00fcr Elektrofahrzeuge, die es unseren Besuchern erleichtern, umweltfreundlichere Verkehrsmittel zu nutzen. Dar\u00fcber hinaus haben wir in Zusammenarbeit mit der \u00f6rtlichen Gemeinde auf dem gesamten Gel\u00e4nde Vogelh\u00e4uschen aufgestellt, um die lokale Fauna zu unterst\u00fctzen und zum Erhalt der Artenvielfalt in unserer Region beizutragen.<\/p>\n<\/div>\n<div>\n<p>Diese Bem\u00fchungen sind Teil einer gr\u00f6\u00dferen Strategie zur Schaffung eines umweltfreundlichen Peelbergen. Von der Wiederverwertung von Kunststoffen in unserer Bar und unserem Restaurant bis hin zu pestizidfreien Rasenfl\u00e4chen - jede Initiative spiegelt unser Engagement f\u00fcr nachhaltige Praktiken wider.<\/p>\n<\/div>\n<div><\/div>\n<div>\n<p>Gemeinsam k\u00f6nnen wir etwas bewirken, ein Schritt, eine Aktion, eine Initiative nach der anderen.<\/p>\n<\/div>\n<\/div>\n<\/div>\n<\/div><\/section><\/div><\/div><!--close column table wrapper. Autoclose: 1 --><div class='flex_column_table av-2qke9-f019e953814014d49ebcb6a65e5905f0 sc-av_one_half av-equal-height-column-flextable'>\n<style type=\"text\/css\" data-created_by=\"avia_inline_auto\" id=\"style-css-av-2qke9-f019e953814014d49ebcb6a65e5905f0\">\n.flex_column.av-2qke9-f019e953814014d49ebcb6a65e5905f0{\nwidth:49.25%;\nmargin-left:0;\nborder-radius:20px 20px 20px 20px;\npadding:30px 30px 30px 30px;\nbackground:url(https:\/\/www.peelbergen.eu\/wp-content\/uploads\/2025\/07\/DJI_0405-1-scaled.jpg) 50% 50% no-repeat scroll #000000;\n}\n#top .flex_column_table.av-equal-height-column-flextable.av-2qke9-f019e953814014d49ebcb6a65e5905f0 .av-flex-placeholder{\nwidth:1.5%;\n}\n<\/style>\n<div  class='flex_column av-2qke9-f019e953814014d49ebcb6a65e5905f0 av_one_half  avia-builder-el-8  el_after_av_one_full  el_before_av_one_half  first flex_column_table_cell av-equal-height-column av-align-top avia-full-stretch  column-top-margin'     ><style type=\"text\/css\" data-created_by=\"avia_inline_auto\" id=\"style-css-av-227gt-84cab483193899177bef6c2f2fdf7af9\">\n#top .hr.hr-invisible.av-227gt-84cab483193899177bef6c2f2fdf7af9{\nheight:400px;\n}\n<\/style>\n<div  class='hr av-227gt-84cab483193899177bef6c2f2fdf7af9 hr-invisible  avia-builder-el-9  avia-builder-el-no-sibling'><span class='hr-inner'><span class=\"hr-inner-style\"><\/span><\/span><\/div><\/div>[av_one_half min_height='av-equal-height-column' vertical_alignment='av-align-top' space='1.5\u2032 row_boxshadow_width='10' row_boxshadow_color=\" margin='0px' margin_sync='true' av-desktop-margin=\" av-desktop-margin_sync='true' av-medium-margin=\" av-medium-margin_sync='true' av-small-margin=\" av-small-margin_sync='true' av-mini-margin=\" av-mini-margin_sync='true' mobile_breaking=\" mobile_column_order=\" border=\" border_style='solid' border_color=\" radius='20px' radius_sync='true' min_col_height=\" padding='30px' padding_sync='true' av-desktop-padding=\" av-desktop-padding_sync='true' av-medium-padding=\" av-medium-padding_sync='true' av-small-padding=\" av-small-padding_sync='true' av-mini-padding=\" av-mini-padding_sync='true' svg_div_top=\" svg_div_top_color='#333333\u2032 svg_div_top_width='100\u2032 svg_div_top_height='50' svg_div_top_max_height='none' svg_div_top_opacity=\" svg_div_bottom=\" svg_div_bottom_color='#333333\u2032 svg_div_bottom_width='100\u2032 svg_div_bottom_height='50' svg_div_bottom_max_height='none' svg_div_bottom_opacity=\" fold_type=\" fold_height=\" fold_more='Lees meer' fold_less='Lees minder' fold_text_style=\" fold_btn_align=\" column_boxshadow_width='10' column_boxshadow_color=\" background='bg_color' background_color='#000000\u2032 background_gradient_direction='vertical' background_gradient_color1='#000000\u2032 background_gradient_color2='#ffffff' background_gradient_color3=\" src='https:\/\/www.peelbergen.eu\/wp-content\/uploads\/2025\/07\/DJI_0413-scaled.jpg' attachment='33175\u2032 attachment_size='full' src_dynamic=\" background_position='center center' background_repeat='stretch' highlight_size='1.1\u2032 fold_overlay_color=\" fold_text_color=\" fold_btn_color='theme-color' fold_btn_bg_color=\" fold_btn_font_color=\" size-btn-text=\" av-desktop-font-size-btn-text=\" av-medium-font-size-btn-text=\" av-small-font-size-btn-text=\" av-mini-font-size-btn-text=\" animation=\" animation_duration=\" animation_custom_bg_color=\" animation_z_index_curtain='100\u2032 parallax_parallax=\" parallax_parallax_speed=\" av-desktop-parallax_parallax=\" av-desktop-parallax_parallax_speed=\" av-medium-parallax_parallax=\" av-medium-parallax_parallax_speed=\" av-klein-parallax_parallax=\" av-small-parallax_parallax_speed=\" av-mini-parallax_parallax=\" av-mini-parallax_parallax_speed=\" fold_timer=\" z_index_fold=\" css_position=\" css_position_location=',,,' css_position_z_index=\" av-desktop-css_position=\" av-desktop-css_position_location=',,' av-desktop-css_position_z_index=\" av-medium-css_position=\" av-medium-css_position_location=',,' av-medium-css_position_z_index=\" av-small-css_position=\" av-small-css_position_location=',,,' av-small-css_position_z_index=\" av-mini-css_position=\" av-mini-css_position_location=',,' av-mini-css_position_z_index=\" link=\" link_dynamic=\" linktarget=\" link_hover=\" title_attr=\" alt_attr=\" mobile_display=\" mobile_col_pos='0\u2032 id=\" custom_class=\" templ<\/p>","protected":false},"excerpt":{"rendered":"[av_one_half min_height=&#8217;av-equal-height-column&#8217; vertical_alignment=&#8217;av-align-top&#8217; space=&#8217;1.5&#8242; row_boxshadow_width=&#8217;10&#8217; row_boxshadow_color=&#8221; margin=&#8217;0px&#8217; margin_sync=&#8217;true&#8217; av-desktop-margin=&#8221; av-desktop-margin_sync=&#8217;true&#8217; av-medium-margin=&#8221; av-medium-margin_sync=&#8217;true&#8217; av-small-margin=&#8221; av-small-margin_sync=&#8217;true&#8217; av-mini-margin=&#8221; av-mini-margin_sync=&#8217;true&#8217; mobile_breaking=&#8221; mobile_column_order=&#8221; border=&#8221; border_style=&#8217;solid&#8217; border_color=&#8221; radius=&#8217;20px&#8217; radius_sync=&#8217;true&#8217; min_col_height=&#8221; padding=&#8217;30px&#8217; padding_sync=&#8217;true&#8217; av-desktop-padding=&#8221; av-desktop-padding_sync=&#8217;true&#8217; av-medium-padding=&#8221; av-medium-padding_sync=&#8217;true&#8217; [&hellip;]\n","protected":false},"author":2,"featured_media":0,"parent":404,"menu_order":8,"comment_status":"closed","ping_status":"closed","template":"","meta":{"_acf_changed":false,"_monsterinsights_skip_tracking":false,"_monsterinsights_sitenote_active":false,"_monsterinsights_sitenote_note":"","_monsterinsights_sitenote_category":0,"_price":"","_stock":"","_tribe_ticket_header":"","_tribe_default_ticket_provider":"","_tribe_ticket_capacity":"0","_ticket_start_date":"","_ticket_end_date":"","_tribe_ticket_show_description":"","_tribe_ticket_show_not_going":false,"_tribe_ticket_use_global_stock":"","_tribe_ticket_global_stock_level":"","_global_stock_mode":"","_global_stock_cap":"","_tribe_rsvp_for_event":"","_tribe_ticket_going_count":"","_tribe_ticket_not_going_count":"","_tribe_tickets_list":"[]","_tribe_ticket_has_attendee_info_fields":false,"footnotes":"","_tec_slr_enabled":"","_tec_slr_layout":""},"class_list":["post-33172","page","type-page","status-publish","hentry"],"acf":[],"ticketed":false,"_links":{"self":[{"href":"https:\/\/www.peelbergen.eu\/de\/wp-json\/wp\/v2\/pages\/33172","targetHints":{"allow":["GET"]}}],"collection":[{"href":"https:\/\/www.peelbergen.eu\/de\/wp-json\/wp\/v2\/pages"}],"about":[{"href":"https:\/\/www.peelbergen.eu\/de\/wp-json\/wp\/v2\/types\/page"}],"author":[{"embeddable":true,"href":"https:\/\/www.peelbergen.eu\/de\/wp-json\/wp\/v2\/users\/2"}],"replies":[{"embeddable":true,"href":"https:\/\/www.peelbergen.eu\/de\/wp-json\/wp\/v2\/comments?post=33172"}],"version-history":[{"count":4,"href":"https:\/\/www.peelbergen.eu\/de\/wp-json\/wp\/v2\/pages\/33172\/revisions"}],"predecessor-version":[{"id":33180,"href":"https:\/\/www.peelbergen.eu\/de\/wp-json\/wp\/v2\/pages\/33172\/revisions\/33180"}],"up":[{"embeddable":true,"href":"https:\/\/www.peelbergen.eu\/de\/wp-json\/wp\/v2\/pages\/404"}],"wp:attachment":[{"href":"https:\/\/www.peelbergen.eu\/de\/wp-json\/wp\/v2\/media?parent=33172"}],"curies":[{"name":"wp","href":"https:\/\/api.w.org\/{rel}","templated":true}]}}