{"id":33124,"date":"2025-07-17T14:23:06","date_gmt":"2025-07-17T12:23:06","guid":{"rendered":"https:\/\/www.peelbergen.eu\/?page_id=33124"},"modified":"2025-07-17T14:27:20","modified_gmt":"2025-07-17T12:27:20","slug":"iga","status":"publish","type":"page","link":"https:\/\/www.peelbergen.eu\/de\/iga\/","title":{"rendered":"Internationale Vereinigung der Br\u00e4utigame"},"content":{"rendered":"<style type=\"text\/css\" data-created_by=\"avia_inline_auto\" id=\"style-css-av-m9skfgm3-8ed3642da334f0cfb9c96d322dfd5dda\">\n.avia-section.av-m9skfgm3-8ed3642da334f0cfb9c96d322dfd5dda{\nbackground-color:#000000;\nbackground-image:url(https:\/\/www.peelbergen.eu\/wp-content\/uploads\/2025\/07\/website-headers-events.png);\nbackground-repeat:no-repeat;\nbackground-position:50% 50%;\nbackground-attachment:scroll;\n}\n<\/style>\n<div id='av_section_1'  class='avia-section av-m9skfgm3-8ed3642da334f0cfb9c96d322dfd5dda main_color avia-section-default avia-no-border-styling  avia-builder-el-0  el_before_av_section  avia-builder-el-first  avia-full-stretch avia-bg-style-scroll av-minimum-height av-minimum-height-75 av-height-75  container_wrap fullsize'  data-section-bg-repeat='stretch' data-av_minimum_height_pc='75' data-av_min_height_opt='75'><div class='container av-section-cont-open' ><main  role=\"main\" itemprop=\"mainContentOfPage\"  class='template-page content  av-content-full alpha units'><div class='post-entry post-entry-type-page post-entry-33124'><div class='entry-content-wrapper clearfix'>\n\n<style type=\"text\/css\" data-created_by=\"avia_inline_auto\" id=\"style-css-av-25c75-4679b71ea630626062668e644f2509a8\">\n#top .flex_column.av-25c75-4679b71ea630626062668e644f2509a8{\nmargin-bottom:100px;\n}\n.responsive #top #wrap_all .flex_column.av-25c75-4679b71ea630626062668e644f2509a8{\nmargin-bottom:100px;\n}\n<\/style>\n<div  class='flex_column av-25c75-4679b71ea630626062668e644f2509a8 av_one_fourth  avia-builder-el-1  el_before_av_one_half  avia-builder-el-first  first flex_column_div'     ><\/div>\n<style type=\"text\/css\" data-created_by=\"avia_inline_auto\" id=\"style-css-av-1jqt1-fe5f0f0f2204ee7cf7b6835bdca094cb\">\n#top .flex_column.av-1jqt1-fe5f0f0f2204ee7cf7b6835bdca094cb{\nmargin-bottom:100px;\n}\n.responsive #top #wrap_all .flex_column.av-1jqt1-fe5f0f0f2204ee7cf7b6835bdca094cb{\nmargin-bottom:100px;\n}\n<\/style>\n<div  class='flex_column av-1jqt1-fe5f0f0f2204ee7cf7b6835bdca094cb av_one_half  avia-builder-el-2  el_after_av_one_fourth  el_before_av_one_fourth  flex_column_div'     ><p>\n<style type=\"text\/css\" data-created_by=\"avia_inline_auto\" id=\"style-css-av-ma3pigwj-7696adb7348f9c71bc5470f23e411950\">\n#top .av-special-heading.av-ma3pigwj-7696adb7348f9c71bc5470f23e411950{\npadding-bottom:40px;\ncolor:#ffffff;\n}\nbody .av-special-heading.av-ma3pigwj-7696adb7348f9c71bc5470f23e411950 .av-special-heading-tag .heading-char{\nfont-size:25px;\n}\n.av-special-heading.av-ma3pigwj-7696adb7348f9c71bc5470f23e411950 .special-heading-inner-border{\nborder-color:#ffffff;\n}\n.av-special-heading.av-ma3pigwj-7696adb7348f9c71bc5470f23e411950 .av-subheading{\nfont-size:15px;\n}\n\n@media only screen and (min-width: 990px){ \n#top #wrap_all .av-special-heading.av-ma3pigwj-7696adb7348f9c71bc5470f23e411950 .av-special-heading-tag{\nfont-size:64px;\n}\n}\n<\/style>\n<div  class='av-special-heading av-ma3pigwj-7696adb7348f9c71bc5470f23e411950 av-special-heading-h1 custom-color-heading blockquote modern-quote modern-centered  avia-builder-el-3  el_before_av_button  avia-builder-el-first'><div class='av_custom_color av-subheading av-subheading_above'><p>Zeige Unterst\u00fctzer der<\/p>\n<\/div><h1 class='av-special-heading-tag'  itemprop=\"headline\"  >Internationale Vereinigung der Br\u00e4utigame<\/h1><div class=\"special-heading-border\"><div class=\"special-heading-inner-border\"><\/div><\/div><\/div><br \/>\n<div  class='avia-button-wrap av-ma3pje14-c82e00b8668790e7ab8e59889ddda810-wrap avia-button-center  avia-builder-el-4  el_after_av_heading  avia-builder-el-last'><a href='https:\/\/internationalgrooms.org\/'  class='avia-button av-ma3pje14-c82e00b8668790e7ab8e59889ddda810 av-link-btn avia-icon_select-no avia-size-medium avia-position-center avia-color-theme-color'   aria-label=\"Erfahren Sie mehr \u00fcber IGA\"><span class='avia_iconbox_title' >Erfahren Sie mehr \u00fcber IGA<\/span><\/a><\/div><\/p><\/div>\n<style type=\"text\/css\" data-created_by=\"avia_inline_auto\" id=\"style-css-av-o485-55f99a376a45c98912f28024605615c5\">\n#top .flex_column.av-o485-55f99a376a45c98912f28024605615c5{\nmargin-bottom:100px;\n}\n.responsive #top #wrap_all .flex_column.av-o485-55f99a376a45c98912f28024605615c5{\nmargin-bottom:100px;\n}\n<\/style>\n<div  class='flex_column av-o485-55f99a376a45c98912f28024605615c5 av_one_fourth  avia-builder-el-5  el_after_av_one_half  avia-builder-el-last  flex_column_div'     ><\/div>\n\n<\/div><\/div><\/main><!-- close content main element --><\/div><\/div><div id='av_section_2'  class='avia-section av-1c91x-cb26c51712f6076f3445324272564452 alternate_color avia-section-default avia-no-border-styling  avia-builder-el-6  el_after_av_section  avia-builder-el-last  avia-bg-style-scroll container_wrap fullsize'  ><div class='container av-section-cont-open' ><div class='template-page content  av-content-full alpha units'><div class='post-entry post-entry-type-page post-entry-33124'><div class='entry-content-wrapper clearfix'>\n<div class='flex_column_table av-m9ski0bg-5815bd4b4ec57d4aaee78de86da248cb sc-av_three_fifth av-equal-height-column-flextable'>\n<style type=\"text\/css\" data-created_by=\"avia_inline_auto\" id=\"style-css-av-m9ski0bg-5815bd4b4ec57d4aaee78de86da248cb\">\n.flex_column.av-m9ski0bg-5815bd4b4ec57d4aaee78de86da248cb{\nborder-radius:20px 0 0 20px;\npadding:30px 30px 30px 30px;\nbackground-color:#ffffff;\n}\n\n@media only screen and (min-width: 768px) and (max-width: 989px){ \n#top .flex_column_table.av-equal-height-column-flextable.av-m9ski0bg-5815bd4b4ec57d4aaee78de86da248cb{\nmargin-bottom:40px;\n}\n}\n\n@media only screen and (min-width: 480px) and (max-width: 767px){ \n#top .flex_column_table.av-equal-height-column-flextable.av-m9ski0bg-5815bd4b4ec57d4aaee78de86da248cb{\nmargin-bottom:40px;\n}\n}\n\n@media only screen and (max-width: 479px){ \n#top .flex_column_table.av-equal-height-column-flextable.av-m9ski0bg-5815bd4b4ec57d4aaee78de86da248cb{\nmargin-bottom:40px;\n}\n}\n<\/style>\n<div  class='flex_column av-m9ski0bg-5815bd4b4ec57d4aaee78de86da248cb av_three_fifth  avia-builder-el-7  el_before_av_two_fifth  avia-builder-el-first  first no_margin flex_column_table_cell av-equal-height-column av-align-top'     ><section  class='av_textblock_section av-rakt-0a0c4f656c9c1c117ec2035328770336'   itemscope=\"itemscope\" itemtype=\"https:\/\/schema.org\/CreativeWork\" ><div class='avia_textblock'  itemprop=\"text\" ><h3>Unser Engagement f\u00fcr die IGA<\/h3>\n<p data-start=\"117\" data-end=\"631\">Peelbergen ist stolz auf seine Partnerschaft mit der International Grooms Association als <strong>IGA Show Unterst\u00fctzer<\/strong>.<\/p>\n<p data-start=\"156\" data-end=\"514\">Pferdepfleger sind das R\u00fcckgrat des Pferdesports, und der Erfolg jeder Veranstaltung h\u00e4ngt von ihrem Engagement ab. Durch unsere Partnerschaft mit der IGA setzen wir uns daf\u00fcr ein, den Stimmen der Pferdepfleger Geh\u00f6r zu verschaffen, ihre Arbeitsbedingungen zu verbessern und die Zusammenarbeit zwischen Veranstaltern, Reitern und Verb\u00e4nden zu f\u00f6rdern, um das Wohlergehen der Pferdepfleger, Pferde und des Sports zu unterst\u00fctzen.<\/p>\n<p data-start=\"516\" data-end=\"873\">Dieses Engagement wird fortgesetzt, und es wurden bereits wichtige Initiativen ergriffen: kostenloses Fr\u00fchst\u00fcck und Mittagessen f\u00fcr Pferdepfleger bei allen FEI-Veranstaltungen, ein Verpflegungsbereich mit Sitzpl\u00e4tzen in der N\u00e4he der St\u00e4lle und Sicherheit vor Ort. Wir bem\u00fchen uns auch, die Endzeiten der Wettbewerbe zu respektieren, da wir wissen, wie wichtig dies f\u00fcr eine gesunde Work-Life-Balance ist.<\/p>\n<p data-start=\"1292\" data-end=\"1375\">Wir haben immer ein offenes Ohr f\u00fcr die Meinung der Br\u00e4utigame, denn Ihr Feedback hilft uns, uns zu verbessern und zu wachsen.<\/p>\n<p data-start=\"1264\" data-end=\"1420\">Ein Beitritt zur IGA bedeutet, dass man vertreten und unterst\u00fctzt wird und Teil einer wachsenden Bewegung ist, die positive Ver\u00e4nderungen anstrebt. <a href=\"https:\/\/internationalgrooms.org\/\"><strong>Jetzt beitreten<\/strong> <\/a><strong>und die Zukunft des Sports mitgestalten.<\/strong><\/p>\n<\/div><\/section><\/div>\n<style type=\"text\/css\" data-created_by=\"avia_inline_auto\" id=\"style-css-av-mbs0v6ac-20c11b1175a86ae040214dfeaad9f7d2\">\n.flex_column.av-mbs0v6ac-20c11b1175a86ae040214dfeaad9f7d2{\nborder-radius:15px 15px 15px 15px;\npadding:30px 30px 30px 30px;\nbackground:url(https:\/\/www.peelbergen.eu\/wp-content\/uploads\/2025\/07\/IGA_CHOSEN_LOGO_FULL_COLOUR.png) 50% 50% no-repeat scroll #ffffff;\n}\n\n@media only screen and (min-width: 768px) and (max-width: 989px){ \n#top .flex_column_table.av-equal-height-column-flextable.av-mbs0v6ac-20c11b1175a86ae040214dfeaad9f7d2{\nmargin-bottom:40px;\n}\n}\n\n@media only screen and (min-width: 480px) and (max-width: 767px){ \n#top .flex_column_table.av-equal-height-column-flextable.av-mbs0v6ac-20c11b1175a86ae040214dfeaad9f7d2{\nmargin-bottom:40px;\n}\n}\n\n@media only screen and (max-width: 479px){ \n#top .flex_column_table.av-equal-height-column-flextable.av-mbs0v6ac-20c11b1175a86ae040214dfeaad9f7d2{\nmargin-bottom:40px;\n}\n}\n<\/style>\n<div  class='flex_column av-mbs0v6ac-20c11b1175a86ae040214dfeaad9f7d2 av_two_fifth  avia-builder-el-9  el_after_av_three_fifth  el_before_av_one_third  no_margin flex_column_table_cell av-equal-height-column av-align-top avia-full-contain avia-link-column av-column-link'    data-link-column-url=\"https:\/\/internationalgrooms.org\/\"   ><a class=\"av-screen-reader-only\" href=\"https:\/\/internationalgrooms.org\/\" >Folgen Sie einem manuell hinzugef\u00fcgten Link<\/a><style type=\"text\/css\" data-created_by=\"avia_inline_auto\" id=\"style-css-av-md7cu5mt-5bcda2ff541b1a8445fb5affe89a5726\">\n#top .hr.hr-invisible.av-md7cu5mt-5bcda2ff541b1a8445fb5affe89a5726{\nheight:1px;\n}\n<\/style>\n<div  class='hr av-md7cu5mt-5bcda2ff541b1a8445fb5affe89a5726 hr-invisible  avia-builder-el-10  avia-builder-el-no-sibling'><span class='hr-inner'><span class=\"hr-inner-style\"><\/span><\/span><\/div><\/div><\/div><!--close column table wrapper. Autoclose: 1 --><div class='flex_column_table av-1oz5vj4-44de8c3e825fe809ed51fbb08395451d sc-av_one_third av-equal-height-column-flextable'>\n<style type=\"text\/css\" data-created_by=\"avia_inline_auto\" id=\"style-css-av-1oz5vj4-44de8c3e825fe809ed51fbb08395451d\">\n.flex_column.av-1oz5vj4-44de8c3e825fe809ed51fbb08395451d{\nwidth:32.333333333333%;\nmargin-left:0;\nborder-radius:20px 20px 20px 20px;\npadding:30px 30px 30px 30px;\nbackground:url(https:\/\/www.peelbergen.eu\/wp-content\/uploads\/2025\/07\/1771-AD2_8650-scaled.jpg) 50% 50% no-repeat scroll #000000;\n}\n#top .flex_column_table.av-equal-height-column-flextable.av-1oz5vj4-44de8c3e825fe809ed51fbb08395451d .av-flex-placeholder{\nwidth:1.5%;\n}\n<\/style>\n<div  class='flex_column av-1oz5vj4-44de8c3e825fe809ed51fbb08395451d av_one_third  avia-builder-el-11  el_after_av_two_fifth  el_before_av_one_third  first flex_column_table_cell av-equal-height-column av-align-top avia-full-stretch'     ><style type=\"text\/css\" data-created_by=\"avia_inline_auto\" id=\"style-css-av-3o4r9c-18adcfcdc0045e639664e28faa6fad3c\">\n#top .hr.hr-invisible.av-3o4r9c-18adcfcdc0045e639664e28faa6fad3c{\nheight:400px;\n}\n<\/style>\n<div  class='hr av-3o4r9c-18adcfcdc0045e639664e28faa6fad3c hr-invisible  avia-builder-el-12  avia-builder-el-no-sibling'><span class='hr-inner'><span class=\"hr-inner-style\"><\/span><\/span><\/div><\/div><div class='av-flex-placeholder'><\/div>\n<style type=\"text\/css\" data-created_by=\"avia_inline_auto\" id=\"style-css-av-m9sky9uq-201d01739881a3bdc246d757ffad3898\">\n.flex_column.av-m9sky9uq-201d01739881a3bdc246d757ffad3898{\nwidth:32.333333333333%;\nmargin-left:0;\nborder-radius:20px 20px 20px 20px;\npadding:30px 30px 30px 30px;\nbackground:url(https:\/\/www.peelbergen.eu\/wp-content\/uploads\/2025\/07\/1765-NH108006-1-kopie-scaled.jpg) 50% 50% no-repeat scroll #000000;\n}\n#top .flex_column_table.av-equal-height-column-flextable.av-m9sky9uq-201d01739881a3bdc246d757ffad3898 .av-flex-placeholder{\nwidth:1.5%;\n}\n<\/style>\n<div  class='flex_column av-m9sky9uq-201d01739881a3bdc246d757ffad3898 av_one_third  avia-builder-el-13  el_after_av_one_third  el_before_av_one_third  flex_column_table_cell av-equal-height-column av-align-top avia-full-stretch'     ><style type=\"text\/css\" data-created_by=\"avia_inline_auto\" id=\"style-css-av-m9skymdc-d9fe22a5b04c9164f62f7d7fd38dc7d5\">\n#top .hr.hr-invisible.av-m9skymdc-d9fe22a5b04c9164f62f7d7fd38dc7d5{\nheight:400px;\n}\n<\/style>\n<div  class='hr av-m9skymdc-d9fe22a5b04c9164f62f7d7fd38dc7d5 hr-invisible  avia-builder-el-14  avia-builder-el-no-sibling'><span class='hr-inner'><span class=\"hr-inner-style\"><\/span><\/span><\/div><\/div><div class='av-flex-placeholder'><\/div>\n<style type=\"text\/css\" data-created_by=\"avia_inline_auto\" id=\"style-css-av-3u5h1-ca98368c8473263ea090597f9673a933\">\n.flex_column.av-3u5h1-ca98368c8473263ea090597f9673a933{\nwidth:32.333333333333%;\nmargin-left:0;\nborder-radius:20px 20px 20px 20px;\npadding:30px 30px 30px 30px;\nbackground:url(https:\/\/www.peelbergen.eu\/wp-content\/uploads\/2025\/07\/1695-AD1_9319-kopie-scaled.jpg) 50% 50% no-repeat scroll #000000;\n}\n#top .flex_column_table.av-equal-height-column-flextable.av-3u5h1-ca98368c8473263ea090597f9673a933 .av-flex-placeholder{\nwidth:1.5%;\n}\n<\/style>\n<div  class='flex_column av-3u5h1-ca98368c8473263ea090597f9673a933 av_one_third  avia-builder-el-15  el_after_av_one_third  el_before_av_two_fifth  flex_column_table_cell av-equal-height-column av-align-top avia-full-stretch'     ><style type=\"text\/css\" data-created_by=\"avia_inline_auto\" id=\"style-css-av-bitx-d7a37b78bbd802118ee8c74e2d35e283\">\n#top .hr.hr-invisible.av-bitx-d7a37b78bbd802118ee8c74e2d35e283{\nheight:400px;\n}\n<\/style>\n<div  class='hr av-bitx-d7a37b78bbd802118ee8c74e2d35e283 hr-invisible  avia-builder-el-16  avia-builder-el-no-sibling'><span class='hr-inner'><span class=\"hr-inner-style\"><\/span><\/span><\/div><\/div><\/div><!--close column table wrapper. Autoclose: 1 --><div class='flex_column_table av-2qke9-d763f74f989e4ad1826238358f85bcaf sc-av_two_fifth av-equal-height-column-flextable'>\n<style type=\"text\/css\" data-created_by=\"avia_inline_auto\" id=\"style-css-av-2qke9-d763f74f989e4ad1826238358f85bcaf\">\n.flex_column.av-2qke9-d763f74f989e4ad1826238358f85bcaf{\nwidth:39.1%;\nmargin-left:0;\nborder-radius:20px 20px 20px 20px;\npadding:30px 30px 30px 30px;\nbackground:url(https:\/\/www.peelbergen.eu\/wp-content\/uploads\/2025\/07\/1765-NH100620-scaled.jpg) 50% 50% no-repeat scroll #000000;\n}\n#top .flex_column_table.av-equal-height-column-flextable.av-2qke9-d763f74f989e4ad1826238358f85bcaf .av-flex-placeholder{\nwidth:1.5%;\n}\n<\/style>\n<div  class='flex_column av-2qke9-d763f74f989e4ad1826238358f85bcaf av_two_fifth  avia-builder-el-17  el_after_av_one_third  el_before_av_two_fifth  first flex_column_table_cell av-equal-height-column av-align-top avia-full-stretch  column-top-margin'     ><style type=\"text\/css\" data-created_by=\"avia_inline_auto\" id=\"style-css-av-227gt-84cab483193899177bef6c2f2fdf7af9\">\n#top .hr.hr-invisible.av-227gt-84cab483193899177bef6c2f2fdf7af9{\nheight:400px;\n}\n<\/style>\n<div  class='hr av-227gt-84cab483193899177bef6c2f2fdf7af9 hr-invisible  avia-builder-el-18  avia-builder-el-no-sibling'><span class='hr-inner'><span class=\"hr-inner-style\"><\/span><\/span><\/div><\/div><div class='av-flex-placeholder'><\/div>\n<style type=\"text\/css\" data-created_by=\"avia_inline_auto\" id=\"style-css-av-mbs11zkv-4029e42e8a800c1db2a18cf99f3eacc2\">\n.flex_column.av-mbs11zkv-4029e42e8a800c1db2a18cf99f3eacc2{\nwidth:39.1%;\nmargin-left:0;\nborder-radius:20px 20px 20px 20px;\npadding:30px 30px 30px 30px;\nbackground:url(https:\/\/www.peelbergen.eu\/wp-content\/uploads\/2025\/07\/1680-SP103887-2-kopie-scaled.jpg) 50% 50% no-repeat scroll #000000;\n}\n#top .flex_column_table.av-equal-height-column-flextable.av-mbs11zkv-4029e42e8a800c1db2a18cf99f3eacc2 .av-flex-placeholder{\nwidth:1.5%;\n}\n<\/style>\n<div  class='flex_column av-mbs11zkv-4029e42e8a800c1db2a18cf99f3eacc2 av_two_fifth  avia-builder-el-19  el_after_av_two_fifth  avia-builder-el-last  flex_column_table_cell av-equal-height-column av-align-top avia-full-stretch  column-top-margin'     ><style type=\"text\/css\" data-created_by=\"avia_inline_auto\" id=\"style-css-av-oledts-8ca9dd776508233d071539b6e96b9fbe\">\n#top .hr.hr-invisible.av-oledts-8ca9dd776508233d071539b6e96b9fbe{\nheight:400px;\n}\n<\/style>\n<div  class='hr av-oledts-8ca9dd776508233d071539b6e96b9fbe hr-invisible  avia-builder-el-20  avia-builder-el-no-sibling'><span class='hr-inner'><span class=\"hr-inner-style\"><\/span><\/span><\/div><\/div><\/div><!--close column table wrapper. Autoclose: 1 -->","protected":false},"excerpt":{"rendered":"","protected":false},"author":2,"featured_media":0,"parent":0,"menu_order":8,"comment_status":"closed","ping_status":"closed","template":"","meta":{"_acf_changed":false,"_monsterinsights_skip_tracking":false,"_monsterinsights_sitenote_active":false,"_monsterinsights_sitenote_note":"","_monsterinsights_sitenote_category":0,"_price":"","_stock":"","_tribe_ticket_header":"","_tribe_default_ticket_provider":"","_tribe_ticket_capacity":"0","_ticket_start_date":"","_ticket_end_date":"","_tribe_ticket_show_description":"","_tribe_ticket_show_not_going":false,"_tribe_ticket_use_global_stock":"","_tribe_ticket_global_stock_level":"","_global_stock_mode":"","_global_stock_cap":"","_tribe_rsvp_for_event":"","_tribe_ticket_going_count":"","_tribe_ticket_not_going_count":"","_tribe_tickets_list":"[]","_tribe_ticket_has_attendee_info_fields":false,"footnotes":"","_tec_slr_enabled":"","_tec_slr_layout":""},"class_list":["post-33124","page","type-page","status-publish","hentry"],"acf":[],"ticketed":false,"_links":{"self":[{"href":"https:\/\/www.peelbergen.eu\/de\/wp-json\/wp\/v2\/pages\/33124","targetHints":{"allow":["GET"]}}],"collection":[{"href":"https:\/\/www.peelbergen.eu\/de\/wp-json\/wp\/v2\/pages"}],"about":[{"href":"https:\/\/www.peelbergen.eu\/de\/wp-json\/wp\/v2\/types\/page"}],"author":[{"embeddable":true,"href":"https:\/\/www.peelbergen.eu\/de\/wp-json\/wp\/v2\/users\/2"}],"replies":[{"embeddable":true,"href":"https:\/\/www.peelbergen.eu\/de\/wp-json\/wp\/v2\/comments?post=33124"}],"version-history":[{"count":25,"href":"https:\/\/www.peelbergen.eu\/de\/wp-json\/wp\/v2\/pages\/33124\/revisions"}],"predecessor-version":[{"id":33161,"href":"https:\/\/www.peelbergen.eu\/de\/wp-json\/wp\/v2\/pages\/33124\/revisions\/33161"}],"wp:attachment":[{"href":"https:\/\/www.peelbergen.eu\/de\/wp-json\/wp\/v2\/media?parent=33124"}],"curies":[{"name":"wp","href":"https:\/\/api.w.org\/{rel}","templated":true}]}}