{"id":32493,"date":"2025-06-14T14:53:41","date_gmt":"2025-06-14T12:53:41","guid":{"rendered":"https:\/\/www.peelbergen.eu\/nieuw\/?page_id=32493"},"modified":"2025-06-14T14:53:41","modified_gmt":"2025-06-14T12:53:41","slug":"house-rules","status":"publish","type":"page","link":"https:\/\/www.peelbergen.eu\/de\/house-rules\/","title":{"rendered":"Hausordnung"},"content":{"rendered":"<style type=\"text\/css\" data-created_by=\"avia_inline_auto\" id=\"style-css-av-m9tv4zbz-5cbf1e1c06a9ef97bf498316fc8cc359\">\n.avia-section.av-m9tv4zbz-5cbf1e1c06a9ef97bf498316fc8cc359{\nbackground-color:#000000;\nbackground-image:unset;\n}\n<\/style>\n<div id='av_section_1'  class='avia-section av-m9tv4zbz-5cbf1e1c06a9ef97bf498316fc8cc359 main_color avia-section-default avia-no-border-styling  avia-builder-el-0  avia-builder-el-no-sibling  avia-bg-style-scroll container_wrap fullsize'  ><div class='container av-section-cont-open' ><main  role=\"main\" itemprop=\"mainContentOfPage\"  class='template-page content  av-content-full alpha units'><div class='post-entry post-entry-type-page post-entry-32493'><div class='entry-content-wrapper clearfix'>\n\n<style type=\"text\/css\" data-created_by=\"avia_inline_auto\" id=\"style-css-av-20fvp-31c0718448f6b6c3736937e749219885\">\n\n@media only screen and (min-width: 990px){ \n#top .flex_column.av-20fvp-31c0718448f6b6c3736937e749219885{\nmargin-top:130px;\nmargin-bottom:90px;\n}\n.responsive #top #wrap_all .flex_column.av-20fvp-31c0718448f6b6c3736937e749219885{\nmargin-top:130px;\nmargin-bottom:90px;\n}\n}\n<\/style>\n<div  class='flex_column av-20fvp-31c0718448f6b6c3736937e749219885 av_one_fifth  avia-builder-el-1  el_before_av_three_fifth  avia-builder-el-first  first flex_column_div'     ><\/div>\n<style type=\"text\/css\" data-created_by=\"avia_inline_auto\" id=\"style-css-av-1fpyx-e900fd34a8b20e75445efd60d4359bf4\">\n\n@media only screen and (min-width: 990px){ \n#top .flex_column.av-1fpyx-e900fd34a8b20e75445efd60d4359bf4{\nmargin-top:130px;\nmargin-bottom:90px;\n}\n.responsive #top #wrap_all .flex_column.av-1fpyx-e900fd34a8b20e75445efd60d4359bf4{\nmargin-top:130px;\nmargin-bottom:90px;\n}\n}\n<\/style>\n<div  class='flex_column av-1fpyx-e900fd34a8b20e75445efd60d4359bf4 av_three_fifth  avia-builder-el-2  el_after_av_one_fifth  el_before_av_one_fifth  flex_column_div'     ><p>\n<style type=\"text\/css\" data-created_by=\"avia_inline_auto\" id=\"style-css-av-macdik4z-5f84e7cbde81d5bbe2e55320a3f3e164\">\n#top .av-special-heading.av-macdik4z-5f84e7cbde81d5bbe2e55320a3f3e164{\ncolor:#ffffff;\n}\nbody .av-special-heading.av-macdik4z-5f84e7cbde81d5bbe2e55320a3f3e164 .av-special-heading-tag .heading-char{\nfont-size:25px;\n}\n.av-special-heading.av-macdik4z-5f84e7cbde81d5bbe2e55320a3f3e164 .special-heading-inner-border{\nborder-color:#ffffff;\n}\n.av-special-heading.av-macdik4z-5f84e7cbde81d5bbe2e55320a3f3e164 .av-subheading{\nfont-size:15px;\n}\n<\/style>\n<div  class='av-special-heading av-macdik4z-5f84e7cbde81d5bbe2e55320a3f3e164 av-special-heading-h1 custom-color-heading blockquote modern-quote modern-centered  avia-builder-el-3  el_before_av_textblock  avia-builder-el-first'><h1 class='av-special-heading-tag'  itemprop=\"headline\"  >Hausordnung<\/h1><div class=\"special-heading-border\"><div class=\"special-heading-inner-border\"><\/div><\/div><\/div><br \/>\n\n<style type=\"text\/css\" data-created_by=\"avia_inline_auto\" id=\"style-css-av-m9tv4ugs-ebb79fd9d727876c82cf3aa501961b8e\">\n#top .av_textblock_section.av-m9tv4ugs-ebb79fd9d727876c82cf3aa501961b8e .avia_textblock{\ncolor:#ffffff;\n}\n<\/style>\n<section  class='av_textblock_section av-m9tv4ugs-ebb79fd9d727876c82cf3aa501961b8e'   itemscope=\"itemscope\" itemtype=\"https:\/\/schema.org\/CreativeWork\" ><div class='avia_textblock av_inherit_color'  itemprop=\"text\" ><p class=\"headline font-inherit fontsize-xxxl fontweight-300 lh-inherit align-center transform-inherit\" style=\"text-align: center;\" data-heading-tag=\"H4\">Bitte verhalten Sie sich respektvoll gegen\u00fcber Peelbergen. Im Folgenden finden Sie einige grundlegende Hausregeln, deren Einhaltung wir von allen unseren G\u00e4sten erwarten.<\/p>\n<\/div><\/section><\/p><\/div>\n<style type=\"text\/css\" data-created_by=\"avia_inline_auto\" id=\"style-css-av-ol9t-177cb81550a9230d6d01794e9e34ce73\">\n\n@media only screen and (min-width: 990px){ \n#top .flex_column.av-ol9t-177cb81550a9230d6d01794e9e34ce73{\nmargin-top:130px;\nmargin-bottom:90px;\n}\n.responsive #top #wrap_all .flex_column.av-ol9t-177cb81550a9230d6d01794e9e34ce73{\nmargin-top:130px;\nmargin-bottom:90px;\n}\n}\n<\/style>\n<div  class='flex_column av-ol9t-177cb81550a9230d6d01794e9e34ce73 av_one_fifth  avia-builder-el-5  el_after_av_three_fifth  el_before_av_one_full  flex_column_div'     ><\/div><div class='flex_column_table av-m9tv7vmn-d3d606521eb72a205db1e1fbde4a1b67 sc-av_one_full av-equal-height-column-flextable'>\n<style type=\"text\/css\" data-created_by=\"avia_inline_auto\" id=\"style-css-av-m9tv7vmn-d3d606521eb72a205db1e1fbde4a1b67\">\n.flex_column.av-m9tv7vmn-d3d606521eb72a205db1e1fbde4a1b67{\nborder-radius:20px 0 0 20px;\npadding:30px 30px 30px 30px;\nbackground-color:#ffffff;\n}\n<\/style>\n<div  class='flex_column av-m9tv7vmn-d3d606521eb72a205db1e1fbde4a1b67 av_one_full  avia-builder-el-6  el_after_av_one_fifth  el_before_av_hr  first no_margin flex_column_table_cell av-equal-height-column av-align-middle  column-top-margin'     ><section  class='av_textblock_section av-1lbl9-680b48f83435ac752665d37bb91f0c8c'   itemscope=\"itemscope\" itemtype=\"https:\/\/schema.org\/CreativeWork\" ><div class='avia_textblock'  itemprop=\"text\" ><div class=\"wpb_row vc_row-fluid standard-section section section-no-parallax stretch\" data-speed=\"1\">\n<div class=\"col span_12 color-dark left\">\n<div class=\"vc_col-sm-12 wpb_column column_container col no-padding color-dark\" data-animation=\"\" data-delay=\"\">\n<div class=\"wpb_wrapper\">\n<h1 class=\"headline font-inherit fontsize-l fontweight-600 lh-inherit align-center transform-inherit\" data-heading-tag=\"H1\">Hausordnung<\/h1>\n<\/div>\n<\/div>\n<\/div>\n<\/div>\n<div class=\"wpb_row vc_row-fluid standard-section section section-no-parallax stretch\" data-speed=\"1\">\n<div class=\"col span_12 color-dark left\">\n<div class=\"vc_col-sm-8 wpb_column column_container col no-padding color-dark\" data-animation=\"\" data-delay=\"\">\n<div class=\"wpb_wrapper\">\n<div class=\"wpb_text_column wpb_content_element\">\n<div class=\"wpb_wrapper\">\n<ul>\n<li>Reiter m\u00fcssen auf dem Pferd immer einen Reithelm tragen.<\/li>\n<li>Das Longieren ist nur in den daf\u00fcr vorgesehenen Arenen erlaubt.<\/li>\n<li>Hunde sind im Geb\u00e4ude nicht erlaubt.<\/li>\n<li>Das Rauchen ist im Geb\u00e4ude nicht gestattet.<\/li>\n<li>Bitte hinterlassen Sie keine Abf\u00e4lle auf dem Parkplatz.<\/li>\n<li>Es wird von Ihnen erwartet, dass Sie den Kot Ihres Pferdes auf dem Abreiteplatz selbst beseitigen.<\/li>\n<li>Bitte lassen Sie Ihr Pferd nicht an der Umz\u00e4unung oder den R\u00e4ndern der Reithalle kauen.<\/li>\n<li>Das Rauchen ist im Stallbereich nicht erlaubt.<\/li>\n<li>Das Abstellen von Pkw ohne Anh\u00e4nger auf dem Lkw-Parkplatz ist nicht gestattet.<\/li>\n<li>Bitte beachten Sie die Hinweise zum Parken.<\/li>\n<li>Als Nichtgr\u00fcnder ist es nicht gestattet, auf den f\u00fcr Gr\u00fcnder vorgesehenen Parkpl\u00e4tzen zu parken. Diese befinden sich an der Vorderseite des Geb\u00e4udes und sind an den Schildern zu erkennen.<\/li>\n<li>Der Verzehr von selbst mitgebrachten Speisen und Getr\u00e4nken im Restaurant oder Pavillon ist nicht gestattet.<\/li>\n<li>Es ist nicht m\u00f6glich, in bar zu bezahlen. Die Zahlungen m\u00fcssen mit Karte (Maestro\/Kreditkarte\/Debit) erfolgen.<\/li>\n<li>Wenn Grausamkeiten an Pferden festgestellt werden, kann das Disziplinarrecht des KNHS angewandt werden, und die Organisation kann den Beteiligten auch den Zugang zum Zentrum verweigern.<\/li>\n<li>Das Betreten des Gel\u00e4ndes des Reitsportzentrums Peelbergen erfolgt auf eigene Gefahr. Die Organisation schlie\u00dft ausdr\u00fccklich die Haftung f\u00fcr den Eintritt und die Folgen von Unf\u00e4llen sowie die Haftung f\u00fcr Verlust, Diebstahl oder Besch\u00e4digung von G\u00fctern aus, an denen Teilnehmer, Mitarbeiter, Besucher, Pferde oder Materialien beteiligt sind.<\/li>\n<li>Pressevertreter m\u00fcssen sich bei ihrer Ankunft bei der Organisation vorstellen.<\/li>\n<li>Fotografen d\u00fcrfen sich nur mit Genehmigung des Reitzentrums Peelbergen w\u00e4hrend der Siegerehrungen in der Arena aufhalten, es sei denn, mit der Organisation wurde etwas anderes vereinbart.<\/li>\n<\/ul>\n<\/div>\n<\/div>\n<\/div>\n<\/div>\n<div class=\"vc_col-sm-4 wpb_column column_container col no-padding color-dark\" data-animation=\"\" data-delay=\"\">\n<div class=\"wpb_wrapper\">\n<div class=\"single_image wpb_content_element align-left\" data-animation=\"none\" data-delay=\"0\"><\/div>\n<div class=\"single_image wpb_content_element align-left\" data-animation=\"none\" data-delay=\"0\"><\/div>\n<\/div>\n<\/div>\n<\/div>\n<\/div>\n<div class=\"wpb_row vc_row-fluid standard-section section section-no-parallax stretch\" data-speed=\"1\">\n<div class=\"col span_12 color-dark left\"><\/div>\n<\/div>\n<\/div><\/section><\/div><\/div><!--close column table wrapper. Autoclose: 1 --><div  class='hr av-mbutstay-c04fb0390260a32fc814b64f3244209a hr-default  avia-builder-el-8  el_after_av_one_full  el_before_av_textblock'><span class='hr-inner'><span class=\"hr-inner-style\"><\/span><\/span><\/div>\n\n<style type=\"text\/css\" data-created_by=\"avia_inline_auto\" id=\"style-css-av-mbutpkj4-7efb98f82a2dc10ca99fe4cd876ad5ff\">\n#top .av_textblock_section.av-mbutpkj4-7efb98f82a2dc10ca99fe4cd876ad5ff .avia_textblock{\ncolor:#ffffff;\n}\n<\/style>\n<section  class='av_textblock_section av-mbutpkj4-7efb98f82a2dc10ca99fe4cd876ad5ff'   itemscope=\"itemscope\" itemtype=\"https:\/\/schema.org\/CreativeWork\" ><div class='avia_textblock av_inherit_color'  itemprop=\"text\" ><div class=\"wpb_text_column wpb_content_element\">\n<div class=\"wpb_wrapper\">\n<h2>Praktische Informationen<\/h2>\n<h3>Zugang<\/h3>\n<p>Der Eintritt ist frei. Alle Besucher sind herzlich willkommen.<\/p>\n<h3>Hotels<\/h3>\n<p>In der N\u00e4he gibt es mehrere Hotels. Auf unserer Seite \"Hotels\" finden Sie weitere Informationen \u00fcber die Hotels und k\u00f6nnen ein Zimmer buchen.<\/p>\n<h3>Route zum Reitsportzentrum Peelbergen<\/h3>\n<p>Peelbergen Equestrian Centre<br \/>\nTravers 5<br \/>\n5976 PL, Kronenberg<br \/>\nDie Niederlande<\/p>\n<h4>Navigation<\/h4>\n<section class=\"av_textblock_section av-rkub-36a8dd2509763d3595ba6c174d312b19\">\n<div class=\"avia_textblock\">\n<p><em>Geben Sie in Ihrer Navigation die Peelstraat als Ziel ein.<\/em><\/p>\n<\/div>\n<\/section>\n<\/div>\n<\/div>\n<\/div><\/section>\n<div  class='avia-button-wrap av-mbutq38p-653154ed920226e0fe438d771083b340-wrap avia-button-left  avia-builder-el-10  el_after_av_textblock  avia-builder-el-last'><a href='https:\/\/www.google.nl\/maps\/place\/Equestrian+Centre+de+Peelbergen\/@51.4110794,5.9681331,14.69z\/data=!4m5!3m4!1s0x47c747364aa6f65f:0x7d7031d343d4951e!8m2!3d51.4137216!4d5.9719267'  class='avia-button av-mbutq38p-653154ed920226e0fe438d771083b340 av-link-btn avia-icon_select-no avia-size-medium avia-position-left avia-color-theme-color-highlight'   aria-label=\"Route \u00fcber Google Maps\"><span class='avia_iconbox_title' >Route \u00fcber Google Maps<\/span><\/a><\/div>","protected":false},"excerpt":{"rendered":"","protected":false},"author":2,"featured_media":0,"parent":0,"menu_order":10,"comment_status":"closed","ping_status":"closed","template":"","meta":{"_acf_changed":false,"_monsterinsights_skip_tracking":false,"_monsterinsights_sitenote_active":false,"_monsterinsights_sitenote_note":"","_monsterinsights_sitenote_category":0,"_price":"","_stock":"","_tribe_ticket_header":"","_tribe_default_ticket_provider":"","_tribe_ticket_capacity":"0","_ticket_start_date":"","_ticket_end_date":"","_tribe_ticket_show_description":"","_tribe_ticket_show_not_going":false,"_tribe_ticket_use_global_stock":"","_tribe_ticket_global_stock_level":"","_global_stock_mode":"","_global_stock_cap":"","_tribe_rsvp_for_event":"","_tribe_ticket_going_count":"","_tribe_ticket_not_going_count":"","_tribe_tickets_list":"[]","_tribe_ticket_has_attendee_info_fields":false,"footnotes":"","_tec_slr_enabled":"","_tec_slr_layout":""},"class_list":["post-32493","page","type-page","status-publish","hentry"],"acf":[],"ticketed":false,"_links":{"self":[{"href":"https:\/\/www.peelbergen.eu\/de\/wp-json\/wp\/v2\/pages\/32493","targetHints":{"allow":["GET"]}}],"collection":[{"href":"https:\/\/www.peelbergen.eu\/de\/wp-json\/wp\/v2\/pages"}],"about":[{"href":"https:\/\/www.peelbergen.eu\/de\/wp-json\/wp\/v2\/types\/page"}],"author":[{"embeddable":true,"href":"https:\/\/www.peelbergen.eu\/de\/wp-json\/wp\/v2\/users\/2"}],"replies":[{"embeddable":true,"href":"https:\/\/www.peelbergen.eu\/de\/wp-json\/wp\/v2\/comments?post=32493"}],"version-history":[{"count":4,"href":"https:\/\/www.peelbergen.eu\/de\/wp-json\/wp\/v2\/pages\/32493\/revisions"}],"predecessor-version":[{"id":32497,"href":"https:\/\/www.peelbergen.eu\/de\/wp-json\/wp\/v2\/pages\/32493\/revisions\/32497"}],"wp:attachment":[{"href":"https:\/\/www.peelbergen.eu\/de\/wp-json\/wp\/v2\/media?parent=32493"}],"curies":[{"name":"wp","href":"https:\/\/api.w.org\/{rel}","templated":true}]}}