{"id":32434,"date":"2025-06-13T15:10:10","date_gmt":"2025-06-13T13:10:10","guid":{"rendered":"https:\/\/www.peelbergen.eu\/nieuw\/?page_id=32434"},"modified":"2025-06-13T15:11:51","modified_gmt":"2025-06-13T13:11:51","slug":"visit-peelbergen","status":"publish","type":"page","link":"https:\/\/www.peelbergen.eu\/de\/visit-peelbergen\/","title":{"rendered":"PEELBERGEN BESUCHEN"},"content":{"rendered":"<style type=\"text\/css\" data-created_by=\"avia_inline_auto\" id=\"style-css-av-m9tv4zbz-26ff0d85ce8394c1ad8d2364c32d74fd\">\n.avia-section.av-m9tv4zbz-26ff0d85ce8394c1ad8d2364c32d74fd{\nbackground-color:#000000;\nbackground-image:url(https:\/\/www.peelbergen.eu\/wp-content\/uploads\/2025\/06\/Untitled-design-18.png);\nbackground-repeat:no-repeat;\nbackground-position:50% 0%;\nbackground-attachment:scroll;\n}\n<\/style>\n<div id='av_section_1'  class='avia-section av-m9tv4zbz-26ff0d85ce8394c1ad8d2364c32d74fd main_color avia-section-default avia-no-border-styling  avia-builder-el-0  el_before_av_video  avia-builder-el-first  avia-full-contain avia-bg-style-scroll container_wrap fullsize'  data-section-bg-repeat='contain'><div class='container av-section-cont-open' ><main  role=\"main\" itemprop=\"mainContentOfPage\"  class='template-page content  av-content-full alpha units'><div class='post-entry post-entry-type-page post-entry-32434'><div class='entry-content-wrapper clearfix'>\n\n<style type=\"text\/css\" data-created_by=\"avia_inline_auto\" id=\"style-css-av-20fvp-31c0718448f6b6c3736937e749219885\">\n\n@media only screen and (min-width: 990px){ \n#top .flex_column.av-20fvp-31c0718448f6b6c3736937e749219885{\nmargin-top:130px;\nmargin-bottom:90px;\n}\n.responsive #top #wrap_all .flex_column.av-20fvp-31c0718448f6b6c3736937e749219885{\nmargin-top:130px;\nmargin-bottom:90px;\n}\n}\n<\/style>\n<div  class='flex_column av-20fvp-31c0718448f6b6c3736937e749219885 av_one_fifth  avia-builder-el-1  el_before_av_three_fifth  avia-builder-el-first  first flex_column_div'     ><\/div>\n<style type=\"text\/css\" data-created_by=\"avia_inline_auto\" id=\"style-css-av-1fpyx-e900fd34a8b20e75445efd60d4359bf4\">\n\n@media only screen and (min-width: 990px){ \n#top .flex_column.av-1fpyx-e900fd34a8b20e75445efd60d4359bf4{\nmargin-top:130px;\nmargin-bottom:90px;\n}\n.responsive #top #wrap_all .flex_column.av-1fpyx-e900fd34a8b20e75445efd60d4359bf4{\nmargin-top:130px;\nmargin-bottom:90px;\n}\n}\n<\/style>\n<div  class='flex_column av-1fpyx-e900fd34a8b20e75445efd60d4359bf4 av_three_fifth  avia-builder-el-2  el_after_av_one_fifth  el_before_av_one_fifth  flex_column_div'     ><p>\n<style type=\"text\/css\" data-created_by=\"avia_inline_auto\" id=\"style-css-av-macdik4z-857d5850a27ce0647c6fc1efd1176263\">\n#top .av-special-heading.av-macdik4z-857d5850a27ce0647c6fc1efd1176263{\ncolor:#ffffff;\n}\nbody .av-special-heading.av-macdik4z-857d5850a27ce0647c6fc1efd1176263 .av-special-heading-tag .heading-char{\nfont-size:25px;\n}\n.av-special-heading.av-macdik4z-857d5850a27ce0647c6fc1efd1176263 .special-heading-inner-border{\nborder-color:#ffffff;\n}\n.av-special-heading.av-macdik4z-857d5850a27ce0647c6fc1efd1176263 .av-subheading{\nfont-size:15px;\n}\n<\/style>\n<div  class='av-special-heading av-macdik4z-857d5850a27ce0647c6fc1efd1176263 av-special-heading-h1 custom-color-heading blockquote modern-quote modern-centered  avia-builder-el-3  el_before_av_textblock  avia-builder-el-first'><h1 class='av-special-heading-tag'  itemprop=\"headline\"  >PEELBERGEN BESUCHEN<\/h1><div class=\"special-heading-border\"><div class=\"special-heading-inner-border\"><\/div><\/div><\/div><br \/>\n\n<style type=\"text\/css\" data-created_by=\"avia_inline_auto\" id=\"style-css-av-m9tv4ugs-ebb79fd9d727876c82cf3aa501961b8e\">\n#top .av_textblock_section.av-m9tv4ugs-ebb79fd9d727876c82cf3aa501961b8e .avia_textblock{\ncolor:#ffffff;\n}\n<\/style>\n<section  class='av_textblock_section av-m9tv4ugs-ebb79fd9d727876c82cf3aa501961b8e'   itemscope=\"itemscope\" itemtype=\"https:\/\/schema.org\/CreativeWork\" ><div class='avia_textblock av_inherit_color'  itemprop=\"text\" ><h4 class=\"headline font-inherit fontsize-xxxl fontweight-300 lh-inherit align-center transform-inherit\" style=\"text-align: center;\" data-heading-tag=\"H4\">M\u00f6chten Sie das Peelbergen Equestrian Centre als Gast besuchen?<\/h4>\n<p style=\"text-align: center;\" data-start=\"435\" data-end=\"652\">Der Eintritt ist f\u00fcr alle Besucher frei - also kommen Sie und machen Sie mit!<\/p>\n<\/div><\/section><\/p><\/div>\n<style type=\"text\/css\" data-created_by=\"avia_inline_auto\" id=\"style-css-av-ol9t-177cb81550a9230d6d01794e9e34ce73\">\n\n@media only screen and (min-width: 990px){ \n#top .flex_column.av-ol9t-177cb81550a9230d6d01794e9e34ce73{\nmargin-top:130px;\nmargin-bottom:90px;\n}\n.responsive #top #wrap_all .flex_column.av-ol9t-177cb81550a9230d6d01794e9e34ce73{\nmargin-top:130px;\nmargin-bottom:90px;\n}\n}\n<\/style>\n<div  class='flex_column av-ol9t-177cb81550a9230d6d01794e9e34ce73 av_one_fifth  avia-builder-el-5  el_after_av_three_fifth  el_before_av_one_half  flex_column_div'     ><\/div><div class='flex_column_table av-m9tv5xz4-0354abf0b15ac7d4cf5f3dc5217f7368 sc-av_one_half av-equal-height-column-flextable'>\n<style type=\"text\/css\" data-created_by=\"avia_inline_auto\" id=\"style-css-av-m9tv5xz4-0354abf0b15ac7d4cf5f3dc5217f7368\">\n.flex_column.av-m9tv5xz4-0354abf0b15ac7d4cf5f3dc5217f7368{\nborder-radius:20px 0 0 20px;\npadding:30px 30px 30px 30px;\nbackground-color:#ffffff;\n}\n<\/style>\n<div  class='flex_column av-m9tv5xz4-0354abf0b15ac7d4cf5f3dc5217f7368 av_one_half  avia-builder-el-6  el_after_av_one_fifth  el_before_av_one_half  first no_margin flex_column_table_cell av-equal-height-column av-align-middle  column-top-margin'     ><section  class='av_textblock_section av-m9tv6qpn-5cd660460fa1f611baa0a95f92258501'   itemscope=\"itemscope\" itemtype=\"https:\/\/schema.org\/CreativeWork\" ><div class='avia_textblock'  itemprop=\"text\" ><h2 data-heading-tag=\"H2\">PFERDESPORT IM PFERDEZENTRUM PEELBERGEN<\/h2>\n<p>Wir organisieren w\u00f6chentlich Wettbewerbe und Veranstaltungen, von lokalen Wettbewerben bis hin zu 3-Sterne-Veranstaltungen, an denen Reiter aus der ganzen Welt teilnehmen. Die Teilnahme an all unseren Veranstaltungen ist kostenlos, siehe unseren Kalender.<\/p>\n<\/div><\/section><br \/>\n<div  class='avia-button-wrap av-m9tv75rj-47e9eeeed75b9f02e732cc9fe64cb033-wrap avia-button-left  avia-builder-el-8  el_after_av_textblock  avia-builder-el-last'><a href='https:\/\/www.peelbergen.eu\/agenda\/'  class='avia-button av-m9tv75rj-47e9eeeed75b9f02e732cc9fe64cb033 av-link-btn avia-icon_select-no avia-size-medium avia-position-left avia-color-theme-color-highlight'  target=\"_blank\"  rel=\"noopener noreferrer\"  aria-label=\"Kalender\"><span class='avia_iconbox_title' >Kalender<\/span><\/a><\/div><\/p><\/div>\n<style type=\"text\/css\" data-created_by=\"avia_inline_auto\" id=\"style-css-av-2v09l-ec5947a83ef722d5893627df9ee0ea13\">\n.flex_column.av-2v09l-ec5947a83ef722d5893627df9ee0ea13{\nborder-radius:0 20px 20px 0;\nbackground:url(https:\/\/www.peelbergen.eu\/wp-content\/uploads\/2025\/06\/1695-MM102946-3-scaled-1.jpg) 50% 50% no-repeat scroll ;\n}\n<\/style>\n<div  class='flex_column av-2v09l-ec5947a83ef722d5893627df9ee0ea13 av_one_half  avia-builder-el-9  el_after_av_one_half  el_before_av_one_half  no_margin flex_column_table_cell av-equal-height-column av-align-middle avia-full-stretch  column-top-margin'     ><style type=\"text\/css\" data-created_by=\"avia_inline_auto\" id=\"style-css-av-1w1xl-ba6438708ac63659420fc29a471f1ece\">\n#top .hr.hr-invisible.av-1w1xl-ba6438708ac63659420fc29a471f1ece{\nheight:500px;\n}\n<\/style>\n<div  class='hr av-1w1xl-ba6438708ac63659420fc29a471f1ece hr-invisible  avia-builder-el-10  avia-builder-el-no-sibling'><span class='hr-inner'><span class=\"hr-inner-style\"><\/span><\/span><\/div><\/div><\/div><!--close column table wrapper. Autoclose: 1 --><div class='flex_column_table av-m9tv7vmn-d3d606521eb72a205db1e1fbde4a1b67 sc-av_one_half av-equal-height-column-flextable'>\n<style type=\"text\/css\" data-created_by=\"avia_inline_auto\" id=\"style-css-av-m9tv7vmn-d3d606521eb72a205db1e1fbde4a1b67\">\n.flex_column.av-m9tv7vmn-d3d606521eb72a205db1e1fbde4a1b67{\nborder-radius:20px 0 0 20px;\npadding:30px 30px 30px 30px;\nbackground-color:#ffffff;\n}\n<\/style>\n<div  class='flex_column av-m9tv7vmn-d3d606521eb72a205db1e1fbde4a1b67 av_one_half  avia-builder-el-11  el_after_av_one_half  el_before_av_one_half  first no_margin flex_column_table_cell av-equal-height-column av-align-middle  column-top-margin'     ><section  class='av_textblock_section av-1lbl9-680b48f83435ac752665d37bb91f0c8c'   itemscope=\"itemscope\" itemtype=\"https:\/\/schema.org\/CreativeWork\" ><div class='avia_textblock'  itemprop=\"text\" ><h2 data-heading-tag=\"H2\">EINZIGARTIGES SPEISEERLEBNIS<\/h2>\n<p>Unser Gastfreundschaftsteam empf\u00e4ngt Sie w\u00e4hrend der Hallensaison in unserem Restaurant Peelbergen, das sich im Herzen des Reitsportzentrums befindet. Von hier aus haben Sie einen sch\u00f6nen Blick auf unsere drei Reithallen. W\u00e4hrend der Freiluftsaison verlegen wir unser Restaurant in den Pavillon, von wo aus Sie einen hervorragenden Blick auf unsere Au\u00dfenanlage haben.<\/p>\n<\/div><\/section><br \/>\n<div  class='avia-button-wrap av-v0d9-c55b20d394e0c6a2c8b9ef1968f06251-wrap avia-button-left  avia-builder-el-13  el_after_av_textblock  avia-builder-el-last'><a href='https:\/\/www.peelbergen.eu\/de\/events-restaurant\/'  class='avia-button av-v0d9-c55b20d394e0c6a2c8b9ef1968f06251 av-link-btn avia-icon_select-no avia-size-medium avia-position-left avia-color-theme-color-highlight'   aria-label=\"Unser Restaurant\"><span class='avia_iconbox_title' >Unser Restaurant<\/span><\/a><\/div><\/p><\/div>\n<style type=\"text\/css\" data-created_by=\"avia_inline_auto\" id=\"style-css-av-1rtul-53c19598914be6304eb43cbee971fcc8\">\n.flex_column.av-1rtul-53c19598914be6304eb43cbee971fcc8{\nborder-radius:0 20px 20px 0;\nbackground:url(https:\/\/www.peelbergen.eu\/wp-content\/uploads\/2025\/06\/3Q4A8368-1-scaled.jpg) 50% 50% no-repeat scroll ;\n}\n<\/style>\n<div  class='flex_column av-1rtul-53c19598914be6304eb43cbee971fcc8 av_one_half  avia-builder-el-14  el_after_av_one_half  el_before_av_one_half  no_margin flex_column_table_cell av-equal-height-column av-align-middle avia-full-stretch  column-top-margin'     ><style type=\"text\/css\" data-created_by=\"avia_inline_auto\" id=\"style-css-av-y43h-fc14f17b0832212f57b0b7b8c8e1fd77\">\n#top .hr.hr-invisible.av-y43h-fc14f17b0832212f57b0b7b8c8e1fd77{\nheight:500px;\n}\n<\/style>\n<div  class='hr av-y43h-fc14f17b0832212f57b0b7b8c8e1fd77 hr-invisible  avia-builder-el-15  avia-builder-el-no-sibling'><span class='hr-inner'><span class=\"hr-inner-style\"><\/span><\/span><\/div><\/div><\/div><!--close column table wrapper. Autoclose: 1 --><div class='flex_column_table av-5lhs4y-3b9c1e2400b19a4ba78474ab439e2616 sc-av_one_half av-equal-height-column-flextable'>\n<style type=\"text\/css\" data-created_by=\"avia_inline_auto\" id=\"style-css-av-5lhs4y-3b9c1e2400b19a4ba78474ab439e2616\">\n.flex_column.av-5lhs4y-3b9c1e2400b19a4ba78474ab439e2616{\nborder-radius:20px 0 0 20px;\npadding:30px 30px 30px 30px;\nbackground-color:#ffffff;\n}\n<\/style>\n<div  class='flex_column av-5lhs4y-3b9c1e2400b19a4ba78474ab439e2616 av_one_half  avia-builder-el-16  el_after_av_one_half  el_before_av_one_half  first no_margin flex_column_table_cell av-equal-height-column av-align-middle  column-top-margin'     ><section  class='av_textblock_section av-mbutjz05-9fcd105ccc2ad9d4f82db65971675a8c'   itemscope=\"itemscope\" itemtype=\"https:\/\/schema.org\/CreativeWork\" ><div class='avia_textblock'  itemprop=\"text\" ><div class=\"wpb_text_column wpb_content_element\">\n<div class=\"wpb_wrapper\">\n<h2 data-heading-tag=\"H2\">GRANDORSE<\/h2>\n<p>Peelbergen ist Teil von Grandorse, einem innovativen Reitsportgebiet, in dem verschiedene Partner zusammenarbeiten, um die gesamte Pferdebranche zu unterst\u00fctzen. Grandorse verf\u00fcgt \u00fcber ein gro\u00dfes Vielseitigkeitsgel\u00e4nde, das \u00fcber einen Equidukt mit einem Derbygel\u00e4nde verbunden ist. Es gibt mehrere Wasserhindernisse, Marathonhindernisse und Vielseitigkeitsstrecken durch das angrenzende Waldgebiet. Der gut entw\u00e4sserte Sandboden macht das Gel\u00e4nde ideal f\u00fcr die Vielseitigkeit.<\/p>\n<\/div>\n<\/div>\n<\/div><\/section><br \/>\n<div  class='avia-button-wrap av-mbuttqcs-b6b7807d3ffeaa0ff547a8e174b94f0c-wrap avia-button-left  avia-builder-el-18  el_after_av_textblock  avia-builder-el-last'><a href='https:\/\/www.peelbergen.eu\/de\/about-us\/grandorse\/'  class='avia-button av-mbuttqcs-b6b7807d3ffeaa0ff547a8e174b94f0c av-link-btn avia-icon_select-no avia-size-medium avia-position-left avia-color-theme-color-highlight'   aria-label=\"\u00dcber Grandorse\"><span class='avia_iconbox_title' >\u00dcber Grandorse<\/span><\/a><\/div><\/p><\/div>\n<style type=\"text\/css\" data-created_by=\"avia_inline_auto\" id=\"style-css-av-mbutketx-358d5289d05b53ea0f2df671b3603ef7\">\n.flex_column.av-mbutketx-358d5289d05b53ea0f2df671b3603ef7{\nborder-radius:0 20px 20px 0;\nbackground:url(https:\/\/www.peelbergen.eu\/wp-content\/uploads\/2025\/06\/DJI_0171-scaled.jpg) 50% 50% no-repeat scroll ;\n}\n<\/style>\n<div  class='flex_column av-mbutketx-358d5289d05b53ea0f2df671b3603ef7 av_one_half  avia-builder-el-19  el_after_av_one_half  el_before_av_hr  no_margin flex_column_table_cell av-equal-height-column av-align-middle avia-full-stretch  column-top-margin'     ><style type=\"text\/css\" data-created_by=\"avia_inline_auto\" id=\"style-css-av-ilxmwi-902ec6d5077dffa9453b0fdbd467d64a\">\n#top .hr.hr-invisible.av-ilxmwi-902ec6d5077dffa9453b0fdbd467d64a{\nheight:500px;\n}\n<\/style>\n<div  class='hr av-ilxmwi-902ec6d5077dffa9453b0fdbd467d64a hr-invisible  avia-builder-el-20  avia-builder-el-no-sibling'><span class='hr-inner'><span class=\"hr-inner-style\"><\/span><\/span><\/div><\/div><\/div><!--close column table wrapper. Autoclose: 1 --><div  class='hr av-mbutstay-c04fb0390260a32fc814b64f3244209a hr-default  avia-builder-el-21  el_after_av_one_half  el_before_av_textblock'><span class='hr-inner'><span class=\"hr-inner-style\"><\/span><\/span><\/div>\n\n<style type=\"text\/css\" data-created_by=\"avia_inline_auto\" id=\"style-css-av-mbutpkj4-7efb98f82a2dc10ca99fe4cd876ad5ff\">\n#top .av_textblock_section.av-mbutpkj4-7efb98f82a2dc10ca99fe4cd876ad5ff .avia_textblock{\ncolor:#ffffff;\n}\n<\/style>\n<section  class='av_textblock_section av-mbutpkj4-7efb98f82a2dc10ca99fe4cd876ad5ff'   itemscope=\"itemscope\" itemtype=\"https:\/\/schema.org\/CreativeWork\" ><div class='avia_textblock av_inherit_color'  itemprop=\"text\" ><div class=\"wpb_text_column wpb_content_element\">\n<div class=\"wpb_wrapper\">\n<h2>Praktische Informationen<\/h2>\n<h3>Zugang<\/h3>\n<p>Der Eintritt ist frei. Alle Besucher sind herzlich willkommen.<\/p>\n<h3>Hotels<\/h3>\n<p>In der N\u00e4he gibt es mehrere Hotels. Auf unserer Seite \"Hotels\" finden Sie weitere Informationen \u00fcber die Hotels und k\u00f6nnen ein Zimmer buchen.<\/p>\n<h3>Route zum Reitsportzentrum Peelbergen<\/h3>\n<p>Peelbergen Equestrian Centre<br \/>\nTravers 5<br \/>\n5976 PL, Kronenberg<br \/>\nDie Niederlande<\/p>\n<h4>Navigation<\/h4>\n<section class=\"av_textblock_section av-rkub-36a8dd2509763d3595ba6c174d312b19\">\n<div class=\"avia_textblock\">\n<p><em>Geben Sie in Ihrer Navigation die Peelstraat als Ziel ein.<\/em><\/p>\n<\/div>\n<\/section>\n<\/div>\n<\/div>\n<\/div><\/section>\n<div  class='avia-button-wrap av-mbutq38p-653154ed920226e0fe438d771083b340-wrap avia-button-left  avia-builder-el-23  el_after_av_textblock  avia-builder-el-last'><a href='https:\/\/www.google.nl\/maps\/place\/Equestrian+Centre+de+Peelbergen\/@51.4110794,5.9681331,14.69z\/data=!4m5!3m4!1s0x47c747364aa6f65f:0x7d7031d343d4951e!8m2!3d51.4137216!4d5.9719267'  class='avia-button av-mbutq38p-653154ed920226e0fe438d771083b340 av-link-btn avia-icon_select-no avia-size-medium avia-position-left avia-color-theme-color-highlight'   aria-label=\"Route \u00fcber Google Maps\"><span class='avia_iconbox_title' >Route \u00fcber Google Maps<\/span><\/a><\/div>\n<\/div><\/div><\/main><!-- close content main element --><\/div><\/div><div id='after_section_1'  class='main_color av_default_container_wrap container_wrap fullsize'  ><div class='container av-section-cont-open' ><div class='template-page content  av-content-full alpha units'><div class='post-entry post-entry-type-page post-entry-32434'><div class='entry-content-wrapper clearfix'><div  class='avia-video av-mbutlv2x-78863e1ab042163bf55412e1638a61e6 avia-video-16-9 av-no-preview-image avia-video-load-always av-lazyload-immediate av-lazyload-video-embed'  itemprop=\"video\" itemtype=\"https:\/\/schema.org\/VideoObject\"  data-original_url='https:\/\/youtu.be\/7XN8pYLB5Hc'><script type='text\/html' class='av-video-tmpl'><div class='avia-iframe-wrap'><iframe loading=\"lazy\" title=\"Peelbergen Equestrian Centre\" width=\"1500\" height=\"844\" src=\"https:\/\/www.youtube.com\/embed\/7XN8pYLB5Hc?feature=oembed&autoplay=0&loop=0&controls=1&mute=0\" frameborder=\"0\" allow=\"accelerometer; autoplay; clipboard-write; encrypted-media; gyroscope; picture-in-picture; web-share\" referrerpolicy=\"strict-origin-when-cross-origin\" allowfullscreen><\/iframe><\/div><\/script><div class='av-click-to-play-overlay'><div class=\"avia_playpause_icon\"><\/div><\/div><\/div><\/p>","protected":false},"excerpt":{"rendered":"","protected":false},"author":2,"featured_media":0,"parent":0,"menu_order":10,"comment_status":"closed","ping_status":"closed","template":"","meta":{"_acf_changed":false,"_monsterinsights_skip_tracking":false,"_monsterinsights_sitenote_active":false,"_monsterinsights_sitenote_note":"","_monsterinsights_sitenote_category":0,"_price":"","_stock":"","_tribe_ticket_header":"","_tribe_default_ticket_provider":"","_tribe_ticket_capacity":"0","_ticket_start_date":"","_ticket_end_date":"","_tribe_ticket_show_description":"","_tribe_ticket_show_not_going":false,"_tribe_ticket_use_global_stock":"","_tribe_ticket_global_stock_level":"","_global_stock_mode":"","_global_stock_cap":"","_tribe_rsvp_for_event":"","_tribe_ticket_going_count":"","_tribe_ticket_not_going_count":"","_tribe_tickets_list":"[]","_tribe_ticket_has_attendee_info_fields":false,"footnotes":"","_tec_slr_enabled":"","_tec_slr_layout":""},"class_list":["post-32434","page","type-page","status-publish","hentry"],"acf":[],"ticketed":false,"_links":{"self":[{"href":"https:\/\/www.peelbergen.eu\/de\/wp-json\/wp\/v2\/pages\/32434","targetHints":{"allow":["GET"]}}],"collection":[{"href":"https:\/\/www.peelbergen.eu\/de\/wp-json\/wp\/v2\/pages"}],"about":[{"href":"https:\/\/www.peelbergen.eu\/de\/wp-json\/wp\/v2\/types\/page"}],"author":[{"embeddable":true,"href":"https:\/\/www.peelbergen.eu\/de\/wp-json\/wp\/v2\/users\/2"}],"replies":[{"embeddable":true,"href":"https:\/\/www.peelbergen.eu\/de\/wp-json\/wp\/v2\/comments?post=32434"}],"version-history":[{"count":7,"href":"https:\/\/www.peelbergen.eu\/de\/wp-json\/wp\/v2\/pages\/32434\/revisions"}],"predecessor-version":[{"id":32442,"href":"https:\/\/www.peelbergen.eu\/de\/wp-json\/wp\/v2\/pages\/32434\/revisions\/32442"}],"wp:attachment":[{"href":"https:\/\/www.peelbergen.eu\/de\/wp-json\/wp\/v2\/media?parent=32434"}],"curies":[{"name":"wp","href":"https:\/\/api.w.org\/{rel}","templated":true}]}}