{"id":31264,"date":"2025-06-11T16:13:33","date_gmt":"2025-06-11T14:13:33","guid":{"rendered":"https:\/\/www.peelbergen.eu\/nieuw\/?page_id=31264"},"modified":"2025-06-11T16:13:51","modified_gmt":"2025-06-11T14:13:51","slug":"grandorse","status":"publish","type":"page","link":"https:\/\/www.peelbergen.eu\/de\/about-us\/grandorse\/","title":{"rendered":"Grandorse"},"content":{"rendered":"<style type=\"text\/css\" data-created_by=\"avia_inline_auto\" id=\"style-css-av-m9skfgm3-d7c076d03edb92b3af5efb227153413e\">\n.avia-section.av-m9skfgm3-d7c076d03edb92b3af5efb227153413e{\nbackground-color:#000000;\nbackground-image:url(https:\/\/www.peelbergen.eu\/wp-content\/uploads\/2025\/06\/DJI_0181-scaled.jpg);\nbackground-repeat:no-repeat;\nbackground-position:50% 50%;\nbackground-attachment:scroll;\n}\n<\/style>\n<div id='av_section_1'  class='avia-section av-m9skfgm3-d7c076d03edb92b3af5efb227153413e main_color avia-section-default avia-no-border-styling  avia-builder-el-0  el_before_av_section  avia-builder-el-first  avia-full-stretch avia-bg-style-scroll av-minimum-height av-minimum-height-100 av-height-100  container_wrap fullsize'  data-section-bg-repeat='stretch' data-av_minimum_height_pc='100' data-av_min_height_opt='100'><div class='container av-section-cont-open' ><main  role=\"main\" itemprop=\"mainContentOfPage\"  class='template-page content  av-content-full alpha units'><div class='post-entry post-entry-type-page post-entry-31264'><div class='entry-content-wrapper clearfix'>\n\n<style type=\"text\/css\" data-created_by=\"avia_inline_auto\" id=\"style-css-av-25c75-4679b71ea630626062668e644f2509a8\">\n#top .flex_column.av-25c75-4679b71ea630626062668e644f2509a8{\nmargin-bottom:100px;\n}\n.responsive #top #wrap_all .flex_column.av-25c75-4679b71ea630626062668e644f2509a8{\nmargin-bottom:100px;\n}\n<\/style>\n<div  class='flex_column av-25c75-4679b71ea630626062668e644f2509a8 av_one_third  avia-builder-el-1  el_before_av_one_third  avia-builder-el-first  first flex_column_div'     ><\/div>\n<style type=\"text\/css\" data-created_by=\"avia_inline_auto\" id=\"style-css-av-1jqt1-fe5f0f0f2204ee7cf7b6835bdca094cb\">\n#top .flex_column.av-1jqt1-fe5f0f0f2204ee7cf7b6835bdca094cb{\nmargin-bottom:100px;\n}\n.responsive #top #wrap_all .flex_column.av-1jqt1-fe5f0f0f2204ee7cf7b6835bdca094cb{\nmargin-bottom:100px;\n}\n<\/style>\n<div  class='flex_column av-1jqt1-fe5f0f0f2204ee7cf7b6835bdca094cb av_one_third  avia-builder-el-2  el_after_av_one_third  el_before_av_one_third  flex_column_div'     ><p>\n<style type=\"text\/css\" data-created_by=\"avia_inline_auto\" id=\"style-css-av-ma3pigwj-9bc89f38f3166585c62ef4187b30ccce\">\n#top .av-special-heading.av-ma3pigwj-9bc89f38f3166585c62ef4187b30ccce{\npadding-bottom:40px;\ncolor:#ffffff;\n}\nbody .av-special-heading.av-ma3pigwj-9bc89f38f3166585c62ef4187b30ccce .av-special-heading-tag .heading-char{\nfont-size:25px;\n}\n.av-special-heading.av-ma3pigwj-9bc89f38f3166585c62ef4187b30ccce .special-heading-inner-border{\nborder-color:#ffffff;\n}\n.av-special-heading.av-ma3pigwj-9bc89f38f3166585c62ef4187b30ccce .av-subheading{\nfont-size:15px;\n}\n\n@media only screen and (min-width: 990px){ \n#top #wrap_all .av-special-heading.av-ma3pigwj-9bc89f38f3166585c62ef4187b30ccce .av-special-heading-tag{\nfont-size:64px;\n}\n}\n<\/style>\n<div  class='av-special-heading av-ma3pigwj-9bc89f38f3166585c62ef4187b30ccce av-special-heading-h1 custom-color-heading blockquote modern-quote modern-centered  avia-builder-el-3  el_before_av_button  avia-builder-el-first'><h1 class='av-special-heading-tag'  itemprop=\"headline\"  >Grandorse<\/h1><div class=\"special-heading-border\"><div class=\"special-heading-inner-border\"><\/div><\/div><\/div><br \/>\n<div  class='avia-button-wrap av-ma3pje14-25cc984eadfd46db715b6f98ada96619-wrap avia-button-center  avia-builder-el-4  el_after_av_heading  avia-builder-el-last'><a href='https:\/\/www.grandorse.nl\/'  class='avia-button av-ma3pje14-25cc984eadfd46db715b6f98ada96619 av-link-btn avia-icon_select-no avia-size-medium avia-position-center avia-color-theme-color'   aria-label=\"Mehr \u00fcber grandorse\"><span class='avia_iconbox_title' >Mehr \u00fcber grandorse<\/span><\/a><\/div><\/p><\/div>\n<style type=\"text\/css\" data-created_by=\"avia_inline_auto\" id=\"style-css-av-o485-55f99a376a45c98912f28024605615c5\">\n#top .flex_column.av-o485-55f99a376a45c98912f28024605615c5{\nmargin-bottom:100px;\n}\n.responsive #top #wrap_all .flex_column.av-o485-55f99a376a45c98912f28024605615c5{\nmargin-bottom:100px;\n}\n<\/style>\n<div  class='flex_column av-o485-55f99a376a45c98912f28024605615c5 av_one_third  avia-builder-el-5  el_after_av_one_third  avia-builder-el-last  flex_column_div'     ><\/div><\/div><\/div><\/main><!-- close content main element --><\/div><\/div><div id='av_section_2'  class='avia-section av-1c91x-cb26c51712f6076f3445324272564452 alternate_color avia-section-default avia-no-border-styling  avia-builder-el-6  el_after_av_section  avia-builder-el-last  avia-bg-style-scroll container_wrap fullsize'  ><div class='container av-section-cont-open' ><div class='template-page content  av-content-full alpha units'><div class='post-entry post-entry-type-page post-entry-31264'><div class='entry-content-wrapper clearfix'>\n<div class='flex_column_table av-m9ski0bg-5815bd4b4ec57d4aaee78de86da248cb sc-av_two_third av-equal-height-column-flextable'>\n<style type=\"text\/css\" data-created_by=\"avia_inline_auto\" id=\"style-css-av-m9ski0bg-5815bd4b4ec57d4aaee78de86da248cb\">\n.flex_column.av-m9ski0bg-5815bd4b4ec57d4aaee78de86da248cb{\nborder-radius:20px 0 0 20px;\npadding:30px 30px 30px 30px;\nbackground-color:#ffffff;\n}\n\n@media only screen and (min-width: 768px) and (max-width: 989px){ \n#top .flex_column_table.av-equal-height-column-flextable.av-m9ski0bg-5815bd4b4ec57d4aaee78de86da248cb{\nmargin-bottom:40px;\n}\n}\n\n@media only screen and (min-width: 480px) and (max-width: 767px){ \n#top .flex_column_table.av-equal-height-column-flextable.av-m9ski0bg-5815bd4b4ec57d4aaee78de86da248cb{\nmargin-bottom:40px;\n}\n}\n\n@media only screen and (max-width: 479px){ \n#top .flex_column_table.av-equal-height-column-flextable.av-m9ski0bg-5815bd4b4ec57d4aaee78de86da248cb{\nmargin-bottom:40px;\n}\n}\n<\/style>\n<div  class='flex_column av-m9ski0bg-5815bd4b4ec57d4aaee78de86da248cb av_two_third  avia-builder-el-7  el_before_av_one_third  avia-builder-el-first  first no_margin flex_column_table_cell av-equal-height-column av-align-top'     ><section  class='av_textblock_section av-rakt-0a0c4f656c9c1c117ec2035328770336'   itemscope=\"itemscope\" itemtype=\"https:\/\/schema.org\/CreativeWork\" ><div class='avia_textblock'  itemprop=\"text\" ><h3>Das Herzst\u00fcck von Grandorse<\/h3>\n<p data-start=\"117\" data-end=\"631\">Das Peelbergen Equestrian Centre ist Teil von <strong data-start=\"194\" data-end=\"207\">Grandorse<\/strong>Grandorse ist eine einzigartige Pferderegion, in der Sport, Wirtschaft und Verwaltung zusammenarbeiten, um den Pferdesport auf allen Ebenen zu f\u00f6rdern. Auf dem Grandorse-Gel\u00e4nde finden Sie hochwertige Anlagen f\u00fcr Springen, Dressur, Vielseitigkeit und Fahren. Es besteht auch die M\u00f6glichkeit, den Vielseitigkeits\u00fcbungsplatz f\u00fcr Trainingszwecke zu buchen.<\/p>\n<p data-start=\"117\" data-end=\"631\">M\u00f6chten Sie mehr entdecken? Besuchen Sie die Grandorse-Website, um das gesamte Gel\u00e4nde zu erkunden und alle verf\u00fcgbaren Einrichtungen und Veranstaltungen zu sehen.<\/p>\n<p data-start=\"117\" data-end=\"631\"><img loading=\"lazy\" decoding=\"async\" class=\"alignnone size-full wp-image-31268\" src=\"https:\/\/www.peelbergen.eu\/wp-content\/uploads\/2025\/06\/Part-of-Grandorse.jpg\" alt=\"\" width=\"636\" height=\"61\" srcset=\"https:\/\/www.peelbergen.eu\/wp-content\/uploads\/2025\/06\/Part-of-Grandorse.jpg 636w, https:\/\/www.peelbergen.eu\/wp-content\/uploads\/2025\/06\/Part-of-Grandorse-300x29.jpg 300w, https:\/\/www.peelbergen.eu\/wp-content\/uploads\/2025\/06\/Part-of-Grandorse-18x2.jpg 18w\" sizes=\"auto, (max-width: 636px) 100vw, 636px\" \/><\/p>\n<\/div><\/section><\/div>\n<style type=\"text\/css\" data-created_by=\"avia_inline_auto\" id=\"style-css-av-mbs0v6ac-cab0a0e2d6229f8fef6d807f3f1a0310\">\n.flex_column.av-mbs0v6ac-cab0a0e2d6229f8fef6d807f3f1a0310{\nborder-radius:15px 15px 15px 15px;\npadding:30px 30px 30px 30px;\nbackground:url(https:\/\/www.peelbergen.eu\/wp-content\/uploads\/2025\/06\/Grandorse_logo.jpg) 50% 50% no-repeat scroll #000000;\n}\n\n@media only screen and (min-width: 768px) and (max-width: 989px){ \n#top .flex_column_table.av-equal-height-column-flextable.av-mbs0v6ac-cab0a0e2d6229f8fef6d807f3f1a0310{\nmargin-bottom:40px;\n}\n}\n\n@media only screen and (min-width: 480px) and (max-width: 767px){ \n#top .flex_column_table.av-equal-height-column-flextable.av-mbs0v6ac-cab0a0e2d6229f8fef6d807f3f1a0310{\nmargin-bottom:40px;\n}\n}\n\n@media only screen and (max-width: 479px){ \n#top .flex_column_table.av-equal-height-column-flextable.av-mbs0v6ac-cab0a0e2d6229f8fef6d807f3f1a0310{\nmargin-bottom:40px;\n}\n}\n<\/style>\n<div  class='flex_column av-mbs0v6ac-cab0a0e2d6229f8fef6d807f3f1a0310 av_one_third  avia-builder-el-9  el_after_av_two_third  el_before_av_one_full  no_margin flex_column_table_cell av-equal-height-column av-align-top avia-full-stretch'     ><style type=\"text\/css\" data-created_by=\"avia_inline_auto\" id=\"style-css-av-av_hr-788c7f622082af63555e023a08471278\">\n#top .hr.hr-invisible.av-av_hr-788c7f622082af63555e023a08471278{\nheight:400px;\n}\n<\/style>\n<div  class='hr av-av_hr-788c7f622082af63555e023a08471278 hr-invisible  avia-builder-el-10  avia-builder-el-no-sibling'><span class='hr-inner'><span class=\"hr-inner-style\"><\/span><\/span><\/div><\/div><\/div><!--close column table wrapper. Autoclose: 1 --><div  class='flex_column av-4vvvt-ca4971e22af278fa798421300d887e27 av_one_full  avia-builder-el-11  el_after_av_one_third  el_before_av_one_third  first flex_column_div  column-top-margin'     ><section  class='av_textblock_section av-m9skxkmc-861b0161c570240e0b8aa534e69bda19'   itemscope=\"itemscope\" itemtype=\"https:\/\/schema.org\/CreativeWork\" ><div class='avia_textblock'  itemprop=\"text\" ><h3 style=\"text-align: center;\">Fotos &amp; Atmosph\u00e4re<\/h3>\n<\/div><\/section><\/div><div class='flex_column_table av-av_one_third-0d3a98a16bb3526aaff51212a8a48eb5 sc-av_one_third av-equal-height-column-flextable'>\n<style type=\"text\/css\" data-created_by=\"avia_inline_auto\" id=\"style-css-av-av_one_third-0d3a98a16bb3526aaff51212a8a48eb5\">\n.flex_column.av-av_one_third-0d3a98a16bb3526aaff51212a8a48eb5{\nwidth:32.333333333333%;\nmargin-left:0;\nborder-radius:20px 20px 20px 20px;\npadding:30px 30px 30px 30px;\nbackground:url(https:\/\/www.peelbergen.eu\/wp-content\/uploads\/2025\/06\/DJI_0157-scaled.jpg) 50% 50% no-repeat scroll #000000;\n}\n#top .flex_column_table.av-equal-height-column-flextable.av-av_one_third-0d3a98a16bb3526aaff51212a8a48eb5 .av-flex-placeholder{\nwidth:1.5%;\n}\n<\/style>\n<div  class='flex_column av-av_one_third-0d3a98a16bb3526aaff51212a8a48eb5 av_one_third  avia-builder-el-13  el_after_av_one_full  el_before_av_one_third  first flex_column_table_cell av-equal-height-column av-align-top avia-full-stretch  column-top-margin'     ><style type=\"text\/css\" data-created_by=\"avia_inline_auto\" id=\"style-css-av-av_hr-788c7f622082af63555e023a08471278\">\n#top .hr.hr-invisible.av-av_hr-788c7f622082af63555e023a08471278{\nheight:400px;\n}\n<\/style>\n<div  class='hr av-av_hr-788c7f622082af63555e023a08471278 hr-invisible  avia-builder-el-14  avia-builder-el-no-sibling'><span class='hr-inner'><span class=\"hr-inner-style\"><\/span><\/span><\/div><\/div><div class='av-flex-placeholder'><\/div>\n<style type=\"text\/css\" data-created_by=\"avia_inline_auto\" id=\"style-css-av-m9sky9uq-94e269a91accd970dfd65a6950724141\">\n.flex_column.av-m9sky9uq-94e269a91accd970dfd65a6950724141{\nwidth:32.333333333333%;\nmargin-left:0;\nborder-radius:20px 20px 20px 20px;\npadding:30px 30px 30px 30px;\nbackground:url(https:\/\/www.peelbergen.eu\/wp-content\/uploads\/2025\/06\/DJI_0186-scaled.jpg) 50% 50% no-repeat scroll #000000;\n}\n#top .flex_column_table.av-equal-height-column-flextable.av-m9sky9uq-94e269a91accd970dfd65a6950724141 .av-flex-placeholder{\nwidth:1.5%;\n}\n<\/style>\n<div  class='flex_column av-m9sky9uq-94e269a91accd970dfd65a6950724141 av_one_third  avia-builder-el-15  el_after_av_one_third  el_before_av_one_third  flex_column_table_cell av-equal-height-column av-align-top avia-full-stretch  column-top-margin'     ><style type=\"text\/css\" data-created_by=\"avia_inline_auto\" id=\"style-css-av-m9skymdc-d9fe22a5b04c9164f62f7d7fd38dc7d5\">\n#top .hr.hr-invisible.av-m9skymdc-d9fe22a5b04c9164f62f7d7fd38dc7d5{\nheight:400px;\n}\n<\/style>\n<div  class='hr av-m9skymdc-d9fe22a5b04c9164f62f7d7fd38dc7d5 hr-invisible  avia-builder-el-16  avia-builder-el-no-sibling'><span class='hr-inner'><span class=\"hr-inner-style\"><\/span><\/span><\/div><\/div><div class='av-flex-placeholder'><\/div>\n<style type=\"text\/css\" data-created_by=\"avia_inline_auto\" id=\"style-css-av-3u5h1-f9e2eb81150f7ce2469f23252972b864\">\n.flex_column.av-3u5h1-f9e2eb81150f7ce2469f23252972b864{\nwidth:32.333333333333%;\nmargin-left:0;\nborder-radius:20px 20px 20px 20px;\npadding:30px 30px 30px 30px;\nbackground:url(https:\/\/www.peelbergen.eu\/wp-content\/uploads\/2025\/06\/DJI_0163-scaled.jpg) 50% 50% no-repeat scroll #000000;\n}\n#top .flex_column_table.av-equal-height-column-flextable.av-3u5h1-f9e2eb81150f7ce2469f23252972b864 .av-flex-placeholder{\nwidth:1.5%;\n}\n<\/style>\n<div  class='flex_column av-3u5h1-f9e2eb81150f7ce2469f23252972b864 av_one_third  avia-builder-el-17  el_after_av_one_third  el_before_av_two_fifth  flex_column_table_cell av-equal-height-column av-align-top avia-full-stretch  column-top-margin'     ><style type=\"text\/css\" data-created_by=\"avia_inline_auto\" id=\"style-css-av-bitx-d7a37b78bbd802118ee8c74e2d35e283\">\n#top .hr.hr-invisible.av-bitx-d7a37b78bbd802118ee8c74e2d35e283{\nheight:400px;\n}\n<\/style>\n<div  class='hr av-bitx-d7a37b78bbd802118ee8c74e2d35e283 hr-invisible  avia-builder-el-18  avia-builder-el-no-sibling'><span class='hr-inner'><span class=\"hr-inner-style\"><\/span><\/span><\/div><\/div><\/div><!--close column table wrapper. Autoclose: 1 --><div class='flex_column_table av-2qke9-43b7a6ee47544462c4d7357a90da4d74 sc-av_two_fifth av-equal-height-column-flextable'>\n<style type=\"text\/css\" data-created_by=\"avia_inline_auto\" id=\"style-css-av-2qke9-43b7a6ee47544462c4d7357a90da4d74\">\n.flex_column.av-2qke9-43b7a6ee47544462c4d7357a90da4d74{\nwidth:39.1%;\nmargin-left:0;\nborder-radius:20px 20px 20px 20px;\npadding:30px 30px 30px 30px;\nbackground:url(https:\/\/www.peelbergen.eu\/wp-content\/uploads\/2025\/06\/DJI_0171-scaled.jpg) 50% 50% no-repeat scroll #000000;\n}\n#top .flex_column_table.av-equal-height-column-flextable.av-2qke9-43b7a6ee47544462c4d7357a90da4d74 .av-flex-placeholder{\nwidth:1.5%;\n}\n<\/style>\n<div  class='flex_column av-2qke9-43b7a6ee47544462c4d7357a90da4d74 av_two_fifth  avia-builder-el-19  el_after_av_one_third  el_before_av_two_fifth  first flex_column_table_cell av-equal-height-column av-align-top avia-full-stretch  column-top-margin'     ><style type=\"text\/css\" data-created_by=\"avia_inline_auto\" id=\"style-css-av-227gt-84cab483193899177bef6c2f2fdf7af9\">\n#top .hr.hr-invisible.av-227gt-84cab483193899177bef6c2f2fdf7af9{\nheight:400px;\n}\n<\/style>\n<div  class='hr av-227gt-84cab483193899177bef6c2f2fdf7af9 hr-invisible  avia-builder-el-20  avia-builder-el-no-sibling'><span class='hr-inner'><span class=\"hr-inner-style\"><\/span><\/span><\/div><\/div><div class='av-flex-placeholder'><\/div>\n<style type=\"text\/css\" data-created_by=\"avia_inline_auto\" id=\"style-css-av-mbs11zkv-cfb32e3df4cb11cf004c7401243adfec\">\n.flex_column.av-mbs11zkv-cfb32e3df4cb11cf004c7401243adfec{\nwidth:39.1%;\nmargin-left:0;\nborder-radius:20px 20px 20px 20px;\npadding:30px 30px 30px 30px;\nbackground:url(https:\/\/www.peelbergen.eu\/wp-content\/uploads\/2025\/06\/DJI_0181-scaled.jpg) 50% 50% no-repeat scroll #000000;\n}\n#top .flex_column_table.av-equal-height-column-flextable.av-mbs11zkv-cfb32e3df4cb11cf004c7401243adfec .av-flex-placeholder{\nwidth:1.5%;\n}\n<\/style>\n<div  class='flex_column av-mbs11zkv-cfb32e3df4cb11cf004c7401243adfec av_two_fifth  avia-builder-el-21  el_after_av_two_fifth  avia-builder-el-last  flex_column_table_cell av-equal-height-column av-align-top avia-full-stretch  column-top-margin'     ><style type=\"text\/css\" data-created_by=\"avia_inline_auto\" id=\"style-css-av-av_hr-788c7f622082af63555e023a08471278\">\n#top .hr.hr-invisible.av-av_hr-788c7f622082af63555e023a08471278{\nheight:400px;\n}\n<\/style>\n<div  class='hr av-av_hr-788c7f622082af63555e023a08471278 hr-invisible  avia-builder-el-22  avia-builder-el-no-sibling'><span class='hr-inner'><span class=\"hr-inner-style\"><\/span><\/span><\/div><\/div><\/div><!--close column table wrapper. Autoclose: 1 --><\/p>","protected":false},"excerpt":{"rendered":"","protected":false},"author":2,"featured_media":0,"parent":404,"menu_order":8,"comment_status":"closed","ping_status":"closed","template":"","meta":{"_acf_changed":false,"_monsterinsights_skip_tracking":false,"_monsterinsights_sitenote_active":false,"_monsterinsights_sitenote_note":"","_monsterinsights_sitenote_category":0,"_price":"","_stock":"","_tribe_ticket_header":"","_tribe_default_ticket_provider":"","_tribe_ticket_capacity":"0","_ticket_start_date":"","_ticket_end_date":"","_tribe_ticket_show_description":"","_tribe_ticket_show_not_going":false,"_tribe_ticket_use_global_stock":"","_tribe_ticket_global_stock_level":"","_global_stock_mode":"","_global_stock_cap":"","_tribe_rsvp_for_event":"","_tribe_ticket_going_count":"","_tribe_ticket_not_going_count":"","_tribe_tickets_list":"[]","_tribe_ticket_has_attendee_info_fields":false,"footnotes":"","_tec_slr_enabled":"","_tec_slr_layout":""},"class_list":["post-31264","page","type-page","status-publish","hentry"],"acf":[],"ticketed":false,"_links":{"self":[{"href":"https:\/\/www.peelbergen.eu\/de\/wp-json\/wp\/v2\/pages\/31264","targetHints":{"allow":["GET"]}}],"collection":[{"href":"https:\/\/www.peelbergen.eu\/de\/wp-json\/wp\/v2\/pages"}],"about":[{"href":"https:\/\/www.peelbergen.eu\/de\/wp-json\/wp\/v2\/types\/page"}],"author":[{"embeddable":true,"href":"https:\/\/www.peelbergen.eu\/de\/wp-json\/wp\/v2\/users\/2"}],"replies":[{"embeddable":true,"href":"https:\/\/www.peelbergen.eu\/de\/wp-json\/wp\/v2\/comments?post=31264"}],"version-history":[{"count":10,"href":"https:\/\/www.peelbergen.eu\/de\/wp-json\/wp\/v2\/pages\/31264\/revisions"}],"predecessor-version":[{"id":31280,"href":"https:\/\/www.peelbergen.eu\/de\/wp-json\/wp\/v2\/pages\/31264\/revisions\/31280"}],"up":[{"embeddable":true,"href":"https:\/\/www.peelbergen.eu\/de\/wp-json\/wp\/v2\/pages\/404"}],"wp:attachment":[{"href":"https:\/\/www.peelbergen.eu\/de\/wp-json\/wp\/v2\/media?parent=31264"}],"curies":[{"name":"wp","href":"https:\/\/api.w.org\/{rel}","templated":true}]}}