{"id":3,"date":"2025-04-18T12:40:40","date_gmt":"2025-04-18T12:40:40","guid":{"rendered":"https:\/\/www.peelbergen.eu\/nieuw\/?page_id=3"},"modified":"2025-06-11T14:00:06","modified_gmt":"2025-06-11T12:00:06","slug":"privacy-statement","status":"publish","type":"page","link":"https:\/\/www.peelbergen.eu\/de\/privacy-statement\/","title":{"rendered":"Erkl\u00e4rung zum Datenschutz"},"content":{"rendered":"<h2 class=\"wp-block-heading\" data-heading-tag=\"H2\"><strong>DATENSCHUTZERKL\u00c4RUNG REITZENTRUM DE PEELBERGEN<\/strong><\/h2>\r\n<p>Equestrian Centre de Peelbergen BV, mit Sitz in Travers 5, 5976 PL Kronenberg, ist verantwortlich f\u00fcr die Verarbeitung der in dieser Datenschutzerkl\u00e4rung genannten personenbezogenen Daten.<\/p>\r\n<p>Kontaktinformationen:<br \/>Travers 5<br \/>5976 PL Kronenberg<br \/>+31 77 763 0110<br \/>www.peelbergen.eu<\/p>\r\n<p>Frank Laenen ist der Datenschutzbeauftragte von Equestrian Centre de Peelbergen BV. Er kann \u00fcber info@peelbergen.eu erreicht werden.<\/p>\r\n<p><strong>Pers\u00f6nliche Daten<\/strong><br \/>Bei Equestrian Centre de Peelbergen BV erheben wir Ihre personenbezogenen Daten, wenn Sie unsere Dienstleistungen in Anspruch nehmen und \/ oder uns diese zur Verf\u00fcgung stellen.<\/p>\r\n<p>Nachstehend finden Sie einen \u00dcberblick \u00fcber die von uns erhobenen personenbezogenen Daten:<br \/>- Vor- und Nachname<br \/>- Geschlecht<br \/>- Datum der Geburt<br \/>- Anschrift<br \/>- Rufnummer<br \/>- E-Mail Adresse<br \/>- Andere personenbezogene Daten, die Sie uns aktiv zur Verf\u00fcgung stellen, z. B. durch die Erstellung eines Profils auf dieser Website, im Schriftverkehr oder per Telefon<br \/>- Bankkontonummer<\/p>\r\n<p><strong>Besondere und \/ oder sensible pers\u00f6nliche Daten<\/strong><br \/>Unsere Website und\/oder Dienste beabsichtigen nicht, Daten \u00fcber Website-Besucher zu sammeln, die unter 16 Jahre alt sind, es sei denn, sie haben die Erlaubnis ihrer Eltern oder Erziehungsberechtigten. Wir k\u00f6nnen jedoch nicht \u00fcberpr\u00fcfen, ob ein Besucher \u00e4lter als 16 Jahre ist. Wir ermutigen die Eltern, sich an den Online-Aktivit\u00e4ten ihrer Kinder zu beteiligen, um zu verhindern, dass ihre Daten ohne elterliche Zustimmung erfasst werden. Wenn Sie der Meinung sind, dass wir personenbezogene Daten \u00fcber einen Minderj\u00e4hrigen ohne dessen Zustimmung gesammelt haben, kontaktieren Sie uns bitte \u00fcber info@peelbergen.eu, und wir werden diese Daten l\u00f6schen.<\/p>\r\n<p><strong>Warum wir personenbezogene Daten sammeln<\/strong><br \/>Equestrian Centre de Peelbergen BV sammelt Ihre pers\u00f6nlichen Daten f\u00fcr die folgenden Zwecke:<br \/>- Abwicklung Ihrer Zahlung<br \/>- Versand unseres Newsletters und \/ oder von Werbung<br \/>- Um Sie telefonisch oder per E-Mail zu kontaktieren, wenn dies zur Erbringung unserer Dienstleistungen erforderlich ist<\/p>\r\n<p><strong>Automatisierte Prozesse<\/strong><br \/>Equestrian Centre de Peelbergen trifft keine Entscheidungen auf der Grundlage automatisierter Prozesse in Angelegenheiten, die (erhebliche) Auswirkungen auf Personen haben k\u00f6nnen.<\/p>\r\n<p><strong>Wie lange wir personenbezogene Daten speichern<\/strong><br \/>Equestrian Centre de Peelbergen BV speichert Ihre personenbezogenen Daten nicht l\u00e4nger, als es f\u00fcr die Zwecke, f\u00fcr die sie erhoben wurden, unbedingt erforderlich ist. Wir verwenden die folgenden Aufbewahrungsfristen f\u00fcr personenbezogene Daten:<\/p>\r\n<p>Wir speichern Ihre pers\u00f6nlichen Daten so lange in unserer Datenbank, wie Sie unser Kunde sind. Das bedeutet, dass wir Ihre Daten aufbewahren, bis Sie uns mitteilen, dass Sie unsere Dienste nicht mehr in Anspruch nehmen m\u00f6chten. Sobald wir diese Mitteilung erhalten, betrachten wir sie als Aufforderung, Ihre personenbezogenen Daten aus unserer Datenbank zu l\u00f6schen. Aus verwaltungstechnischer Sicht sind wir verpflichtet, Ihnen Rechnungen mit Ihren (personenbezogenen) Daten zu schicken, die wir so lange in unserer Datenbank speichern, wie die entsprechende Frist l\u00e4uft.<\/p>\r\n<p><strong>Weitergabe von personenbezogenen Daten an Dritte<\/strong><br \/>Equestrian Centre de Peelbergen BV gibt Ihre Daten nur dann an Dritte weiter, wenn dies f\u00fcr die Ausf\u00fchrung unseres Vertrags mit Ihnen oder zur Erf\u00fcllung einer gesetzlichen Verpflichtung erforderlich ist.<\/p>\r\n<p>Wir verwenden Cookies, um Besucher zu verfolgen und Berichte dar\u00fcber zu erhalten, wie sie unsere Website nutzen. Dieser Prozess erm\u00f6glicht den Zugang zu diesen Daten auf der Grundlage der geltenden Gesetze und Vorschriften. Wir sammeln Informationen \u00fcber Ihre Surfgewohnheiten und teilen diese Informationen mit Google. Google wertet diese Informationen in Verbindung mit anderen Datens\u00e4tzen aus, um Ihre Bewegungen im Internet zu verfolgen. Google verwendet diese Informationen unter anderem, um gezielte Werbung (Adwords) und andere Google-Dienste und -Produkte anzubieten.<\/p>\r\n<p><strong>Ihre Daten<\/strong><br \/>Sie haben das Recht, Ihre personenbezogenen Daten einzusehen, zu korrigieren oder zu l\u00f6schen. Sie haben auch das Recht, Ihre Zustimmung zur Erfassung Ihrer Daten zu widerrufen oder der Erfassung Ihrer personenbezogenen Daten durch Equestrian Centre de Peelbergen BV zu widersprechen. Sie haben auch das Recht zu verlangen, dass wir Ihre eigenen Daten an ein anderes von Ihnen angegebenes Unternehmen weitergeben. Alle Anfragen in Bezug auf personenbezogene Daten k\u00f6nnen an info@peelbergen.eu gerichtet werden. Dazu geh\u00f6ren Antr\u00e4ge auf Einsicht, Berichtigung, L\u00f6schung, \u00dcbertragung Ihrer personenbezogenen Daten, ein Antrag auf Widerruf Ihrer Zustimmung oder Widerspruch gegen die Verarbeitung Ihrer personenbezogenen Daten.<\/p>\r\n<p>Um sicherzustellen, dass der Antrag auf Zugang zu personenbezogenen Daten von Ihnen gestellt wurde, bitten wir Sie, dem Antrag eine Kopie Ihres Personalausweises beizulegen. Bitte schw\u00e4rzen Sie dabei Ihr Passfoto, die MRZ (maschinenlesbare Zone, der Streifen mit Zahlen am unteren Rand des Passes), die Passnummer und die B\u00fcrgerdienstnummer (BSN) in der Kopie. Dies dient dem Schutz Ihrer Privatsph\u00e4re. Wir werden Ihren Antrag so schnell wie m\u00f6glich, sp\u00e4testens jedoch innerhalb von vier Wochen, bearbeiten.<\/p>\r\n<p>Equestrian Centre de Peelbergen BV m\u00f6chte auch darauf hinweisen, dass Sie jederzeit das Recht haben, eine Beschwerde bei der nationalen Aufsichtsbeh\u00f6rde, der niederl\u00e4ndischen Datenschutzbeh\u00f6rde, einzureichen. Dies kann \u00fcber den folgenden Link geschehen: https:\/\/autoriteitpersoonsgegevens.nl\/nl\/contact-met-de-autoriteit-persoonsgegevens\/tip-ons<\/p>\r\n<p><strong>Wie wir Ihre pers\u00f6nlichen Daten sch\u00fctzen<\/strong><br \/>Equestrian Centre de Peelbergen BV nimmt den Schutz Ihrer pers\u00f6nlichen Daten ernst und ergreift geeignete Ma\u00dfnahmen, um Missbrauch, Verlust, unbefugten Zugriff, unerw\u00fcnschte Offenlegung und unbefugte \u00c4nderung zu verhindern. Wenn Sie den Eindruck haben, dass Ihre Daten nicht ordnungsgem\u00e4\u00df gesichert sind oder es Anzeichen f\u00fcr einen Missbrauch gibt, wenden Sie sich bitte an unseren Kundendienst oder senden Sie uns eine E-Mail an info@peelbergen.eu<\/p>","protected":false},"excerpt":{"rendered":"<p>PRIVACY STATEMENT EQUESTRIAN CENTRE DE PEELBERGEN Equestrian Centre de Peelbergen BV, located at Travers 5, 5976 PL Kronenberg, is responsible for the processing of personal data as determined in this [&hellip;]<\/p>\n","protected":false},"author":1,"featured_media":0,"parent":0,"menu_order":6,"comment_status":"closed","ping_status":"closed","template":"","meta":{"_acf_changed":false,"_monsterinsights_skip_tracking":false,"_monsterinsights_sitenote_active":false,"_monsterinsights_sitenote_note":"","_monsterinsights_sitenote_category":0,"_price":"","_stock":"","_tribe_ticket_header":"","_tribe_default_ticket_provider":"","_tribe_ticket_capacity":"0","_ticket_start_date":"","_ticket_end_date":"","_tribe_ticket_show_description":"","_tribe_ticket_show_not_going":false,"_tribe_ticket_use_global_stock":"","_tribe_ticket_global_stock_level":"","_global_stock_mode":"","_global_stock_cap":"","_tribe_rsvp_for_event":"","_tribe_ticket_going_count":"","_tribe_ticket_not_going_count":"","_tribe_tickets_list":"[]","_tribe_ticket_has_attendee_info_fields":false,"footnotes":"","_tec_slr_enabled":"","_tec_slr_layout":""},"class_list":["post-3","page","type-page","status-publish","hentry"],"acf":[],"ticketed":false,"_links":{"self":[{"href":"https:\/\/www.peelbergen.eu\/de\/wp-json\/wp\/v2\/pages\/3","targetHints":{"allow":["GET"]}}],"collection":[{"href":"https:\/\/www.peelbergen.eu\/de\/wp-json\/wp\/v2\/pages"}],"about":[{"href":"https:\/\/www.peelbergen.eu\/de\/wp-json\/wp\/v2\/types\/page"}],"author":[{"embeddable":true,"href":"https:\/\/www.peelbergen.eu\/de\/wp-json\/wp\/v2\/users\/1"}],"replies":[{"embeddable":true,"href":"https:\/\/www.peelbergen.eu\/de\/wp-json\/wp\/v2\/comments?post=3"}],"version-history":[{"count":4,"href":"https:\/\/www.peelbergen.eu\/de\/wp-json\/wp\/v2\/pages\/3\/revisions"}],"predecessor-version":[{"id":33102,"href":"https:\/\/www.peelbergen.eu\/de\/wp-json\/wp\/v2\/pages\/3\/revisions\/33102"}],"wp:attachment":[{"href":"https:\/\/www.peelbergen.eu\/de\/wp-json\/wp\/v2\/media?parent=3"}],"curies":[{"name":"wp","href":"https:\/\/api.w.org\/{rel}","templated":true}]}}