{"id":23,"date":"2025-04-22T13:25:23","date_gmt":"2025-04-22T11:25:23","guid":{"rendered":"https:\/\/www.peelbergen.eu\/nieuw\/?page_id=23"},"modified":"2026-04-11T13:06:23","modified_gmt":"2026-04-11T11:06:23","slug":"contact","status":"publish","type":"page","link":"https:\/\/www.peelbergen.eu\/de\/contact\/","title":{"rendered":"Kontakt"},"content":{"rendered":"<div id='av_section_1'  class='avia-section av-m9sg8mhw-94fdddcfcbdf3828d84cd5c8bdd77b77 alternate_color avia-section-default avia-no-border-styling  avia-builder-el-0  el_before_av_section  avia-builder-el-first  avia-bg-style-scroll container_wrap fullsize'  ><div class='container av-section-cont-open' ><main  role=\"main\" itemprop=\"mainContentOfPage\"  class='template-page content  av-content-full alpha units'><div class='post-entry post-entry-type-page post-entry-23'><div class='entry-content-wrapper clearfix'>\n<div  class='flex_column av-408rj-9d7de2d5885d0f8d439830ecd2820784 av_one_full  avia-builder-el-1  el_before_av_one_third  avia-builder-el-first  first flex_column_div'     ><section  class='av_textblock_section av-m9sgcdxa-f673eb19400b94c932529bf136831db9'   itemscope=\"itemscope\" itemtype=\"https:\/\/schema.org\/CreativeWork\" ><div class='avia_textblock'  itemprop=\"text\" ><h1 style=\"text-align: center;\">Wir freuen uns, von Ihnen zu h\u00f6ren<\/h1>\n<p style=\"text-align: center;\">Haben Sie eine Frage? Die meisten Antworten finden Sie auf unserer <a href=\"https:\/\/www.peelbergen.eu\/de\/faq\/\">FAQ-Seite<\/a>, schauen Sie es sich an!<\/p>\n<p style=\"text-align: center;\">F\u00fcr eine schnelle Kommunikation w\u00e4hrend der Shows (Startlisten\u00e4nderungen oder schnelle Fragen) schickt uns eine WhatsApp!<\/p>\n<\/div><\/section><br \/>\n<div  class='avia-button-wrap av-mnu8ah05-9f05bae5ffdd7456035105b944a7187f-wrap avia-button-center  avia-builder-el-3  el_after_av_textblock  avia-builder-el-last'><a href='https:\/\/wa.me\/31623071155'  class='avia-button av-mnu8ah05-9f05bae5ffdd7456035105b944a7187f av-link-btn avia-icon_select-no avia-size-large avia-position-center avia-color-theme-color-highlight'   aria-label=\"Eine Whatsapp senden\"><span class='avia_iconbox_title' >Eine Whatsapp senden<\/span><\/a><\/div><\/p><\/div><div class='flex_column_table av-m9sg976e-354e939a10e6c2c30704ca9b2c05f410 sc-av_one_third av-equal-height-column-flextable'>\n<style type=\"text\/css\" data-created_by=\"avia_inline_auto\" id=\"style-css-av-m9sg976e-354e939a10e6c2c30704ca9b2c05f410\">\n.flex_column.av-m9sg976e-354e939a10e6c2c30704ca9b2c05f410{\nwidth:31.333333333333%;\nmargin-left:0;\nborder-radius:20px 20px 20px 20px;\npadding:30px 30px 30px 30px;\nbackground-color:#ffffff;\n}\n#top .flex_column_table.av-equal-height-column-flextable.av-m9sg976e-354e939a10e6c2c30704ca9b2c05f410 .av-flex-placeholder{\nwidth:3%;\n}\n<\/style>\n<div  class='flex_column av-m9sg976e-354e939a10e6c2c30704ca9b2c05f410 av_one_third  avia-builder-el-4  el_after_av_one_full  el_before_av_one_third  first flex_column_table_cell av-equal-height-column av-align-top  column-top-margin'     ><section  class='av_textblock_section av-rkub-36a8dd2509763d3595ba6c174d312b19'   itemscope=\"itemscope\" itemtype=\"https:\/\/schema.org\/CreativeWork\" ><div class='avia_textblock'  itemprop=\"text\" ><h3>Adresse<\/h3>\n<p>Peelbergen Equestrian Centre<br \/>\nTravers 5<br \/>\n5976 PL, Kronenberg<br \/>\nDie Niederlande<\/p>\n<p><em>Geben Sie in Ihrer Navigation die Peelstraat als Ziel ein.<\/em><\/p>\n<\/div><\/section><br \/>\n<div  class='avia-button-wrap av-ma3ot3fs-f44af87209dd08550726eabf4729e139-wrap avia-button-left  avia-builder-el-6  el_after_av_textblock  el_before_av_textblock'><a href='#'  class='avia-button av-ma3ot3fs-f44af87209dd08550726eabf4729e139 av-link-btn avia-icon_select-no avia-size-medium avia-position-left avia-color-theme-color-highlight'   aria-label=\"Route \u00fcber Google Maps\"><span class='avia_iconbox_title' >Route \u00fcber Google Maps<\/span><\/a><\/div><br \/>\n<section  class='av_textblock_section av-m9sg8hjt-2049efeaadfb308ed2c432617ed9552b'   itemscope=\"itemscope\" itemtype=\"https:\/\/schema.org\/CreativeWork\" ><div class='avia_textblock'  itemprop=\"text\" ><p>Kvk: 61395870<br \/>\nNL854324628B01<\/p>\n<\/div><\/section><\/p><\/div><div class='av-flex-placeholder'><\/div>\n<style type=\"text\/css\" data-created_by=\"avia_inline_auto\" id=\"style-css-av-2tk6v-fc5a013853b0e0f396ebc7a262b1ca7c\">\n.flex_column.av-2tk6v-fc5a013853b0e0f396ebc7a262b1ca7c{\nwidth:31.333333333333%;\nmargin-left:0;\nborder-radius:20px 20px 20px 20px;\npadding:30px 30px 30px 30px;\nbackground-color:#ffffff;\n}\n#top .flex_column_table.av-equal-height-column-flextable.av-2tk6v-fc5a013853b0e0f396ebc7a262b1ca7c .av-flex-placeholder{\nwidth:3%;\n}\n<\/style>\n<div  class='flex_column av-2tk6v-fc5a013853b0e0f396ebc7a262b1ca7c av_one_third  avia-builder-el-8  el_after_av_one_third  el_before_av_one_third  flex_column_table_cell av-equal-height-column av-align-top  column-top-margin'     ><section  class='av_textblock_section av-22bpn-2055077e2043a84180e02ff9e6c273d4'   itemscope=\"itemscope\" itemtype=\"https:\/\/schema.org\/CreativeWork\" ><div class='avia_textblock'  itemprop=\"text\" ><h3>Kontakt<\/h3>\n<p>+31 (0) 6 8350 8628 f\u00fcr das Restaurant<br \/>\n+31 (0) 6 38273834 f\u00fcr Verwaltung und Finanzen<br \/>\n+31 (0)6 2307 1155 f\u00fcr das Messeb\u00fcro<br \/>\n+31 (0) tel:0638273835 f\u00fcr HR<\/p>\n<p>Sie m\u00f6chten ein bestimmtes Teammitglied kontaktieren? Gehen Sie zu unserem <a href=\"https:\/\/www.peelbergen.eu\/de\/about-us\/team\/\">Teamseite<\/a><\/p>\n<h4>Fragen zu...<\/h4>\n<p>Anmietung unserer Arenen, Wettbewerbe oder Mitgliedschaften<br \/>\n<a href=\"mailto:wedstrijden@peelbergen.eu\">wedstrijden@peelbergen.eu<\/a><\/p>\n<p>internationale Wettbewerbe (CSI's)<br \/>\n<a href=\"mailto:csi@peelbergen.eu\">csi@peelbergen.eu<\/a><\/p>\n<p>Marketing - Kommunikation<br \/>\n<a href=\"mailto:communication@peelbergen.eu\">communication@peelbergen.eu<\/a><\/p>\n<\/div><\/section><\/div><div class='av-flex-placeholder'><\/div>\n<style type=\"text\/css\" data-created_by=\"avia_inline_auto\" id=\"style-css-av-1npef-725e7806be40a76be1045df91b424184\">\n.flex_column.av-1npef-725e7806be40a76be1045df91b424184{\nwidth:31.333333333333%;\nmargin-left:0;\nborder-radius:20px 20px 20px 20px;\npadding:30px 30px 30px 30px;\nbackground-color:#ffffff;\n}\n#top .flex_column_table.av-equal-height-column-flextable.av-1npef-725e7806be40a76be1045df91b424184 .av-flex-placeholder{\nwidth:3%;\n}\n<\/style>\n<div  class='flex_column av-1npef-725e7806be40a76be1045df91b424184 av_one_third  avia-builder-el-10  el_after_av_one_third  avia-builder-el-last  flex_column_table_cell av-equal-height-column av-align-top  column-top-margin'     ><section  class='av_textblock_section av-r1uz-da9cb486d0c9f300f1b0a9fe889c7454'   itemscope=\"itemscope\" itemtype=\"https:\/\/schema.org\/CreativeWork\" ><div class='avia_textblock'  itemprop=\"text\" ><h3>\u00d6ffnungszeiten<\/h3>\n<\/div><\/section><br \/>\n\n<style type=\"text\/css\" data-created_by=\"avia_inline_auto\" id=\"style-css-av-ma3p41z4-1b754105f671e849ef40e3b011415b68\">\n#top .av_textblock_section.av-ma3p41z4-1b754105f671e849ef40e3b011415b68 .avia_textblock{\ncolumn-count:2;\n}\n<\/style>\n<section  class='av_textblock_section av-ma3p41z4-1b754105f671e849ef40e3b011415b68'   itemscope=\"itemscope\" itemtype=\"https:\/\/schema.org\/CreativeWork\" ><div class='avia_textblock av_multi_colums'  itemprop=\"text\" ><p><strong>Montag<\/strong><br \/>\n<strong>Dienstag<\/strong><br \/>\n<strong>Mittwoch<\/strong><br \/>\n<strong>Donnerstag<\/strong><br \/>\n<strong>Freitag<\/strong><br \/>\n<strong>Samstag<\/strong><br \/>\n<strong>Sonntag<\/strong><\/p>\n<p>08:00 \u2013 18:00 Uhr<br \/>\n08:00 \u2013 18:00 Uhr<br \/>\n08:00 \u2013 21:00 Uhr<br \/>\n08:00 \u2013 18:00 Uhr<br \/>\n08:00 \u2013 21:00 Uhr<br \/>\n08:00 \u2013 21:00 Uhr<br \/>\n08:00 \u2013 18:00 Uhr<\/p>\n<\/div><\/section><\/p><\/div><\/div><!--close column table wrapper. Autoclose: 1 --><\/div><\/div><\/main><!-- close content main element --><\/div><\/div>\n<style type=\"text\/css\" data-created_by=\"avia_inline_auto\" id=\"style-css-av-m9sg7gkm-432c77de71a973b47ea2f8bf2c68e553\">\n.avia-section.av-m9sg7gkm-432c77de71a973b47ea2f8bf2c68e553{\nbackground-color:#000000;\nbackground-image:unset;\n}\n<\/style>\n<div id='av_section_2'  class='avia-section av-m9sg7gkm-432c77de71a973b47ea2f8bf2c68e553 main_color avia-section-default avia-no-border-styling  avia-builder-el-13  el_after_av_section  avia-builder-el-last  avia-bg-style-scroll container_wrap fullsize'  ><div class='container av-section-cont-open' ><div class='template-page content  av-content-full alpha units'><div class='post-entry post-entry-type-page post-entry-23'><div class='entry-content-wrapper clearfix'>\n<div  class='flex_column av-33llz-ffc1942304dc4ac2034f3559762ff534 av_one_fifth  avia-builder-el-14  el_before_av_three_fifth  avia-builder-el-first  first flex_column_div'     ><\/div>\n<style type=\"text\/css\" data-created_by=\"avia_inline_auto\" id=\"style-css-av-2qrvr-44357dde348a73771f9686f87407604d\">\n.flex_column.av-2qrvr-44357dde348a73771f9686f87407604d{\nborder-radius:20px 20px 20px 20px;\npadding:30px 30px 30px 30px;\nbackground-color:#d19c59;\n}\n<\/style>\n<div  class='flex_column av-2qrvr-44357dde348a73771f9686f87407604d av_three_fifth  avia-builder-el-15  el_after_av_one_fifth  el_before_av_one_fifth  flex_column_div'     ><p>\n<style type=\"text\/css\" data-created_by=\"avia_inline_auto\" id=\"style-css-av-ma2izue9-f94fe9aeb271c5b79c95e1a6d7d6146e\">\n#top .av-special-heading.av-ma2izue9-f94fe9aeb271c5b79c95e1a6d7d6146e{\npadding-bottom:10px;\n}\nbody .av-special-heading.av-ma2izue9-f94fe9aeb271c5b79c95e1a6d7d6146e .av-special-heading-tag .heading-char{\nfont-size:25px;\n}\n.av-special-heading.av-ma2izue9-f94fe9aeb271c5b79c95e1a6d7d6146e .av-subheading{\nfont-size:15px;\n}\n<\/style>\n<div  class='av-special-heading av-ma2izue9-f94fe9aeb271c5b79c95e1a6d7d6146e av-special-heading-h2 blockquote modern-quote  avia-builder-el-16  el_before_av_codeblock  avia-builder-el-first'><h2 class='av-special-heading-tag'  itemprop=\"headline\"  >Weitere Fragen?<\/h2><div class=\"special-heading-border\"><div class=\"special-heading-inner-border\"><\/div><\/div><\/div><br \/>\n<\/p><\/div><div  class='flex_column av-1lz7j-f1fc5073cf2a993069d292aa6b086cc8 av_one_fifth  avia-builder-el-18  el_after_av_three_fifth  avia-builder-el-last  flex_column_div'     ><\/div>\n<\/p>","protected":false},"excerpt":{"rendered":"","protected":false},"author":1,"featured_media":0,"parent":0,"menu_order":3,"comment_status":"closed","ping_status":"closed","template":"","meta":{"_acf_changed":false,"_monsterinsights_skip_tracking":false,"_monsterinsights_sitenote_active":false,"_monsterinsights_sitenote_note":"","_monsterinsights_sitenote_category":0,"_price":"","_stock":"","_tribe_ticket_header":"","_tribe_default_ticket_provider":"","_tribe_ticket_capacity":"0","_ticket_start_date":"","_ticket_end_date":"","_tribe_ticket_show_description":"","_tribe_ticket_show_not_going":false,"_tribe_ticket_use_global_stock":"","_tribe_ticket_global_stock_level":"","_global_stock_mode":"","_global_stock_cap":"","_tribe_rsvp_for_event":"","_tribe_ticket_going_count":"","_tribe_ticket_not_going_count":"","_tribe_tickets_list":"[]","_tribe_ticket_has_attendee_info_fields":false,"footnotes":"","_tec_slr_enabled":"","_tec_slr_layout":""},"class_list":["post-23","page","type-page","status-publish","hentry"],"acf":[],"ticketed":false,"_links":{"self":[{"href":"https:\/\/www.peelbergen.eu\/de\/wp-json\/wp\/v2\/pages\/23","targetHints":{"allow":["GET"]}}],"collection":[{"href":"https:\/\/www.peelbergen.eu\/de\/wp-json\/wp\/v2\/pages"}],"about":[{"href":"https:\/\/www.peelbergen.eu\/de\/wp-json\/wp\/v2\/types\/page"}],"author":[{"embeddable":true,"href":"https:\/\/www.peelbergen.eu\/de\/wp-json\/wp\/v2\/users\/1"}],"replies":[{"embeddable":true,"href":"https:\/\/www.peelbergen.eu\/de\/wp-json\/wp\/v2\/comments?post=23"}],"version-history":[{"count":24,"href":"https:\/\/www.peelbergen.eu\/de\/wp-json\/wp\/v2\/pages\/23\/revisions"}],"predecessor-version":[{"id":34283,"href":"https:\/\/www.peelbergen.eu\/de\/wp-json\/wp\/v2\/pages\/23\/revisions\/34283"}],"wp:attachment":[{"href":"https:\/\/www.peelbergen.eu\/de\/wp-json\/wp\/v2\/media?parent=23"}],"curies":[{"name":"wp","href":"https:\/\/api.w.org\/{rel}","templated":true}]}}