{"id":19,"date":"2025-04-22T13:25:03","date_gmt":"2025-04-22T11:25:03","guid":{"rendered":"https:\/\/www.peelbergen.eu\/nieuw\/?page_id=19"},"modified":"2025-07-09T10:56:09","modified_gmt":"2025-07-09T08:56:09","slug":"knhs-shows","status":"publish","type":"page","link":"https:\/\/www.peelbergen.eu\/de\/showjumping\/knhs-shows\/","title":{"rendered":"KNHS Ausstellungen"},"content":{"rendered":"<div id='av_section_1'  class='avia-section av-m9sk0qrt-4753dbac2ccc893d786da30b229e679c alternate_color avia-section-default avia-no-border-styling  avia-builder-el-0  avia-builder-el-no-sibling  avia-bg-style-scroll container_wrap fullsize'  ><div class='container av-section-cont-open' ><main  role=\"main\" itemprop=\"mainContentOfPage\"  class='template-page content  av-content-full alpha units'><div class='post-entry post-entry-type-page post-entry-19'><div class='entry-content-wrapper clearfix'>\n<div  class='flex_column av-5g5nz-dba7881d99f3a7da966cf3c457d40304 av_one_fifth  avia-builder-el-1  el_before_av_three_fifth  avia-builder-el-first  first flex_column_div'     ><\/div><div  class='flex_column av-54ogz-d093aafb54e8c24a7fe83724a7cfa409 av_three_fifth  avia-builder-el-2  el_after_av_one_fifth  el_before_av_one_fifth  flex_column_div'     ><section  class='av_textblock_section av-m9sk12jm-1325602dae468ea5336580d9df197a28'   itemscope=\"itemscope\" itemtype=\"https:\/\/schema.org\/CreativeWork\" ><div class='avia_textblock'  itemprop=\"text\" ><h1 style=\"text-align: center;\">KNHS Ausstellungen<\/h1>\n<p style=\"text-align: center;\">Das Reitsportzentrum de Peelbergen organisiert auch offizielle KNHS-Turniere f\u00fcr Springen und Dressur, sowohl f\u00fcr Ponys als auch f\u00fcr Pferde.<br \/>\nDie Termine finden Sie in der\u00a0<a href=\"https:\/\/www.peelbergen.eu\/de\/springen\/\">agenda<\/a>. F\u00fcr Fragen, E-Mail <a href=\"mailto:wedstrijden@peelbergen.eu\">wedstrijden@peelbergen.eu<\/a><\/p>\n<\/div><\/section><\/div><div  class='flex_column av-48l5b-00bb70f0edcd0b7ea0dc27cd96077b57 av_one_fifth  avia-builder-el-4  el_after_av_three_fifth  el_before_av_three_fifth  flex_column_div'     ><\/div><div class='flex_column_table av-m9sk1z6s-1dcf195305d774598d9d43c28c91cc64 sc-av_three_fifth av-equal-height-column-flextable'>\n<style type=\"text\/css\" data-created_by=\"avia_inline_auto\" id=\"style-css-av-m9sk1z6s-1dcf195305d774598d9d43c28c91cc64\">\n.flex_column.av-m9sk1z6s-1dcf195305d774598d9d43c28c91cc64{\nborder-radius:20px 0 0 20px;\npadding:30px 30px 30px 30px;\nbackground-color:#ffffff;\n}\n<\/style>\n<div  class='flex_column av-m9sk1z6s-1dcf195305d774598d9d43c28c91cc64 av_three_fifth  avia-builder-el-5  el_after_av_one_fifth  el_before_av_two_fifth  first no_margin flex_column_table_cell av-equal-height-column av-align-middle  column-top-margin'     ><section  class='av_textblock_section av-31krn-496e54cab1dbc1db2fbbbd93906f50f1'   itemscope=\"itemscope\" itemtype=\"https:\/\/schema.org\/CreativeWork\" ><div class='avia_textblock'  itemprop=\"text\" ><h4 data-heading-tag=\"H4\">KNHS-SPRINGPR\u00dcFUNG - PFERDE<\/h4>\n<ul>\n<li>Die Bedingungen f\u00fcr die KNHS-Wettbewerbe finden Sie in den Wettbewerbsverzeichnissen auf der Website\u00a0<a href=\"https:\/\/www.knhs.nl\/\" target=\"_blank\" rel=\"noopener noreferrer\">KNHS-Website<\/a>.<\/li>\n<li>Die 5 besten Kombinationen werden zur Preisverleihung eingeladen, die auf dem Pferder\u00fccken in der Arena stattfindet. Bei Nichterscheinen f\u00e4llt der Preis an die Organisation zur\u00fcck. Die \u00fcbrigen Preise k\u00f6nnen im Sekretariat abgeholt werden.<\/li>\n<li>Die Wettbewerbe sind auch f\u00fcr belgische und deutsche Teilnehmer offen.<\/li>\n<li>Die Teilnahmegeb\u00fchren und Preisgelder entnehmen Sie bitte der Liste der Wettbewerbe.<\/li>\n<li>Denken Sie an die Kontrollen auf verbotene Medikamente und Substanzen sowie an eine Chipkontrolle.<\/li>\n<li>Es gelten die KNHS-Verordnung und die Peelbergen-Verordnung.<\/li>\n<\/ul>\n<\/div><\/section><\/div>\n<style type=\"text\/css\" data-created_by=\"avia_inline_auto\" id=\"style-css-av-2q4vv-3af7db1f641a09087811e9e3c3ea8a04\">\n.flex_column.av-2q4vv-3af7db1f641a09087811e9e3c3ea8a04{\nborder-radius:0 20px 20px 0;\npadding:30px 30px 30px 30px;\nbackground:url(https:\/\/www.peelbergen.eu\/wp-content\/uploads\/2025\/06\/1596-GM1_3422-1-min-scaled-1.jpg) 50% 50% no-repeat scroll #000000;\n}\n<\/style>\n<div  class='flex_column av-2q4vv-3af7db1f641a09087811e9e3c3ea8a04 av_two_fifth  avia-builder-el-7  el_after_av_three_fifth  el_before_av_three_fifth  no_margin flex_column_table_cell av-equal-height-column av-align-middle avia-full-stretch  column-top-margin'     ><style type=\"text\/css\" data-created_by=\"avia_inline_auto\" id=\"style-css-av-1xviv-c3d0086835a1af9df8d42c99fc98df78\">\n#top .hr.hr-invisible.av-1xviv-c3d0086835a1af9df8d42c99fc98df78{\nheight:460px;\n}\n<\/style>\n<div  class='hr av-1xviv-c3d0086835a1af9df8d42c99fc98df78 hr-invisible  avia-builder-el-8  avia-builder-el-no-sibling'><span class='hr-inner'><span class=\"hr-inner-style\"><\/span><\/span><\/div><\/div><\/div><!--close column table wrapper. Autoclose: 1 --><div class='flex_column_table av-1ozoz-eabfcc392bbd6b79733bb8835124d2e3 sc-av_three_fifth av-equal-height-column-flextable'>\n<style type=\"text\/css\" data-created_by=\"avia_inline_auto\" id=\"style-css-av-1ozoz-eabfcc392bbd6b79733bb8835124d2e3\">\n.flex_column.av-1ozoz-eabfcc392bbd6b79733bb8835124d2e3{\nborder-radius:20px 0 0 20px;\npadding:30px 30px 30px 30px;\nbackground-color:#ffffff;\n}\n<\/style>\n<div  class='flex_column av-1ozoz-eabfcc392bbd6b79733bb8835124d2e3 av_three_fifth  avia-builder-el-9  el_after_av_two_fifth  el_before_av_two_fifth  first no_margin flex_column_table_cell av-equal-height-column av-align-middle'     ><section  class='av_textblock_section av-pewn-71f35947321d7e2da091e52493d401be'   itemscope=\"itemscope\" itemtype=\"https:\/\/schema.org\/CreativeWork\" ><div class='avia_textblock'  itemprop=\"text\" ><h4 data-heading-tag=\"H4\">KNHS-SPRINGWETTBEWERB - PONYS<\/h4>\n<ul>\n<li>Die Bedingungen f\u00fcr die KNHS-Wettbewerbe sind in den Wettbewerbsverzeichnissen zu finden.<\/li>\n<li>Die 5 besten Kombinationen werden zur Preisverleihung eingeladen, die auf dem Pferder\u00fccken in der Arena stattfindet. Bei Nichterscheinen f\u00e4llt der Preis an die Organisation zur\u00fcck. Die \u00fcbrigen Preise k\u00f6nnen im Sekretariat abgeholt werden.<\/li>\n<li>Die Wettbewerbe sind auch f\u00fcr belgische und deutsche Teilnehmer offen.<\/li>\n<li>Die Teilnahmegeb\u00fchren und Preisgelder entnehmen Sie bitte der Liste der Wettbewerbe.<\/li>\n<li>Denken Sie an die Kontrollen auf verbotene Medikamente und Substanzen sowie an eine Chipkontrolle.<\/li>\n<li>Es gelten die KNHS-Verordnung und die Peelbergen-Verordnung.<\/li>\n<\/ul>\n<\/div><\/section><\/div>\n<style type=\"text\/css\" data-created_by=\"avia_inline_auto\" id=\"style-css-av-ma3q5qwm-591a43a4c63a7a9db781d02f55e681b5\">\n.flex_column.av-ma3q5qwm-591a43a4c63a7a9db781d02f55e681b5{\nborder-radius:0 20px 20px 0;\npadding:30px 30px 30px 30px;\nbackground:url(https:\/\/www.peelbergen.eu\/wp-content\/uploads\/2025\/06\/KNHS-pony-springen-1.jpg) 50% 50% no-repeat scroll #000000;\n}\n<\/style>\n<div  class='flex_column av-ma3q5qwm-591a43a4c63a7a9db781d02f55e681b5 av_two_fifth  avia-builder-el-11  el_after_av_three_fifth  el_before_av_three_fifth  no_margin flex_column_table_cell av-equal-height-column av-align-middle avia-full-stretch'     ><style type=\"text\/css\" data-created_by=\"avia_inline_auto\" id=\"style-css-av-ma3q6vy8-f052a14abe9596fff2dd45336901479e\">\n#top .hr.hr-invisible.av-ma3q6vy8-f052a14abe9596fff2dd45336901479e{\nheight:460px;\n}\n<\/style>\n<div  class='hr av-ma3q6vy8-f052a14abe9596fff2dd45336901479e hr-invisible  avia-builder-el-12  avia-builder-el-no-sibling'><span class='hr-inner'><span class=\"hr-inner-style\"><\/span><\/span><\/div><\/div><\/div><!--close column table wrapper. Autoclose: 1 --><div class='flex_column_table av-52yif-a8fb61f371d21f5eebd9020fb853667e sc-av_three_fifth av-equal-height-column-flextable'>\n<style type=\"text\/css\" data-created_by=\"avia_inline_auto\" id=\"style-css-av-52yif-a8fb61f371d21f5eebd9020fb853667e\">\n.flex_column.av-52yif-a8fb61f371d21f5eebd9020fb853667e{\nborder-radius:20px 0 0 20px;\npadding:30px 30px 30px 30px;\nbackground-color:#ffffff;\n}\n<\/style>\n<div  class='flex_column av-52yif-a8fb61f371d21f5eebd9020fb853667e av_three_fifth  avia-builder-el-13  el_after_av_two_fifth  el_before_av_two_fifth  first no_margin flex_column_table_cell av-equal-height-column av-align-middle'     ><section  class='av_textblock_section av-4o89j-0970c781c79439842d3f18d318c72439'   itemscope=\"itemscope\" itemtype=\"https:\/\/schema.org\/CreativeWork\" ><div class='avia_textblock'  itemprop=\"text\" ><h4 data-heading-tag=\"H4\">KNHS DRESSURWETTBEWERB - PFERDE<\/h4>\n<ul>\n<li>Die Bedingungen f\u00fcr die KNHS-Wettbewerbe sind in den Wettbewerbsverzeichnissen zu finden.<\/li>\n<li>Die Preisverleihung findet nach jeder Klasse im Foyer statt. Bei Abwesenheit wird der Preis an die Organisation zur\u00fcckgegeben.<\/li>\n<li>Die Teilnahmegeb\u00fchren und Preisgelder entnehmen Sie bitte der Liste der Wettbewerbe.<\/li>\n<li>Denken Sie an die Kontrollen auf verbotene Medikamente und Substanzen sowie an eine Chipkontrolle.<\/li>\n<li>Es gelten die KNHS-Verordnung und die Peelbergen-Verordnung.<\/li>\n<\/ul>\n<\/div><\/section><\/div>\n<style type=\"text\/css\" data-created_by=\"avia_inline_auto\" id=\"style-css-av-43yxz-803c117ddbc56c7ce51a77445cdc37b6\">\n.flex_column.av-43yxz-803c117ddbc56c7ce51a77445cdc37b6{\nborder-radius:0 20px 20px 0;\npadding:30px 30px 30px 30px;\nbackground:url(https:\/\/www.peelbergen.eu\/wp-content\/uploads\/2025\/06\/Carlijn-Vaessen-Fossbury-PEEL22L49932.jpg) 50% 50% no-repeat scroll #000000;\n}\n<\/style>\n<div  class='flex_column av-43yxz-803c117ddbc56c7ce51a77445cdc37b6 av_two_fifth  avia-builder-el-15  el_after_av_three_fifth  el_before_av_three_fifth  no_margin flex_column_table_cell av-equal-height-column av-align-middle avia-full-stretch'     ><style type=\"text\/css\" data-created_by=\"avia_inline_auto\" id=\"style-css-av-3eybr-e25cea66a2912b50d9f4e061ffe4ced3\">\n#top .hr.hr-invisible.av-3eybr-e25cea66a2912b50d9f4e061ffe4ced3{\nheight:460px;\n}\n<\/style>\n<div  class='hr av-3eybr-e25cea66a2912b50d9f4e061ffe4ced3 hr-invisible  avia-builder-el-16  avia-builder-el-no-sibling'><span class='hr-inner'><span class=\"hr-inner-style\"><\/span><\/span><\/div><\/div><\/div><!--close column table wrapper. Autoclose: 1 --><div class='flex_column_table av-8xdz-f8d5d4af5c0795de3707a1dc56ecab17 sc-av_three_fifth av-equal-height-column-flextable'>\n<style type=\"text\/css\" data-created_by=\"avia_inline_auto\" id=\"style-css-av-8xdz-f8d5d4af5c0795de3707a1dc56ecab17\">\n.flex_column.av-8xdz-f8d5d4af5c0795de3707a1dc56ecab17{\nborder-radius:20px 0 0 20px;\npadding:30px 30px 30px 30px;\nbackground-color:#ffffff;\n}\n<\/style>\n<div  class='flex_column av-8xdz-f8d5d4af5c0795de3707a1dc56ecab17 av_three_fifth  avia-builder-el-17  el_after_av_two_fifth  el_before_av_two_fifth  first no_margin flex_column_table_cell av-equal-height-column av-align-middle'     ><section  class='av_textblock_section av-1zmpv-4029aaf2ef10f272184a49e7c1531266'   itemscope=\"itemscope\" itemtype=\"https:\/\/schema.org\/CreativeWork\" ><div class='avia_textblock'  itemprop=\"text\" ><h4 data-heading-tag=\"H4\">KNHS DRESSURWETTBEWERB - PONYS<\/h4>\n<ul>\n<li>Die Bedingungen f\u00fcr die KNHS-Wettbewerbe sind in den Zeitpl\u00e4nen der Wettbewerbe enthalten, die auf der Website\u00a0<a href=\"https:\/\/www.knhs.nl\/\" target=\"_blank\" rel=\"noopener noreferrer\">KNHS-Website<\/a>.<\/li>\n<li>Die Preisverleihung findet nach jeder Klasse im Foyer statt. Bei Abwesenheit wird der Preis an die Organisation zur\u00fcckgegeben.<\/li>\n<li>Die Teilnahmegeb\u00fchren und Preisgelder entnehmen Sie bitte der Liste der Wettbewerbe.<\/li>\n<li>Denken Sie an die Kontrollen auf verbotene Medikamente und Substanzen sowie an eine Chipkontrolle.<\/li>\n<li>Es werden auch Dressurwettbewerbe f\u00fcr Ponys veranstaltet, die Termine finden Sie in der Agenda.<\/li>\n<li>Es gelten die KNHS-Verordnung und die Peelbergen-Verordnung.<\/li>\n<\/ul>\n<\/div><\/section><\/div>\n<style type=\"text\/css\" data-created_by=\"avia_inline_auto\" id=\"style-css-av-1p9c7-05919b5af4fb94bd0bc82ef4a2d8f45c\">\n.flex_column.av-1p9c7-05919b5af4fb94bd0bc82ef4a2d8f45c{\nborder-radius:0 20px 20px 0;\npadding:30px 30px 30px 30px;\nbackground:url(https:\/\/www.peelbergen.eu\/wp-content\/uploads\/2025\/06\/pony-dressuur.jpg) 50% 50% no-repeat scroll #000000;\n}\n<\/style>\n<div  class='flex_column av-1p9c7-05919b5af4fb94bd0bc82ef4a2d8f45c av_two_fifth  avia-builder-el-19  el_after_av_three_fifth  avia-builder-el-last  no_margin flex_column_table_cell av-equal-height-column av-align-middle avia-full-stretch'     ><style type=\"text\/css\" data-created_by=\"avia_inline_auto\" id=\"style-css-av-q6u7-7587d6c713483ebe6eeff7d362fe3a25\">\n#top .hr.hr-invisible.av-q6u7-7587d6c713483ebe6eeff7d362fe3a25{\nheight:460px;\n}\n<\/style>\n<div  class='hr av-q6u7-7587d6c713483ebe6eeff7d362fe3a25 hr-invisible  avia-builder-el-20  avia-builder-el-no-sibling'><span class='hr-inner'><span class=\"hr-inner-style\"><\/span><\/span><\/div><\/div><\/div><!--close column table wrapper. Autoclose: 1 -->","protected":false},"excerpt":{"rendered":"","protected":false},"author":1,"featured_media":0,"parent":13,"menu_order":1,"comment_status":"closed","ping_status":"closed","template":"","meta":{"_acf_changed":false,"_monsterinsights_skip_tracking":false,"_monsterinsights_sitenote_active":false,"_monsterinsights_sitenote_note":"","_monsterinsights_sitenote_category":0,"_price":"","_stock":"","_tribe_ticket_header":"","_tribe_default_ticket_provider":"","_tribe_ticket_capacity":"0","_ticket_start_date":"","_ticket_end_date":"","_tribe_ticket_show_description":"","_tribe_ticket_show_not_going":false,"_tribe_ticket_use_global_stock":"","_tribe_ticket_global_stock_level":"","_global_stock_mode":"","_global_stock_cap":"","_tribe_rsvp_for_event":"","_tribe_ticket_going_count":"","_tribe_ticket_not_going_count":"","_tribe_tickets_list":"[]","_tribe_ticket_has_attendee_info_fields":false,"footnotes":"","_tec_slr_enabled":"","_tec_slr_layout":""},"class_list":["post-19","page","type-page","status-publish","hentry"],"acf":[],"ticketed":false,"_links":{"self":[{"href":"https:\/\/www.peelbergen.eu\/de\/wp-json\/wp\/v2\/pages\/19","targetHints":{"allow":["GET"]}}],"collection":[{"href":"https:\/\/www.peelbergen.eu\/de\/wp-json\/wp\/v2\/pages"}],"about":[{"href":"https:\/\/www.peelbergen.eu\/de\/wp-json\/wp\/v2\/types\/page"}],"author":[{"embeddable":true,"href":"https:\/\/www.peelbergen.eu\/de\/wp-json\/wp\/v2\/users\/1"}],"replies":[{"embeddable":true,"href":"https:\/\/www.peelbergen.eu\/de\/wp-json\/wp\/v2\/comments?post=19"}],"version-history":[{"count":17,"href":"https:\/\/www.peelbergen.eu\/de\/wp-json\/wp\/v2\/pages\/19\/revisions"}],"predecessor-version":[{"id":27236,"href":"https:\/\/www.peelbergen.eu\/de\/wp-json\/wp\/v2\/pages\/19\/revisions\/27236"}],"up":[{"embeddable":true,"href":"https:\/\/www.peelbergen.eu\/de\/wp-json\/wp\/v2\/pages\/13"}],"wp:attachment":[{"href":"https:\/\/www.peelbergen.eu\/de\/wp-json\/wp\/v2\/media?parent=19"}],"curies":[{"name":"wp","href":"https:\/\/api.w.org\/{rel}","templated":true}]}}