{"id":13,"date":"2025-04-22T13:23:24","date_gmt":"2025-04-22T11:23:24","guid":{"rendered":"https:\/\/www.peelbergen.eu\/nieuw\/?page_id=13"},"modified":"2025-07-17T15:49:06","modified_gmt":"2025-07-17T13:49:06","slug":"showjumping","status":"publish","type":"page","link":"https:\/\/www.peelbergen.eu\/de\/showjumping\/","title":{"rendered":"Springreiten"},"content":{"rendered":"<style type=\"text\/css\" data-created_by=\"avia_inline_auto\" id=\"style-css-av-m9tv4zbz-26ff0d85ce8394c1ad8d2364c32d74fd\">\n.avia-section.av-m9tv4zbz-26ff0d85ce8394c1ad8d2364c32d74fd{\nbackground-color:#000000;\nbackground-image:url(https:\/\/www.peelbergen.eu\/wp-content\/uploads\/2025\/06\/Untitled-design-18.png);\nbackground-repeat:no-repeat;\nbackground-position:50% 0%;\nbackground-attachment:scroll;\n}\n<\/style>\n<div id='av_section_1'  class='avia-section av-m9tv4zbz-26ff0d85ce8394c1ad8d2364c32d74fd main_color avia-section-default avia-no-border-styling  avia-builder-el-0  avia-builder-el-no-sibling  avia-full-contain avia-bg-style-scroll container_wrap fullsize'  data-section-bg-repeat='contain'><div class='container av-section-cont-open' ><main  role=\"main\" itemprop=\"mainContentOfPage\"  class='template-page content  av-content-full alpha units'><div class='post-entry post-entry-type-page post-entry-13'><div class='entry-content-wrapper clearfix'>\n\n<style type=\"text\/css\" data-created_by=\"avia_inline_auto\" id=\"style-css-av-20fvp-31c0718448f6b6c3736937e749219885\">\n\n@media only screen and (min-width: 990px){ \n#top .flex_column.av-20fvp-31c0718448f6b6c3736937e749219885{\nmargin-top:130px;\nmargin-bottom:90px;\n}\n.responsive #top #wrap_all .flex_column.av-20fvp-31c0718448f6b6c3736937e749219885{\nmargin-top:130px;\nmargin-bottom:90px;\n}\n}\n<\/style>\n<div  class='flex_column av-20fvp-31c0718448f6b6c3736937e749219885 av_one_fifth  avia-builder-el-1  el_before_av_three_fifth  avia-builder-el-first  first flex_column_div'     ><\/div>\n<style type=\"text\/css\" data-created_by=\"avia_inline_auto\" id=\"style-css-av-1fpyx-e900fd34a8b20e75445efd60d4359bf4\">\n\n@media only screen and (min-width: 990px){ \n#top .flex_column.av-1fpyx-e900fd34a8b20e75445efd60d4359bf4{\nmargin-top:130px;\nmargin-bottom:90px;\n}\n.responsive #top #wrap_all .flex_column.av-1fpyx-e900fd34a8b20e75445efd60d4359bf4{\nmargin-top:130px;\nmargin-bottom:90px;\n}\n}\n<\/style>\n<div  class='flex_column av-1fpyx-e900fd34a8b20e75445efd60d4359bf4 av_three_fifth  avia-builder-el-2  el_after_av_one_fifth  el_before_av_one_fifth  flex_column_div'     ><p>\n<style type=\"text\/css\" data-created_by=\"avia_inline_auto\" id=\"style-css-av-macdik4z-e9b523aa20dc3ae2cc0378af4512885d\">\n#top .av-special-heading.av-macdik4z-e9b523aa20dc3ae2cc0378af4512885d{\ncolor:#ffffff;\n}\nbody .av-special-heading.av-macdik4z-e9b523aa20dc3ae2cc0378af4512885d .av-special-heading-tag .heading-char{\nfont-size:25px;\n}\n.av-special-heading.av-macdik4z-e9b523aa20dc3ae2cc0378af4512885d .special-heading-inner-border{\nborder-color:#ffffff;\n}\n.av-special-heading.av-macdik4z-e9b523aa20dc3ae2cc0378af4512885d .av-subheading{\nfont-size:15px;\n}\n<\/style>\n<div  class='av-special-heading av-macdik4z-e9b523aa20dc3ae2cc0378af4512885d av-special-heading-h1 custom-color-heading blockquote modern-quote modern-centered  avia-builder-el-3  el_before_av_textblock  avia-builder-el-first'><h1 class='av-special-heading-tag'  itemprop=\"headline\"  >Springreiten<\/h1><div class=\"special-heading-border\"><div class=\"special-heading-inner-border\"><\/div><\/div><\/div><br \/>\n\n<style type=\"text\/css\" data-created_by=\"avia_inline_auto\" id=\"style-css-av-m9tv4ugs-ebb79fd9d727876c82cf3aa501961b8e\">\n#top .av_textblock_section.av-m9tv4ugs-ebb79fd9d727876c82cf3aa501961b8e .avia_textblock{\ncolor:#ffffff;\n}\n<\/style>\n<section  class='av_textblock_section av-m9tv4ugs-ebb79fd9d727876c82cf3aa501961b8e'   itemscope=\"itemscope\" itemtype=\"https:\/\/schema.org\/CreativeWork\" ><div class='avia_textblock av_inherit_color'  itemprop=\"text\" ><p style=\"text-align: center;\">Peelbergen ist das ganze Jahr \u00fcber ein Zentrum des Springsports. Wir richten eine Vielzahl von Veranstaltungen aus, von internationalen CSI-Wettbewerben bis hin zu nationalen Turnieren, und bieten sowohl Spitzensportlern als auch Nachwuchstalenten eine Chance. Zus\u00e4tzlich zu den Wettk\u00e4mpfen werden unsere Anlagen regelm\u00e4\u00dfig f\u00fcr Trainingstage, Lehrg\u00e4nge und die F\u00f6rderung junger Pferde genutzt.<\/p>\n<\/div><\/section><\/p><\/div>\n<style type=\"text\/css\" data-created_by=\"avia_inline_auto\" id=\"style-css-av-ol9t-177cb81550a9230d6d01794e9e34ce73\">\n\n@media only screen and (min-width: 990px){ \n#top .flex_column.av-ol9t-177cb81550a9230d6d01794e9e34ce73{\nmargin-top:130px;\nmargin-bottom:90px;\n}\n.responsive #top #wrap_all .flex_column.av-ol9t-177cb81550a9230d6d01794e9e34ce73{\nmargin-top:130px;\nmargin-bottom:90px;\n}\n}\n<\/style>\n<div  class='flex_column av-ol9t-177cb81550a9230d6d01794e9e34ce73 av_one_fifth  avia-builder-el-5  el_after_av_three_fifth  el_before_av_one_half  flex_column_div'     ><\/div><div class='flex_column_table av-m9tv5xz4-c5948d52024186732bce4df95135f7bc sc-av_one_half av-equal-height-column-flextable'>\n<style type=\"text\/css\" data-created_by=\"avia_inline_auto\" id=\"style-css-av-m9tv5xz4-c5948d52024186732bce4df95135f7bc\">\n.flex_column.av-m9tv5xz4-c5948d52024186732bce4df95135f7bc{\nborder-radius:20px 0 0 20px;\npadding:30px 30px 30px 30px;\nbackground-color:#d19c59;\n}\n<\/style>\n<div  class='flex_column av-m9tv5xz4-c5948d52024186732bce4df95135f7bc av_one_half  avia-builder-el-6  el_after_av_one_fifth  el_before_av_one_half  first no_margin flex_column_table_cell av-equal-height-column av-align-middle  column-top-margin'     ><section  class='av_textblock_section av-m9tv6qpn-5cd660460fa1f611baa0a95f92258501'   itemscope=\"itemscope\" itemtype=\"https:\/\/schema.org\/CreativeWork\" ><div class='avia_textblock'  itemprop=\"text\" ><h3>CSI-Sendungen<\/h3>\n<p>Im Peelbergen Equestrian Centre finden das ganze Jahr \u00fcber CSI1*-, CSI2*- und CSIYH1*-Wettbewerbe statt, die sowohl etablierte Namen als auch aufstrebende Stars des internationalen Springsports anziehen. Egal, ob Sie ein Reiter sind, der an einem Wettbewerb teilnehmen m\u00f6chte, ein Besucher, der den Sport genie\u00dft, oder ein Sponsor, der auf sich aufmerksam machen m\u00f6chte - es gibt viele M\u00f6glichkeiten, an diesen dynamischen Veranstaltungen teilzunehmen.<\/p>\n<\/div><\/section><br \/>\n<div  class='avia-button-wrap av-m9tv75rj-23fff3240cf093f842db5f4364a0ac43-wrap avia-button-left  avia-builder-el-8  el_after_av_textblock  avia-builder-el-last'><a href=''  class='avia-button av-m9tv75rj-23fff3240cf093f842db5f4364a0ac43 av-link-btn avia-icon_select-no avia-size-medium avia-position-left avia-color-theme-color-highlight'  target=\"_blank\"  rel=\"noopener noreferrer\"  aria-label=\"CSI-Termine pr\u00fcfen\"><span class='avia_iconbox_title' >CSI-Termine pr\u00fcfen<\/span><\/a><\/div><\/p><\/div>\n<style type=\"text\/css\" data-created_by=\"avia_inline_auto\" id=\"style-css-av-2v09l-75216b7e6e9d4be7b18b2b7479f2efee\">\n.flex_column.av-2v09l-75216b7e6e9d4be7b18b2b7479f2efee{\nborder-radius:0 20px 20px 0;\nbackground:url(https:\/\/www.peelbergen.eu\/wp-content\/uploads\/2025\/06\/1742-LP1_3007-scaled.jpg) 50% 50% no-repeat scroll ;\n}\n<\/style>\n<div  id=\"ing-marge\"  class='flex_column av-2v09l-75216b7e6e9d4be7b18b2b7479f2efee av_one_half  avia-builder-el-9  el_after_av_one_half  el_before_av_one_half  no_margin flex_column_table_cell av-equal-height-column av-align-middle avia-full-stretch  column-top-margin'     ><style type=\"text\/css\" data-created_by=\"avia_inline_auto\" id=\"style-css-av-1w1xl-ba6438708ac63659420fc29a471f1ece\">\n#top .hr.hr-invisible.av-1w1xl-ba6438708ac63659420fc29a471f1ece{\nheight:500px;\n}\n<\/style>\n<div  class='hr av-1w1xl-ba6438708ac63659420fc29a471f1ece hr-invisible  avia-builder-el-10  avia-builder-el-no-sibling'><span class='hr-inner'><span class=\"hr-inner-style\"><\/span><\/span><\/div><\/div><\/div><!--close column table wrapper. Autoclose: 1 --><div class='flex_column_table av-m9tv7vmn-c5b81472920a1ce50890368610812f93 sc-av_one_half av-equal-height-column-flextable'>\n<style type=\"text\/css\" data-created_by=\"avia_inline_auto\" id=\"style-css-av-m9tv7vmn-c5b81472920a1ce50890368610812f93\">\n.flex_column.av-m9tv7vmn-c5b81472920a1ce50890368610812f93{\nborder-radius:20px 0 0 20px;\npadding:30px 30px 30px 30px;\nbackground-color:#ffffff;\n}\n<\/style>\n<div  class='flex_column av-m9tv7vmn-c5b81472920a1ce50890368610812f93 av_one_half  avia-builder-el-11  el_after_av_one_half  el_before_av_one_half  first no_margin flex_column_table_cell av-equal-height-column av-align-middle  column-top-margin'     ><section  class='av_textblock_section av-1lbl9-680b48f83435ac752665d37bb91f0c8c'   itemscope=\"itemscope\" itemtype=\"https:\/\/schema.org\/CreativeWork\" ><div class='avia_textblock'  itemprop=\"text\" ><h3>Longines EEF Series<\/h3>\n<p data-start=\"76\" data-end=\"528\">Im Mai findet in Peelbergen eine Etappe der Longines EEF Series mit dem Longines EEF Series CSIO3* Nations Cup statt. Am selben Wochenende veranstalten wir auch CSI1* und CSIYH1*, um mehr Reitern die M\u00f6glichkeit zu geben, sich in einem Weltklasseumfeld zu messen.<\/p>\n<\/div><\/section><br \/>\n<div  class='avia-button-wrap av-v0d9-f48e1898af83296fa335cf2a3ab204ee-wrap avia-button-left  avia-builder-el-13  el_after_av_textblock  avia-builder-el-last'><a href=''  class='avia-button av-v0d9-f48e1898af83296fa335cf2a3ab204ee av-link-btn avia-icon_select-no avia-size-medium avia-position-left avia-color-theme-color-highlight'  target=\"_blank\"  rel=\"noopener noreferrer\"  aria-label=\"Longines EEF Series\"><span class='avia_iconbox_title' >Longines EEF Series<\/span><\/a><\/div><\/p><\/div>\n<style type=\"text\/css\" data-created_by=\"avia_inline_auto\" id=\"style-css-av-1rtul-28037256863c16de18b515dfb697ac07\">\n.flex_column.av-1rtul-28037256863c16de18b515dfb697ac07{\nborder-radius:0 20px 20px 0;\nbackground:url(https:\/\/www.peelbergen.eu\/wp-content\/uploads\/2025\/06\/1765-NH107975-scaled.jpg) 50% 50% no-repeat scroll ;\n}\n<\/style>\n<div  id=\"ing-marge\"  class='flex_column av-1rtul-28037256863c16de18b515dfb697ac07 av_one_half  avia-builder-el-14  el_after_av_one_half  el_before_av_one_half  no_margin flex_column_table_cell av-equal-height-column av-align-middle avia-full-stretch  column-top-margin'     ><style type=\"text\/css\" data-created_by=\"avia_inline_auto\" id=\"style-css-av-y43h-fc14f17b0832212f57b0b7b8c8e1fd77\">\n#top .hr.hr-invisible.av-y43h-fc14f17b0832212f57b0b7b8c8e1fd77{\nheight:500px;\n}\n<\/style>\n<div  class='hr av-y43h-fc14f17b0832212f57b0b7b8c8e1fd77 hr-invisible  avia-builder-el-15  avia-builder-el-no-sibling'><span class='hr-inner'><span class=\"hr-inner-style\"><\/span><\/span><\/div><\/div><\/div><!--close column table wrapper. Autoclose: 1 --><div class='flex_column_table av-4a58l-c1ed0524d61cd317c20596715d221ca6 sc-av_one_half av-equal-height-column-flextable'>\n<style type=\"text\/css\" data-created_by=\"avia_inline_auto\" id=\"style-css-av-4a58l-c1ed0524d61cd317c20596715d221ca6\">\n.flex_column.av-4a58l-c1ed0524d61cd317c20596715d221ca6{\nborder-radius:20px 0 0 20px;\npadding:30px 30px 30px 30px;\nbackground-color:#ffffff;\n}\n<\/style>\n<div  class='flex_column av-4a58l-c1ed0524d61cd317c20596715d221ca6 av_one_half  avia-builder-el-16  el_after_av_one_half  el_before_av_one_half  first no_margin flex_column_table_cell av-equal-height-column av-align-middle  column-top-margin'     ><section  class='av_textblock_section av-mbm74mw1-32f6f9092357a470e6ac6856a027c1d2'   itemscope=\"itemscope\" itemtype=\"https:\/\/schema.org\/CreativeWork\" ><div class='avia_textblock'  itemprop=\"text\" ><h3>Nationale Ausstellungen<\/h3>\n<p>Peelbergen bietet das ganze Jahr \u00fcber einen vollen Kalender mit nationalen Wettbewerben. Von den regelm\u00e4\u00dfigen KNHS-Turnieren bis hin zu unseren eigenen Peelbergen-Wettbewerben und der beliebten PRO-Tour-Serie ist f\u00fcr jedes Niveau etwas dabei. Die PRO-Touren sind besonders gut besucht und umfassen mehrt\u00e4gige Veranstaltungen, die auf einen 1,40\/1,45 m Grand Prix aufbauen.<\/p>\n<\/div><\/section><br \/>\n<div  class='avia-button-wrap av-mbm8qh9q-9f88ea693f161f40bcec2aed4e1c0a30-wrap avia-button-left  avia-builder-el-18  el_after_av_textblock  avia-builder-el-last'><a href='https:\/\/www.peelbergen.eu\/agenda\/'  class='avia-button av-mbm8qh9q-9f88ea693f161f40bcec2aed4e1c0a30 av-link-btn avia-icon_select-no avia-size-medium avia-position-left avia-color-theme-color-highlight'  target=\"_blank\"  rel=\"noopener noreferrer\"  aria-label=\"\u00dcberpr\u00fcfen Sie die Tagesordnung\"><span class='avia_iconbox_title' >\u00dcberpr\u00fcfen Sie die Tagesordnung<\/span><\/a><\/div><\/p><\/div>\n<style type=\"text\/css\" data-created_by=\"avia_inline_auto\" id=\"style-css-av-mbm75c7h-0c5f482bce56eaed13aa70df5cec9cca\">\n.flex_column.av-mbm75c7h-0c5f482bce56eaed13aa70df5cec9cca{\nborder-radius:0 20px 20px 0;\nbackground:url(https:\/\/www.peelbergen.eu\/wp-content\/uploads\/2025\/06\/1755-NH201383-scaled.jpg) 50% 50% no-repeat scroll ;\n}\n<\/style>\n<div  id=\"ing-marge\"  class='flex_column av-mbm75c7h-0c5f482bce56eaed13aa70df5cec9cca av_one_half  avia-builder-el-19  el_after_av_one_half  el_before_av_one_half  no_margin flex_column_table_cell av-equal-height-column av-align-middle avia-full-stretch  column-top-margin'     ><style type=\"text\/css\" data-created_by=\"avia_inline_auto\" id=\"style-css-av-3x8nl-850b0ae40e707b26ca6d740761d65ddd\">\n#top .hr.hr-invisible.av-3x8nl-850b0ae40e707b26ca6d740761d65ddd{\nheight:500px;\n}\n<\/style>\n<div  class='hr av-3x8nl-850b0ae40e707b26ca6d740761d65ddd hr-invisible  avia-builder-el-20  avia-builder-el-no-sibling'><span class='hr-inner'><span class=\"hr-inner-style\"><\/span><\/span><\/div><\/div><\/div><!--close column table wrapper. Autoclose: 1 --><div class='flex_column_table av-bvmt-2f2aee3237e85bb058274a99ed6dd852 sc-av_one_half av-equal-height-column-flextable'>\n<style type=\"text\/css\" data-created_by=\"avia_inline_auto\" id=\"style-css-av-bvmt-2f2aee3237e85bb058274a99ed6dd852\">\n.flex_column.av-bvmt-2f2aee3237e85bb058274a99ed6dd852{\nborder-radius:20px 0 0 20px;\npadding:30px 30px 30px 30px;\nbackground-color:#ffffff;\n}\n<\/style>\n<div  class='flex_column av-bvmt-2f2aee3237e85bb058274a99ed6dd852 av_one_half  avia-builder-el-21  el_after_av_one_half  el_before_av_one_half  first no_margin flex_column_table_cell av-equal-height-column av-align-middle  column-top-margin'     ><section  class='av_textblock_section av-mbm8pmvp-38c205cfae9b870d93f71327230bbe5e'   itemscope=\"itemscope\" itemtype=\"https:\/\/schema.org\/CreativeWork\" ><div class='avia_textblock'  itemprop=\"text\" ><h3><strong data-start=\"76\" data-end=\"109\">Trainingsshows &amp; Arena-Vermietung<\/strong><\/h3>\n<p>In Peelbergen veranstalten wir regelm\u00e4\u00dfig Trainingsturniere. Mit einer Vielzahl von Innen- und Au\u00dfenpl\u00e4tzen, jeder mit seinem eigenen Aussehen und Gef\u00fchl, profitiert Ihr Pferd vom Kontakt mit verschiedenen Umgebungen. M\u00f6chten Sie an einer Trainingsshow teilnehmen? Pr\u00fcfen Sie die Termine auf <a class=\"\" href=\"https:\/\/entry.equipe.com\" target=\"_new\" rel=\"noopener\" data-start=\"552\" data-end=\"596\">eintrag.equipe.com<\/a>.<br data-start=\"597\" data-end=\"600\" \/>Suchen Sie einen Platz f\u00fcr Ihr eigenes Training? Unsere Sporthallen k\u00f6nnen das ganze Jahr \u00fcber gemietet werden.<\/p>\n<\/div><\/section><br \/>\n<div  class='avia-button-wrap av-mbm8r00m-fd30e5a31cfda6b51ed0a1f89ec4e00e-wrap avia-button-left  avia-builder-el-23  el_after_av_textblock  avia-builder-el-last'><a href='https:\/\/entry.equipe.com\/'  class='avia-button av-mbm8r00m-fd30e5a31cfda6b51ed0a1f89ec4e00e av-link-btn avia-icon_select-no avia-size-medium avia-position-left avia-color-theme-color-highlight'  target=\"_blank\"  rel=\"noopener noreferrer\"  aria-label=\"Auf Equipe eingeben\"><span class='avia_iconbox_title' >Auf Equipe eingeben<\/span><\/a><\/div><\/p><\/div>\n<style type=\"text\/css\" data-created_by=\"avia_inline_auto\" id=\"style-css-av-mbm8s3cg-e7b3520f1e24173da8f2eb34a2bf048e\">\n.flex_column.av-mbm8s3cg-e7b3520f1e24173da8f2eb34a2bf048e{\nborder-radius:0 20px 20px 0;\nbackground:url(https:\/\/www.peelbergen.eu\/wp-content\/uploads\/2025\/06\/20250309-DH-equimoments-Peelbergen-QC-203-scaled.jpg) 50% 50% no-repeat scroll ;\n}\n<\/style>\n<div  id=\"ing-marge\"  class='flex_column av-mbm8s3cg-e7b3520f1e24173da8f2eb34a2bf048e av_one_half  avia-builder-el-24  el_after_av_one_half  el_before_av_one_half  no_margin flex_column_table_cell av-equal-height-column av-align-middle avia-full-stretch  column-top-margin'     ><style type=\"text\/css\" data-created_by=\"avia_inline_auto\" id=\"style-css-av-2s1h5-58867a3e7c45e28b7f1b6bea80398501\">\n#top .hr.hr-invisible.av-2s1h5-58867a3e7c45e28b7f1b6bea80398501{\nheight:500px;\n}\n<\/style>\n<div  class='hr av-2s1h5-58867a3e7c45e28b7f1b6bea80398501 hr-invisible  avia-builder-el-25  avia-builder-el-no-sibling'><span class='hr-inner'><span class=\"hr-inner-style\"><\/span><\/span><\/div><\/div><\/div><!--close column table wrapper. Autoclose: 1 --><div class='flex_column_table av-20owp-f022c7d08584b66e9ece87e9df2988f3 sc-av_one_half av-equal-height-column-flextable'>\n<style type=\"text\/css\" data-created_by=\"avia_inline_auto\" id=\"style-css-av-20owp-f022c7d08584b66e9ece87e9df2988f3\">\n.flex_column.av-20owp-f022c7d08584b66e9ece87e9df2988f3{\nborder-radius:20px 0 0 20px;\npadding:30px 30px 30px 30px;\nbackground-color:#ffffff;\n}\n<\/style>\n<div  class='flex_column av-20owp-f022c7d08584b66e9ece87e9df2988f3 av_one_half  avia-builder-el-26  el_after_av_one_half  el_before_av_one_half  first no_margin flex_column_table_cell av-equal-height-column av-align-middle  column-top-margin'     ><section  class='av_textblock_section av-mbm8t04t-5368cadff88139358ea1cc34ea975271'   itemscope=\"itemscope\" itemtype=\"https:\/\/schema.org\/CreativeWork\" ><div class='avia_textblock'  itemprop=\"text\" ><h3><strong data-start=\"76\" data-end=\"109\">Reitverein Peelbergen<\/strong><\/h3>\n<p>Seit November 2015 hat das Peelbergen Equestrian Centre seinen eigenen Reitverein. Die Mitgliedschaft berechtigt zur Teilnahme an allen Wettbewerben, die im Peelbergen Equestrian Centre stattfinden. Diese Wettbewerbe finden monatlich statt, das Finale des Wettbewerbs wird am Ende der Saison ausgetragen.<\/p>\n<\/div><\/section><br \/>\n<div  class='avia-button-wrap av-5dap-a8cec95a55a28ddf9cdce22fb3476623-wrap avia-button-left  avia-builder-el-28  el_after_av_textblock  avia-builder-el-last'><a href='https:\/\/entry.equipe.com\/'  class='avia-button av-5dap-a8cec95a55a28ddf9cdce22fb3476623 av-link-btn avia-icon_select-no avia-size-medium avia-position-left avia-color-theme-color-highlight'  target=\"_blank\"  rel=\"noopener noreferrer\"  aria-label=\"Auf Equipe eingeben\"><span class='avia_iconbox_title' >Auf Equipe eingeben<\/span><\/a><\/div><\/p><\/div>\n<style type=\"text\/css\" data-created_by=\"avia_inline_auto\" id=\"style-css-av-mbm8sg3p-bfcc3a457b819aae436e2d5baff0675d\">\n.flex_column.av-mbm8sg3p-bfcc3a457b819aae436e2d5baff0675d{\nborder-radius:0 20px 20px 0;\nbackground:url(https:\/\/www.peelbergen.eu\/wp-content\/uploads\/2025\/06\/1687-JUL_3510-scaled.jpg) 50% 50% no-repeat scroll ;\n}\n<\/style>\n<div  id=\"ing-marge\"  class='flex_column av-mbm8sg3p-bfcc3a457b819aae436e2d5baff0675d av_one_half  avia-builder-el-29  el_after_av_one_half  avia-builder-el-last  no_margin flex_column_table_cell av-equal-height-column av-align-middle avia-full-stretch  column-top-margin'     ><style type=\"text\/css\" data-created_by=\"avia_inline_auto\" id=\"style-css-av-11pnd-0b604a5276b25dc9b4c46cba3c178b30\">\n#top .hr.hr-invisible.av-11pnd-0b604a5276b25dc9b4c46cba3c178b30{\nheight:500px;\n}\n<\/style>\n<div  class='hr av-11pnd-0b604a5276b25dc9b4c46cba3c178b30 hr-invisible  avia-builder-el-30  avia-builder-el-no-sibling'><span class='hr-inner'><span class=\"hr-inner-style\"><\/span><\/span><\/div><\/div><\/div><!--close column table wrapper. Autoclose: 1 -->","protected":false},"excerpt":{"rendered":"","protected":false},"author":1,"featured_media":0,"parent":0,"menu_order":12,"comment_status":"closed","ping_status":"closed","template":"","meta":{"_acf_changed":false,"_monsterinsights_skip_tracking":false,"_monsterinsights_sitenote_active":false,"_monsterinsights_sitenote_note":"","_monsterinsights_sitenote_category":0,"_price":"","_stock":"","_tribe_ticket_header":"","_tribe_default_ticket_provider":"","_tribe_ticket_capacity":"0","_ticket_start_date":"","_ticket_end_date":"","_tribe_ticket_show_description":"","_tribe_ticket_show_not_going":false,"_tribe_ticket_use_global_stock":"","_tribe_ticket_global_stock_level":"","_global_stock_mode":"","_global_stock_cap":"","_tribe_rsvp_for_event":"","_tribe_ticket_going_count":"","_tribe_ticket_not_going_count":"","_tribe_tickets_list":"[]","_tribe_ticket_has_attendee_info_fields":false,"footnotes":"","_tec_slr_enabled":"","_tec_slr_layout":""},"class_list":["post-13","page","type-page","status-publish","hentry"],"acf":[],"ticketed":false,"_links":{"self":[{"href":"https:\/\/www.peelbergen.eu\/de\/wp-json\/wp\/v2\/pages\/13","targetHints":{"allow":["GET"]}}],"collection":[{"href":"https:\/\/www.peelbergen.eu\/de\/wp-json\/wp\/v2\/pages"}],"about":[{"href":"https:\/\/www.peelbergen.eu\/de\/wp-json\/wp\/v2\/types\/page"}],"author":[{"embeddable":true,"href":"https:\/\/www.peelbergen.eu\/de\/wp-json\/wp\/v2\/users\/1"}],"replies":[{"embeddable":true,"href":"https:\/\/www.peelbergen.eu\/de\/wp-json\/wp\/v2\/comments?post=13"}],"version-history":[{"count":22,"href":"https:\/\/www.peelbergen.eu\/de\/wp-json\/wp\/v2\/pages\/13\/revisions"}],"predecessor-version":[{"id":32395,"href":"https:\/\/www.peelbergen.eu\/de\/wp-json\/wp\/v2\/pages\/13\/revisions\/32395"}],"wp:attachment":[{"href":"https:\/\/www.peelbergen.eu\/de\/wp-json\/wp\/v2\/media?parent=13"}],"curies":[{"name":"wp","href":"https:\/\/api.w.org\/{rel}","templated":true}]}}